{"id":13127,"date":"2024-11-08T08:23:44","date_gmt":"2024-11-08T08:23:44","guid":{"rendered":"https:\/\/czeczotkabar.pl\/?page_id=13127"},"modified":"2025-11-18T12:34:43","modified_gmt":"2025-11-18T12:34:43","slug":"sylwester","status":"publish","type":"page","link":"https:\/\/czeczotkabar.pl\/index.php\/sylwester\/","title":{"rendered":"Sylwester"},"content":{"rendered":"\n<h1 class=\"wp-block-heading has-text-align-center\">Sylwester 2025\/2026 w Krakowie w restauracji Czeczotka Cocktail Bar &amp; Food<\/h1>\n\n\n\n\t<section id=\"contentboxes-mb-block-11ede924-38e4-4ab5-a44c-2598808002f1\" class=\"section section-contentboxes  alignfull \">\n\n\t\t<div class=\"contentboxes-wrap none\"  >\n\t\t\t\t\t<div class=\"contentboxes-masonry \">\n\n\t\t\t\t<div class=\"grid-sizer-contentboxes\"><\/div>\n\n\t\t\t\t\n\t\t\t\t<div class=\"content-box- contentboxes-image-wrap bg-none half-width square mobile-uncropped    no-vertical-text has-content cb-mobile-content-leave cb-mobile-content-vertical-leave    \"  data-aos=\"fade-up\" data-aos-delay=\"100\"   >\n\n\t\t\t\t\t<div class=\"contentboxes-image-wrap-inner\">\n\n\t\t\t\t\t\n\t\t\t\t\t\t<div class=\"contentboxes-zoom-wrap \">\n\t\t\t\t\t\t\n\t\t\t\t\t\t\n\t\t\t\t\t\t\n\t\t\t\t\t\t\t<div class=\"contentboxes-content-wrap centered-content contentboxes-content-center contentboxes-content-middle\"  >\n\n\t\t\t\t\t\t\t\t\t\t\t\t\t\t\t\t<div class=\"contentboxes-content section-content\">\n\t\t\t\t\t\t\t\t\t\t\t\t\t\t\t\t\t\t\t\t\t\t\t\t\t\t\t\t<div class=\"contentboxes-content-item contentboxes-subtitle subtitle-above use-body-font\"  data-aos=\"fade-down\" data-aos-delay=\"100\"  >Ekskluzywna kolacja z selekcj\u0105 alkoholi<br>Muzyka na \u017cywo!<\/div>\n\t\t\t\t\t\t\t\t\t\t\t\t\t\t\t\t\t\t\t\t\t\t\t\t\t                \t<h2  class=\"contentboxes-content-item contentboxes-title\"  data-aos=\"slide-up\"  >Sylwester 2025\/26<\/h2>\n\t\t\t\t\t\t\t                \t\t\t\t\t\t\t                \t\t\t\t\t\t\t                \t\t\t\t\t\t\t                \t<div class=\"contentboxes-content-item contentboxes-text\"  data-aos=\"fade-right\" data-aos-delay=\"340\"  ><p>Je\u015bli Sylwester w Krakowie, to tylko z widokiem na Rynek G\u0142\u00f3wny!<\/p>\r\n<p>Do\u0142\u0105cz do nas w niezwyk\u0142ym miejscu w sercu Krakowa, gdzie magiczna\r\natmosfera spotyka si\u0119 z wyszukanymi daniami i doskona\u0142ymi napojami.<\/p>\r\n<p>Baw si\u0119 przy d\u017awi\u0119kach muzyki na \u017cywo\r\ni \u015bwi\u0119tuj z nami<br>nadej\u015bcie Nowego Roku w najlepszym stylu!<\/p>\r\n<p>Muzyka w klimacie rock, jazz i soul<br>\r\nGitara i wokal: Paula i Tomek<\/p>\r\n<p>Aperitif &#8211; 19:30<br>Rozpocz\u0119cie kolacji &#8211; 20:00<br>\r\nMuzyka na \u017cywo do 02:00<br>\r\nBar czynny do 3:00<\/p>\r\n<p><strong>Cena: 900 z\u0142 \/ os.<\/strong><br>\r\nObowi\u0105zuje przedp\u0142ata 50%, kt\u00f3rej mo\u017cna dokona\u0107 przelewem,\r\nkart\u0105 lub got\u00f3wk\u0105 na miejscu. Pozosta\u0142a kwota p\u0142atna w dniu kolacji.<\/p><\/div>\n\t\t\t\t\t\t\t                \t\t\t\t\t\t\t                \t\t\t\t\t\t\t                \t<div class=\"contentboxes-content-item contentboxes-button-wrap\">\n\t\t\t\t\t\t\t\t\t\t\t<a href=\"https:\/\/czeczotkabar.pl\/index.php\/kontakt\/\" class=\"contentboxes-button button   \"  data-aos=\"fade-up\" data-aos-delay=\"380\"  >\n\t\t\t\t\t\t\t\t\t\t\tKontakt\t\t\t\t\t\t\t\t\t\t\t<\/a>\n\t\t\t\t\t\t\t\t\t\t<\/div>\n\t\t\t\t\t\t\t                \t\t\t\t\t\t        \t<\/div>\n\t\t\t\t\t\t        \t\n\t\t\t\t\t\t\t\t\t\t\t\t\t\n\t\t\t\t\t\t<\/div>\n\t\t\t\t\t<\/div>\n\t\t\t\t\t<\/div>\n\n\t\t\t\t\t\t   \t \n\t\t\t\t<\/div>\n\t\t\t\t\t\n\t\t\t\n\t\t\t\t<div class=\"content-box-13156 contentboxes-image-wrap bg-image half-width square mobile-square   content-dark no-vertical-text no-content cb-mobile-content-leave cb-mobile-content-vertical-leave    \"  data-aos=\"fade-up\" data-aos-delay=\"200\"   >\n\n\t\t\t\t\t<div class=\"contentboxes-image-wrap-inner\">\n\n\t\t\t\t\t\n\t\t\t\t\t\t<div class=\"contentboxes-zoom-wrap \">\n\t\t\t\t\t\t\n\t\t\t\t\t\t\t\t\t\t\t\t\t<div class=\"contentboxbgimage\" style=\"background-image: url(https:\/\/czeczotkabar.pl\/wp-content\/uploads\/2024\/11\/sylwester003-1155x1600.jpg);\"><\/div> \n\t\t\t\t\t\t\t\t\t\t\t\t<div class=\"contentbox-overlay   gradient-contentboxes-content-middle\" >\n\t\t\t\t\t\t\n\t\t\t\t\t\t\t<div class=\"contentboxes-content-wrap centered-content contentboxes-content-left contentboxes-content-middle\"  >\n\n\t\t\t\t\t\t\t\t\n\t\t\t\t\t\t\t\t\t\t\t\t\t\t<\/div>\n\t\t\t\t\t\t\t\t\t\t\t\t\t\n\t\t\t\t\t\t<\/div>\n\t\t\t\t\t<\/div>\n\t\t\t\t\t<\/div>\n\n\t\t\t\t\t\t   \t \n\t\t\t\t<\/div>\n\t\t\t\t\t\n\t\t\t\t\t\t<\/div>\n\t\t\t\t<\/div>\n\n\t<\/section> \n\n\n\n\n\t<section id=\"contentboxes-mb-block-0a47c5ac-181e-46de-814a-6ab770fe4462\" class=\"section section-contentboxes  alignfull \">\n\n\t\t<div class=\"contentboxes-wrap none\"  >\n\t\t\t\t\t<div class=\"contentboxes-masonry \">\n\n\t\t\t\t<div class=\"grid-sizer-contentboxes\"><\/div>\n\n\t\t\t\t\n\t\t\t\t<div class=\"content-box-13158 contentboxes-image-wrap bg-image quarter-width square mobile-square   content-dark no-vertical-text no-content cb-mobile-content-leave cb-mobile-content-vertical-leave    \"  data-aos=\"fade-up\" data-aos-delay=\"100\"   >\n\n\t\t\t\t\t<div class=\"contentboxes-image-wrap-inner\">\n\n\t\t\t\t\t\n\t\t\t\t\t\t<div class=\"contentboxes-zoom-wrap \">\n\t\t\t\t\t\t\n\t\t\t\t\t\t\t\t\t\t\t\t\t<div class=\"contentboxbgimage\" style=\"background-image: url(https:\/\/czeczotkabar.pl\/wp-content\/uploads\/2024\/11\/sylwester005-1155x1600.jpg);\"><\/div> \n\t\t\t\t\t\t\t\t\t\t\t\t<div class=\"contentbox-overlay   gradient-contentboxes-content-middle\" >\n\t\t\t\t\t\t\n\t\t\t\t\t\t\t<div class=\"contentboxes-content-wrap centered-content contentboxes-content-left contentboxes-content-middle\"  >\n\n\t\t\t\t\t\t\t\t\n\t\t\t\t\t\t\t\t\t\t\t\t\t\t<\/div>\n\t\t\t\t\t\t\t\t\t\t\t\t\t\n\t\t\t\t\t\t<\/div>\n\t\t\t\t\t<\/div>\n\t\t\t\t\t<\/div>\n\n\t\t\t\t\t\t   \t \n\t\t\t\t<\/div>\n\t\t\t\t\t\n\t\t\t\n\t\t\t\t<div class=\"content-box-13164 contentboxes-image-wrap bg-image quarter-width one-and-a-half-height mobile-uncropped    no-vertical-text no-content cb-mobile-content-leave cb-mobile-content-vertical-leave    \"  data-aos=\"fade-up\" data-aos-delay=\"200\"   >\n\n\t\t\t\t\t<div class=\"contentboxes-image-wrap-inner\">\n\n\t\t\t\t\t\n\t\t\t\t\t\t<div class=\"contentboxes-zoom-wrap \">\n\t\t\t\t\t\t\n\t\t\t\t\t\t\t\t\t\t\t\t\t<div class=\"contentboxbgimage\" style=\"background-image: url(https:\/\/czeczotkabar.pl\/wp-content\/uploads\/2024\/11\/sylwester011.jpg);\"><\/div> \n\t\t\t\t\t\t\t\t\t\t\t\t<div class=\"contentbox-overlay   gradient-contentboxes-content-middle\" >\n\t\t\t\t\t\t\n\t\t\t\t\t\t\t<div class=\"contentboxes-content-wrap centered-content  contentboxes-content-middle\"  >\n\n\t\t\t\t\t\t\t\t\n\t\t\t\t\t\t\t\t\t\t\t\t\t\t<\/div>\n\t\t\t\t\t\t\t\t\t\t\t\t\t\n\t\t\t\t\t\t<\/div>\n\t\t\t\t\t<\/div>\n\t\t\t\t\t<\/div>\n\n\t\t\t\t\t\t   \t \n\t\t\t\t<\/div>\n\t\t\t\t\t\n\t\t\t\n\t\t\t\t<div class=\"content-box- contentboxes-image-wrap bg-none half-width square mobile-uncropped    no-vertical-text has-content cb-mobile-content-leave cb-mobile-content-vertical-leave    \"  data-aos=\"fade-up\" data-aos-delay=\"300\"   >\n\n\t\t\t\t\t<div class=\"contentboxes-image-wrap-inner\">\n\n\t\t\t\t\t\n\t\t\t\t\t\t<div class=\"contentboxes-zoom-wrap \">\n\t\t\t\t\t\t\n\t\t\t\t\t\t\n\t\t\t\t\t\t\n\t\t\t\t\t\t\t<div class=\"contentboxes-content-wrap centered-content contentboxes-content-center contentboxes-content-middle\"  >\n\n\t\t\t\t\t\t\t\t\t\t\t\t\t\t\t\t<div class=\"contentboxes-content section-content\">\n\t\t\t\t\t\t\t\t\t\t\t\t\t\t\t\t\t\t\t\t\t\t\t\t\t\t\t\t<div class=\"contentboxes-content-item contentboxes-subtitle subtitle-above use-body-font\"  data-aos=\"fade-down\" data-aos-delay=\"100\"  >Przygotowa\u0142 Szef Kuchni<br>Tomasz Chom\u00f3w<\/div>\n\t\t\t\t\t\t\t\t\t\t\t\t\t\t\t\t\t\t\t\t\t\t\t\t\t                \t<h2  class=\"contentboxes-content-item contentboxes-title\"  data-aos=\"slide-up\"  >Menu<\/h2>\n\t\t\t\t\t\t\t                \t\t\t\t\t\t\t                \t\t\t\t\t\t\t                \t\t\t\t\t\t\t                \t<div class=\"contentboxes-content-item contentboxes-text\"  data-aos=\"fade-right\" data-aos-delay=\"340\"  ><p>Amuse Bouche<p>\r\n<p>Carpaccio z Wagyu Rostbef Kagoshima A5, pieczywo rzemie\u015blnicze<\/p>\r\n<p>Foie gras na brioche z konfitur\u0105 z jab\u0142ka<\/p>\r\n<p>W\u0119dzony turbot z ziemniakami patatas bravas i kawiorem<\/p>\r\n<p>Australijska pol\u0119dwica wo\u0142owa z selerem i trufl\u0105,\r\npodana na medium<\/p>\r\n<p>Tarta Tatin z kajmakiem i lodami akacjowymi<\/p>\r\n<p>Po kolacji b\u0119d\u0105 serwowane antipasti<\/p>\r\n<h3>Napoje<\/h4>\r\n<p><strong>Aperitif<\/strong><br>rozgrzewaj\u0105cy koktajl Pink Wine<\/p>\r\n<p><strong>Do kolacji<\/strong><br>\r\ntrzy kieliszki lub trzy koktajle z naszego menu<\/p>\r\n<p>Pozosta\u0142e napoje mo\u017cna zam\u00f3wi\u0107 z menu\r\nspecjalnie przygotowanego na ten wiecz\u00f3r<\/p>\r\n<p><strong>Powitanie Nowego Roku<\/strong><br>\r\nChampagne Gosset Brut 125 ml<\/p>\r\n<p>Woda Anton 0,7 l \/ os.<br>\r\nKawa, herbata<\/p><\/p><\/p><\/div>\n\t\t\t\t\t\t\t                \t\t\t\t\t\t\t                \t\t\t\t\t\t        \t<\/div>\n\t\t\t\t\t\t        \t\n\t\t\t\t\t\t\t\t\t\t\t\t\t\n\t\t\t\t\t\t<\/div>\n\t\t\t\t\t<\/div>\n\t\t\t\t\t<\/div>\n\n\t\t\t\t\t\t   \t \n\t\t\t\t<\/div>\n\t\t\t\t\t\n\t\t\t\n\t\t\t\t<div class=\"content-box-13170 contentboxes-image-wrap bg-image quarter-width one-and-a-half-height mobile-uncropped    no-vertical-text no-content cb-mobile-content-leave cb-mobile-content-vertical-leave    \"  data-aos=\"fade-up\" data-aos-delay=\"400\"   >\n\n\t\t\t\t\t<div class=\"contentboxes-image-wrap-inner\">\n\n\t\t\t\t\t\n\t\t\t\t\t\t<div class=\"contentboxes-zoom-wrap \">\n\t\t\t\t\t\t\n\t\t\t\t\t\t\t\t\t\t\t\t\t<div class=\"contentboxbgimage\" style=\"background-image: url(https:\/\/czeczotkabar.pl\/wp-content\/uploads\/2024\/11\/sylwester017.jpg);\"><\/div> \n\t\t\t\t\t\t\t\t\t\t\t\t<div class=\"contentbox-overlay   gradient-contentboxes-content-middle\" >\n\t\t\t\t\t\t\n\t\t\t\t\t\t\t<div class=\"contentboxes-content-wrap centered-content  contentboxes-content-middle\"  >\n\n\t\t\t\t\t\t\t\t\n\t\t\t\t\t\t\t\t\t\t\t\t\t\t<\/div>\n\t\t\t\t\t\t\t\t\t\t\t\t\t\n\t\t\t\t\t\t<\/div>\n\t\t\t\t\t<\/div>\n\t\t\t\t\t<\/div>\n\n\t\t\t\t\t\t   \t \n\t\t\t\t<\/div>\n\t\t\t\t\t\n\t\t\t\n\t\t\t\t<div class=\"content-box-13167 contentboxes-image-wrap bg-image quarter-width square mobile-uncropped    no-vertical-text no-content cb-mobile-content-leave cb-mobile-content-vertical-leave    \"  data-aos=\"fade-up\" data-aos-delay=\"500\"   >\n\n\t\t\t\t\t<div class=\"contentboxes-image-wrap-inner\">\n\n\t\t\t\t\t\n\t\t\t\t\t\t<div class=\"contentboxes-zoom-wrap \">\n\t\t\t\t\t\t\n\t\t\t\t\t\t\t\t\t\t\t\t\t<div class=\"contentboxbgimage\" style=\"background-image: url(https:\/\/czeczotkabar.pl\/wp-content\/uploads\/2024\/11\/sylwester014-1155x1600.jpg);\"><\/div> \n\t\t\t\t\t\t\t\t\t\t\t\t<div class=\"contentbox-overlay   gradient-contentboxes-content-middle\" >\n\t\t\t\t\t\t\n\t\t\t\t\t\t\t<div class=\"contentboxes-content-wrap centered-content  contentboxes-content-middle\"  >\n\n\t\t\t\t\t\t\t\t\n\t\t\t\t\t\t\t\t\t\t\t\t\t\t<\/div>\n\t\t\t\t\t\t\t\t\t\t\t\t\t\n\t\t\t\t\t\t<\/div>\n\t\t\t\t\t<\/div>\n\t\t\t\t\t<\/div>\n\n\t\t\t\t\t\t   \t \n\t\t\t\t<\/div>\n\t\t\t\t\t\n\t\t\t\t\t\t<\/div>\n\t\t\t\t<\/div>\n\n\t<\/section> \n\n\n\n\n<p><\/p>\n\n\n\n<p>Sylwester w samym sercu Krakowa w restauracji Czeczotka to wyj\u0105tkowe prze\u017cycie, kt\u00f3re trudno por\u00f3wna\u0107 z czymkolwiek innym. Wiecz\u00f3r wype\u0142nia muzyka na \u017cywo w klimacie rocka, jazzu i soulu, kt\u00f3ra sprawia, \u017ce \u015bwi\u0119towanie Nowego Roku 2026 w Krakowie w gronie przyjaci\u00f3\u0142 i rodziny nabiera niepowtarzalnego charakteru. Wn\u0119trze historycznego Pa\u0142acu Czeczotka wype\u0142ni si\u0119 ciep\u0142ym \u015bwiat\u0142em, zapachem wy\u015bmienitych potraw i d\u017awi\u0119kami, kt\u00f3re tworz\u0105 atmosfer\u0119 swobodnej, a jednocze\u015bnie eleganckiej celebracji. Przy barze czekaj\u0105 autorskie koktajle, kt\u00f3re pobudzaj\u0105 zmys\u0142y i idealnie wpisuj\u0105 si\u0119 w nastr\u00f3j nocy, gdy miasto t\u0119tni \u017cyciem, a Rynek G\u0142\u00f3wny b\u0142yszczy tysi\u0105cem \u015bwiate\u0142. Czeczotka Cocktail Bar &amp; Food to miejsce, w kt\u00f3rym mo\u017cna zapomnie\u0107 o po\u015bpiechu i w pe\u0142ni poczu\u0107 rado\u015b\u0107 powitania Nowego Roku.<\/p>\n\n\n\n<div id=\"ez-toc-container\" class=\"ez-toc-v2_0_82_2 counter-hierarchy ez-toc-counter ez-toc-black ez-toc-container-direction\">\n<div class=\"ez-toc-title-container\">\n<p class=\"ez-toc-title\" style=\"cursor:inherit\">Spis tre\u015bci<\/p>\n<span class=\"ez-toc-title-toggle\"><a href=\"#\" class=\"ez-toc-pull-right ez-toc-btn ez-toc-btn-xs ez-toc-btn-default ez-toc-toggle\" aria-label=\"Prze\u0142\u0105cznik Spisu Tre\u015bci\"><span class=\"ez-toc-js-icon-con\"><span class=\"\"><span class=\"eztoc-hide\" style=\"display:none;\">Toggle<\/span><span class=\"ez-toc-icon-toggle-span\"><svg style=\"fill: #999;color:#999\" xmlns=\"http:\/\/www.w3.org\/2000\/svg\" class=\"list-377408\" width=\"20px\" height=\"20px\" viewBox=\"0 0 24 24\" fill=\"none\"><path d=\"M6 6H4v2h2V6zm14 0H8v2h12V6zM4 11h2v2H4v-2zm16 0H8v2h12v-2zM4 16h2v2H4v-2zm16 0H8v2h12v-2z\" fill=\"currentColor\"><\/path><\/svg><svg style=\"fill: #999;color:#999\" class=\"arrow-unsorted-368013\" xmlns=\"http:\/\/www.w3.org\/2000\/svg\" width=\"10px\" height=\"10px\" viewBox=\"0 0 24 24\" version=\"1.2\" baseProfile=\"tiny\"><path d=\"M18.2 9.3l-6.2-6.3-6.2 6.3c-.2.2-.3.4-.3.7s.1.5.3.7c.2.2.4.3.7.3h11c.3 0 .5-.1.7-.3.2-.2.3-.5.3-.7s-.1-.5-.3-.7zM5.8 14.7l6.2 6.3 6.2-6.3c.2-.2.3-.5.3-.7s-.1-.5-.3-.7c-.2-.2-.4-.3-.7-.3h-11c-.3 0-.5.1-.7.3-.2.2-.3.5-.3.7s.1.5.3.7z\"\/><\/svg><\/span><\/span><\/span><\/a><\/span><\/div>\n<nav><ul class='ez-toc-list ez-toc-list-level-1 eztoc-toggle-hide-by-default' ><li class='ez-toc-page-1 ez-toc-heading-level-2'><a class=\"ez-toc-link ez-toc-heading-1\" href=\"https:\/\/czeczotkabar.pl\/index.php\/sylwester\/#Czym_wzniesiesz_toast_podczas_kolacji_sylwestrowej_w_Krakowie_w_restauracji_Czeczotka_Cocktail_Bar_Food\" >Czym wzniesiesz toast podczas kolacji sylwestrowej w Krakowie w restauracji Czeczotka Cocktail Bar &amp; Food?<\/a><\/li><li class='ez-toc-page-1 ez-toc-heading-level-2'><a class=\"ez-toc-link ez-toc-heading-2\" href=\"https:\/\/czeczotkabar.pl\/index.php\/sylwester\/#Komu_spodoba_sie_Sylwester_w_centrum_Krakowa_w_Czeczotka_Cocktail_Bar_Food\" >Komu spodoba si\u0119 Sylwester w centrum Krakowa w Czeczotka Cocktail Bar &amp; Food?<\/a><\/li><li class='ez-toc-page-1 ez-toc-heading-level-2'><a class=\"ez-toc-link ez-toc-heading-3\" href=\"https:\/\/czeczotkabar.pl\/index.php\/sylwester\/#Jak_zarezerwowac_miejsce_na_Sylwestra_20252026_w_Czeczotka_Cocktail_Bar_Food_w_Krakowie\" >Jak zarezerwowa\u0107 miejsce na Sylwestra 2025\/2026 w Czeczotka Cocktail Bar &amp; Food w Krakowie?<\/a><\/li><li class='ez-toc-page-1 ez-toc-heading-level-2'><a class=\"ez-toc-link ez-toc-heading-4\" href=\"https:\/\/czeczotkabar.pl\/index.php\/sylwester\/#Lokalizacja_Czeczotka_Cocktail_Bar_Food_%E2%80%93_sylwestrowa_noc_w_centrum_Krakowa\" >Lokalizacja Czeczotka Cocktail Bar &amp; Food \u2013 sylwestrowa noc w centrum Krakowa<\/a><\/li><\/ul><\/nav><\/div>\n\n\n\n\n<h2 class=\"wp-block-heading\">Dlaczego warto przywita\u0107 Nowy Rok w restauracji w Krakowie Czeczotka Cocktail Bar &amp; Food?<\/h2>\n\n\n\n<p>Noc sylwestrowa w centrum Krakowa ma w sobie magnetyzm, kt\u00f3ry trudno uchwyci\u0107 s\u0142owami, ale da si\u0119 go poczu\u0107 od pierwszego kroku w Czeczotka Cocktail Bar &amp; Food.<\/p>\n\n\n\n<ul class=\"wp-block-list\">\n<li>Wn\u0119trze zachwyca kameraln\u0105 elegancj\u0105, a lokalizacja tu\u017c przy Rynku G\u0142\u00f3wnym sprawia, \u017ce celebracja zyskuje wyj\u0105tkowy, niemal magiczny charakter.&nbsp;<\/li>\n\n\n\n<li>Go\u015bcie mog\u0105 liczy\u0107 na szeroki wyb\u00f3r autorskich koktajli i precyzyjnie dobran\u0105 selekcj\u0119 <a href=\"https:\/\/czeczotkabar.pl\/index.php\/wine-bar\/\">win<\/a>. Ka\u017cdy drink powstaje z dba\u0142o\u015bci\u0105 o detal, aby podkre\u015bli\u0107 wag\u0119 wieczoru.<\/li>\n\n\n\n<li>Kolacja bazuje na sk\u0142adnikach klasy premium, takich jak kawior, sezonowana wo\u0142owina czy trufle. Dlatego powitanie Nowego Roku w restauracji w Krakowie staje si\u0119 kulinarnym prze\u017cyciem na najwy\u017cszym poziomie.<\/li>\n\n\n\n<li>Wiecz\u00f3r dope\u0142nia <a href=\"https:\/\/czeczotkabar.pl\/index.php\/live-music\/\">muzyka na \u017cywo<\/a> w klimatach rocka, jazzu i soulu, kt\u00f3ra tworzy atmosfer\u0119 sprzyjaj\u0105c\u0105 celebracji i \u015bwi\u0119towania w gronie bliskich.<\/li>\n<\/ul>\n\n\n\n<p class=\"has-text-align-center\"><mark style=\"background-color:rgba(0, 0, 0, 0)\" class=\"has-inline-color has-luminous-vivid-amber-color\"><strong>Marzysz o sylwestrowej nocy pe\u0142nej elegancji, muzyki i wy\u015bmienitych smak\u00f3w?<br><a href=\"https:\/\/czeczotkabar.pl\/index.php\/kontakt\/\">Zarezerwuj<\/a> stolik w Czeczotka Cocktail Bar &amp; Food, zanim miejsca si\u0119 sko\u0144cz\u0105.<\/strong><\/mark><\/p>\n\n\n\n<h2 class=\"wp-block-heading\">Jakie atrakcje czekaj\u0105 na go\u015bci podczas Sylwestra 2025 w restauracji przy Rynku?&nbsp;<\/h2>\n\n\n\n<p>Sylwester 2025\/2026 w samym sercu Krakowa, w Czeczotka Cocktail Bar &amp; Food, to propozycja dla os\u00f3b, kt\u00f3re w t\u0119 noc szukaj\u0105 czego\u015b wi\u0119cej ni\u017c g\u0142o\u015bnego balu i przypadkowych atrakcji. Na naszych go\u015bci czeka wyj\u0105tkowa, starannie zaplanowana oprawa muzyczna na \u017cywo. <strong>W zabytkowych murach tu\u017c przy Rynku G\u0142\u00f3wnym rozbrzmi\u0105 subtelne brzmienia jazzu, energetyczny rock i ciep\u0142e nuty soulu, tworz\u0105c atmosfer\u0119, kt\u00f3ra naturalnie zaprasza do ta\u0144ca<\/strong>. D\u017awi\u0119ki wype\u0142ni\u0105 wn\u0119trze i sprawi\u0105, \u017ce toast w chwili wybicia p\u00f3\u0142nocy nabierze szczeg\u00f3lnego, od\u015bwi\u0119tnego charakteru.<\/p>\n\n\n\n<p>Bar b\u0119dzie t\u0119tni\u0142 \u017cyciem, a barmani zadbaj\u0105 o to, by ka\u017cdy koktajl zachwyca\u0142 zar\u00f3wno smakiem, jak i podaniem. Sch\u0142odzony szampan pojawi si\u0119 w srebrnych wiaderkach z lodem, a rozmowy przy stolikach b\u0119d\u0105 miesza\u0107 si\u0119 z d\u017awi\u0119kiem saksofonu i swobodnym \u015bmiechem go\u015bci.<\/p>\n\n\n\n<h2 class=\"wp-block-heading\">Menu sylwestrowe w Czeczotka Cocktail Bar &amp; Food. Wyj\u0105tkowe smaki na t\u0119 jedyn\u0105 noc<\/h2>\n\n\n\n<p>W Czeczotka Cocktail Bar &amp; Food Sylwester nabiera prawdziwie kulinarnego wymiaru. Co roku przygotowujemy specjalne menu degustacyjne, tworzone wy\u0142\u0105cznie na t\u0119 wyj\u0105tkow\u0105 noc. To starannie zaplanowana podr\u00f3\u017c po smakach, teksturach i aromatach, kt\u00f3ra sprawi, \u017ce ten wiecz\u00f3r na d\u0142ugo pozostanie w pami\u0119ci.&nbsp;<\/p>\n\n\n\n<h3 class=\"wp-block-heading\">Zdaniem eksperta&nbsp;<\/h3>\n\n\n\n<p><strong>Podczas sylwestra w naszej restauracji serwujemy potrawy przygotowane z produkt\u00f3w premium, takich jak <\/strong><a href=\"https:\/\/czeczotkabar.pl\/index.php\/kawior\/\"><strong>kawior<\/strong><\/a><strong>,<\/strong><a href=\"https:\/\/czeczotkabar.pl\/index.php\/wolowina-wagyu\/\"><strong>wo\u0142owina Wagyu<\/strong><\/a><strong> czy kompozycje z dodatkiem aromatycznych<\/strong><a href=\"https:\/\/czeczotkabar.pl\/index.php\/dania-trufle\/\"><strong>trufli<\/strong><\/a><strong>, kt\u00f3re zachwyc\u0105 nawet najbardziej wymagaj\u0105ce podniebienia.<\/strong> Dope\u0142nieniem s\u0105 autorskie koktajle i starannie dobrane wina podkre\u015blaj\u0105ce charakter ka\u017cdego etapu sylwestrowego wieczoru &#8211; wyja\u015bnia ekspert z czeczotkabar.pl&nbsp;<\/p>\n\n\n\n<h2 class=\"wp-block-heading\"><span class=\"ez-toc-section\" id=\"Czym_wzniesiesz_toast_podczas_kolacji_sylwestrowej_w_Krakowie_w_restauracji_Czeczotka_Cocktail_Bar_Food\"><\/span>Czym wzniesiesz toast podczas kolacji sylwestrowej w Krakowie w restauracji Czeczotka Cocktail Bar &amp; Food?<span class=\"ez-toc-section-end\"><\/span><\/h2>\n\n\n\n<p>Sylwestrowa noc w Czeczotka Cocktail Bar &amp; Food to celebracja smaku w najbardziej wyrafinowanej formie. W naszym <a href=\"https:\/\/czeczotkabar.pl\/index.php\/cocktail-bar\/\">CocktailBarze<\/a> barmani przygotowuj\u0105 autorskie koktajle, kt\u00f3re podkre\u015blaj\u0105 wyj\u0105tkowo\u015b\u0107 tej jednej nocy w roku.<strong> W\u015br\u00f3d nich znajdziesz zar\u00f3wno wyraziste kompozycje dla mi\u0142o\u015bnik\u00f3w g\u0142\u0119bszych aromat\u00f3w, jak i lekkie, \u015bwie\u017ce propozycje idealne na rozpocz\u0119cie nowego roku z klas\u0105<\/strong>. Karta alkoholi obejmuje r\u00f3wnie\u017c bogat\u0105 selekcj\u0119 win premium oraz mocniejsze trunki, kt\u00f3re podkre\u015blaj\u0105 uroczysty charakter wieczoru.<\/p>\n\n\n\n<h2 class=\"wp-block-heading\"><span class=\"ez-toc-section\" id=\"Komu_spodoba_sie_Sylwester_w_centrum_Krakowa_w_Czeczotka_Cocktail_Bar_Food\"><\/span>Komu spodoba si\u0119 Sylwester w centrum Krakowa w Czeczotka Cocktail Bar &amp; Food?<span class=\"ez-toc-section-end\"><\/span><\/h2>\n\n\n\n<p>Sylwester w naszej restauracji w Krakowie \u0142\u0105czy ludzi: przy stole, przy barze, przy d\u017awi\u0119kach rocka, jazzu i soulu. Powitanie Nowego Roku 2026 w Czeczotka Cocktail Bar &amp; Food to idealna propozycja dla par ceni\u0105cych elegancj\u0119 i wyj\u0105tkow\u0105 opraw\u0119 oraz dla grup przyjaci\u00f3\u0142, kt\u00f3re wol\u0105 celebrowa\u0107 ten wiecz\u00f3r przy winie i degustacyjnym menu w otoczeniu historycznej architektury Starego Miasta.<\/p>\n\n\n\n<p>Sylwester w krakowskiej restauracji Czeczotka przyci\u0105ga tak\u017ce turyst\u00f3w, kt\u00f3rzy chc\u0105 poczu\u0107 autentyczny klimat miasta. Blisko\u015b\u0107 Rynku, nastrojowa muzyka i \u015bwiatowej klasy koktajle tworz\u0105 atmosfer\u0119, jakiej trudno do\u015bwiadczy\u0107 gdzie indziej.&nbsp;<\/p>\n\n\n\n<h2 class=\"wp-block-heading\"><span class=\"ez-toc-section\" id=\"Jak_zarezerwowac_miejsce_na_Sylwestra_20252026_w_Czeczotka_Cocktail_Bar_Food_w_Krakowie\"><\/span>Jak zarezerwowa\u0107 miejsce na Sylwestra 2025\/2026 w Czeczotka Cocktail Bar &amp; Food w Krakowie?<span class=\"ez-toc-section-end\"><\/span><\/h2>\n\n\n\n<p>Sylwester w Czeczotka Cocktail Bar &amp; Food cieszy si\u0119 du\u017cym zainteresowaniem, dlatego warto zarezerwowa\u0107 stolik z wyprzedzeniem. Rezerwacje przyjmujemy mailowo pod adresem <strong>bar@palacczeczotka.pl<\/strong> oraz telefonicznie pod numerem <strong>+48 605 821 131<\/strong>.<\/p>\n\n\n\n<p><strong>Potwierdzeniem rezerwacji jest przedp\u0142ata w wysoko\u015bci 50%,<\/strong> kt\u00f3r\u0105 mo\u017cna wygodnie op\u0142aci\u0107 przelewem, kart\u0105 lub got\u00f3wk\u0105 na miejscu. Pozosta\u0142\u0105 cz\u0119\u015b\u0107 kwoty uregulujesz w dniu kolacji.<\/p>\n\n\n\n<h2 class=\"wp-block-heading\"><span class=\"ez-toc-section\" id=\"Lokalizacja_Czeczotka_Cocktail_Bar_Food_%E2%80%93_sylwestrowa_noc_w_centrum_Krakowa\"><\/span>Lokalizacja Czeczotka Cocktail Bar &amp; Food \u2013 sylwestrowa noc w centrum Krakowa<span class=\"ez-toc-section-end\"><\/span><\/h2>\n\n\n\n<p>Czeczotka Cocktail Bar &amp; Food mie\u015bci si\u0119 <strong>tu\u017c przy Rynku G\u0142\u00f3wnym, w zabytkowym Pa\u0142acu Czeczotka na rogu \u015bw. Anny i Wi\u015blnej.<\/strong> Z okien wida\u0107 Sukiennice i Bazylik\u0119 Mariack\u0105, a wyj\u0105tkowy klimat Starego Miasta tworzy idealn\u0105 sceneri\u0119 dla sylwestrowej nocy. Lokalizacja pozwala zanurzy\u0107 si\u0119 w gwarze Rynku, zobaczy\u0107 iluminacje, zrobi\u0107 spacer, a potem wr\u00f3ci\u0107 do eleganckiego wn\u0119trza, gdzie czeka stolik i autorski koktajl. W pobli\u017cu znajduj\u0105 si\u0119 najlepsze hotele, postoje taks\u00f3wek i przystanki komunikacji miejskiej, dzi\u0119ki czemu dojazd i powr\u00f3t s\u0105 wyj\u0105tkowo wygodne.<\/p>\n\n\n\n<p><\/p>\n","protected":false},"excerpt":{"rendered":"Sylwester 2025\/2026 w Krakowie w restauracji Czeczotka Cocktail Bar &amp; Food Sylwester w samym sercu Krakowa","protected":false},"author":1,"featured_media":0,"parent":0,"menu_order":34,"comment_status":"closed","ping_status":"closed","template":"","meta":{"footnotes":""},"class_list":["post-13127","page","type-page","status-publish","hentry"],"_links":{"self":[{"href":"https:\/\/czeczotkabar.pl\/index.php\/wp-json\/wp\/v2\/pages\/13127","targetHints":{"allow":["GET"]}}],"collection":[{"href":"https:\/\/czeczotkabar.pl\/index.php\/wp-json\/wp\/v2\/pages"}],"about":[{"href":"https:\/\/czeczotkabar.pl\/index.php\/wp-json\/wp\/v2\/types\/page"}],"author":[{"embeddable":true,"href":"https:\/\/czeczotkabar.pl\/index.php\/wp-json\/wp\/v2\/users\/1"}],"replies":[{"embeddable":true,"href":"https:\/\/czeczotkabar.pl\/index.php\/wp-json\/wp\/v2\/comments?post=13127"}],"version-history":[{"count":19,"href":"https:\/\/czeczotkabar.pl\/index.php\/wp-json\/wp\/v2\/pages\/13127\/revisions"}],"predecessor-version":[{"id":18319,"href":"https:\/\/czeczotkabar.pl\/index.php\/wp-json\/wp\/v2\/pages\/13127\/revisions\/18319"}],"wp:attachment":[{"href":"https:\/\/czeczotkabar.pl\/index.php\/wp-json\/wp\/v2\/media?parent=13127"}],"curies":[{"name":"wp","href":"https:\/\/api.w.org\/{rel}","templated":true}]}}