{"id":16917,"date":"2025-02-23T16:08:34","date_gmt":"2025-02-23T16:08:34","guid":{"rendered":"https:\/\/czeczotkabar.pl\/?page_id=16917"},"modified":"2025-02-26T16:30:50","modified_gmt":"2025-02-26T16:30:50","slug":"inwestycje","status":"publish","type":"page","link":"https:\/\/czeczotkabar.pl\/index.php\/inwestycje\/","title":{"rendered":"Inwestycje"},"content":{"rendered":"\n<p>Sp\u00f3\u0142ka Polskie Manufaktury Gastronomiczne podpisa\u0142a z Rzeszowsk\u0105 Agencj\u0105 Rozwoju Regionalnego S.A. Umow\u0119 nr KPOD.01.03-IW.01-6273\/24-00 o dofinasowanie projektu w ramach Krajowego Planu Odbudowy i Zwi\u0119kszania Odporno\u015bci (planu rozwojowego), pn.:<\/p>\n\n\n\n<h2 class=\"wp-block-heading\">Rozw\u00f3j Pa\u0142acu Czeczotka w Krakowie w kierunku wprowadzenia nowych us\u0142ug gastronomicznych<\/h2>\n\n\n\n<p>Cel projektu: Dywersyfikacja dzia\u0142alno\u015bci Sp\u00f3\u0142ki Polskie Manufaktury Gastronomiczne jako wprowadzenia us\u0142ugi cateringowej, w kierunku cateringu \u201ehistorycznego\u201d oraz realizacji w historycznym Pa\u0142acu Czeczotka innowacyjnej us\u0142ugi zwi\u0105zanej z gastronomi\u0105 \u201ehistoryczn\u0105\u201d wspomagan\u0105 koncepcj\u0105 tzw. gastro entertainment.<\/p>\n\n\n\n<p>Cel projektu wpisuje si\u0119 bezpo\u015brednio w cel danego dzia\u0142ania KPO, jakim jest rozszerzenie lub dywersyfikacja dzia\u0142alno\u015bci prowadzonej przez mikroprzedsi\u0119biorstwa, ma\u0142e i \u015brednie przedsi\u0119biorstwa w sektorach hotelarstwo, gastronomia (HoReCa), turystyka lub kultura poprzez:<\/p>\n\n\n\n<ol class=\"wp-block-list\">\n<li>inwestycje w baz\u0119 us\u0142ugow\u0105 lub produkcyjn\u0105 oraz<\/li>\n\n\n\n<li>podnoszenie kwalifikacji pracownik\u00f3w.<\/li>\n<\/ol>\n\n\n\n<p>Grupy docelowe: firmy organizuj\u0105ce imprezy plenerowe, jednostki samorz\u0105dowe, NGOs, mieszka\u0144cy Krakowa, tury\u015bci<\/p>\n\n\n\n<p>Dzia\u0142ania realizowane w ramach projektu:<\/p>\n\n\n\n<ul class=\"wp-block-list\">\n<li>zakup \u015brodk\u00f3w trwa\u0142ych oraz WNiP w celu realizacji projektu<\/li>\n\n\n\n<li>\u015bwiadczenie us\u0142ugi cateringu \u201ehistorycznego\u201d oraz gastronomii \u201ehistorycznej\u201d wspomaganej koncepcj\u0105 tzw. gastro entertaiment, w ramach kt\u00f3rych realizowane b\u0119d\u0105:\n<ul class=\"wp-block-list\">\n<li>Degustacja da\u0144 nawi\u0105zuj\u0105cych do epoki E. Czeczotki.<\/li>\n\n\n\n<li>Wirtualny pokaz z wykorzystaniem techniki mappingu 3D wraz z podk\u0142adem muzycznym i mo\u017cliwo\u015bci\u0105 interakcji z u\u017cytkownikami.<\/li>\n\n\n\n<li>Koncerty muzyczne na \u017cywo nawi\u0105zuj\u0105ce do specyfiki historycznego Krakowa i pokazy stroj\u00f3w i obyczaj\u00f3w z epoki.<\/li>\n<\/ul>\n<\/li>\n<\/ul>\n\n\n\n<p>Efekty efekty\/produkty\/us\u0142ugi\/korzy\u015bci projektu:<\/p>\n\n\n\n<ul class=\"wp-block-list\">\n<li>zwi\u0119kszenie odporno\u015bci Sp\u00f3\u0142ki na ew. sytuacje kryzysowe<\/li>\n\n\n\n<li>pozyskanie szerszej grupy klient\u00f3w<\/li>\n\n\n\n<li>rozw\u00f3j sp\u00f3\u0142ki i zaanga\u017cowanie w nowe obszary dzia\u0142ania<\/li>\n\n\n\n<li>podniesienie kwalifikacji personelu<\/li>\n<\/ul>\n\n\n\n<p>Warto\u015b\u0107 projektu: 563.249,68 PLN<\/p>\n\n\n\n<p>Udzia\u0142 Unii Europejskiej: 506.924,72 PLN<\/p>\n\n\n\n<p>PROJEKT WSP\u00d3\u0141FINANSOWANY PRZEZ UNI\u0118 EUROPEJSK\u0104 Z FUNDUSZY EUROPEJSKICH DLA DOLNEGO \u015aL\u0104SKA<\/p>\n\n\n\n<div style=\"height:100px\" aria-hidden=\"true\" class=\"wp-block-spacer\"><\/div>\n\n\n\n\t<section id=\"contentboxes-mb-block-7cd0bcbd-c888-4b8c-b63f-0b1af03b2ceb\" class=\"section section-contentboxes  alignfull \">\n\n\t\t<div class=\"contentboxes-wrap none\"  >\n\t\t\t\t\t<div class=\"contentboxes-masonry \">\n\n\t\t\t\t<div class=\"grid-sizer-contentboxes\"><\/div>\n\n\t\t\t\t\n\t\t\t\t<div class=\"content-box- contentboxes-image-wrap bg-color one-third-width half-height mobile-square   content-dark no-vertical-text no-content cb-mobile-content-leave cb-mobile-content-vertical-leave    \"  data-aos=\"fade-up\" data-aos-delay=\"100\"   >\n\n\t\t\t\t\t<div class=\"contentboxes-image-wrap-inner\">\n\n\t\t\t\t\t\n\t\t\t\t\t\t<div class=\"contentboxes-zoom-wrap \">\n\t\t\t\t\t\t\n\t\t\t\t\t\t\n\t\t\t\t\t\t\n\t\t\t\t\t\t\t<div class=\"contentboxes-content-wrap centered-content contentboxes-content-left contentboxes-content-middle\"  style=\"background-color: #ffffff\"  >\n\n\t\t\t\t\t\t\t\t\n\t\t\t\t\t\t\t\t\t\t\t\t\t\n\t\t\t\t\t\t<\/div>\n\t\t\t\t\t<\/div>\n\t\t\t\t\t<\/div>\n\n\t\t\t\t\t\t   \t \n\t\t\t\t<\/div>\n\t\t\t\t\t\n\t\t\t\n\t\t\t\t<div class=\"content-box-16915 contentboxes-image-wrap bg-color one-third-width half-height mobile-uncropped    no-vertical-text has-content cb-mobile-content-leave cb-mobile-content-vertical-leave    \"  data-aos=\"fade-up\" data-aos-delay=\"200\"   >\n\n\t\t\t\t\t<div class=\"contentboxes-image-wrap-inner\">\n\n\t\t\t\t\t\n\t\t\t\t\t\t<div class=\"contentboxes-zoom-wrap \">\n\t\t\t\t\t\t\n\t\t\t\t\t\t\n\t\t\t\t\t\t\n\t\t\t\t\t\t\t<div class=\"contentboxes-content-wrap centered-content  contentboxes-content-middle\"  style=\"background-color: #ffffff\"  >\n\n\t\t\t\t\t\t\t\t\t\t\t\t\t\t\t\t<div class=\"contentboxes-content section-content\">\n\t\t\t\t\t\t\t\t\t\t\t\t\t\t\t\t\t\t\t\t\t\t\t\t\t\t\t\t\t\t\t\t\t\t                \t\t\t\t\t\t\t                \t\t\t\t\t\t\t                \t<div class=\"contentboxes-content-item contentboxes-text\"  data-aos=\"fade-up\" data-aos-delay=\"340\"  ><img decoding=\"async\" src=\"\/wp-content\/uploads\/2025\/02\/kpo.jpg\"><\/div>\n\t\t\t\t\t\t\t                \t\t\t\t\t\t\t                \t\t\t\t\t\t        \t<\/div>\n\t\t\t\t\t\t        \t\n\t\t\t\t\t\t\t\t\t\t\t\t\t\n\t\t\t\t\t\t<\/div>\n\t\t\t\t\t<\/div>\n\t\t\t\t\t<\/div>\n\n\t\t\t\t\t\t   \t \n\t\t\t\t<\/div>\n\t\t\t\t\t\n\t\t\t\n\t\t\t\t<div class=\"content-box- contentboxes-image-wrap bg-color one-third-width half-height mobile-uncropped    no-vertical-text no-content cb-mobile-content-leave cb-mobile-content-vertical-leave    \"  data-aos=\"fade-up\" data-aos-delay=\"300\"   >\n\n\t\t\t\t\t<div class=\"contentboxes-image-wrap-inner\">\n\n\t\t\t\t\t\n\t\t\t\t\t\t<div class=\"contentboxes-zoom-wrap \">\n\t\t\t\t\t\t\n\t\t\t\t\t\t\n\t\t\t\t\t\t\n\t\t\t\t\t\t\t<div class=\"contentboxes-content-wrap centered-content  contentboxes-content-middle\"  style=\"background-color: #ffffff\"  >\n\n\t\t\t\t\t\t\t\t\n\t\t\t\t\t\t\t\t\t\t\t\t\t\n\t\t\t\t\t\t<\/div>\n\t\t\t\t\t<\/div>\n\t\t\t\t\t<\/div>\n\n\t\t\t\t\t\t   \t \n\t\t\t\t<\/div>\n\t\t\t\t\t\n\t\t\t\t\t\t<\/div>\n\t\t\t\t<\/div>\n\n\t<\/section> \n\n","protected":false},"excerpt":{"rendered":"Sp\u00f3\u0142ka Polskie Manufaktury Gastronomiczne podpisa\u0142a z Rzeszowsk\u0105 Agencj\u0105 Rozwoju Regionalnego S.A. Umow\u0119 nr KPOD.01.03-IW.01-6273\/24-00 o dofinasowanie","protected":false},"author":1,"featured_media":0,"parent":0,"menu_order":0,"comment_status":"closed","ping_status":"closed","template":"","meta":{"footnotes":""},"class_list":["post-16917","page","type-page","status-publish","hentry"],"_links":{"self":[{"href":"https:\/\/czeczotkabar.pl\/index.php\/wp-json\/wp\/v2\/pages\/16917","targetHints":{"allow":["GET"]}}],"collection":[{"href":"https:\/\/czeczotkabar.pl\/index.php\/wp-json\/wp\/v2\/pages"}],"about":[{"href":"https:\/\/czeczotkabar.pl\/index.php\/wp-json\/wp\/v2\/types\/page"}],"author":[{"embeddable":true,"href":"https:\/\/czeczotkabar.pl\/index.php\/wp-json\/wp\/v2\/users\/1"}],"replies":[{"embeddable":true,"href":"https:\/\/czeczotkabar.pl\/index.php\/wp-json\/wp\/v2\/comments?post=16917"}],"version-history":[{"count":5,"href":"https:\/\/czeczotkabar.pl\/index.php\/wp-json\/wp\/v2\/pages\/16917\/revisions"}],"predecessor-version":[{"id":16925,"href":"https:\/\/czeczotkabar.pl\/index.php\/wp-json\/wp\/v2\/pages\/16917\/revisions\/16925"}],"wp:attachment":[{"href":"https:\/\/czeczotkabar.pl\/index.php\/wp-json\/wp\/v2\/media?parent=16917"}],"curies":[{"name":"wp","href":"https:\/\/api.w.org\/{rel}","templated":true}]}}