{"id":17062,"date":"2025-04-28T12:31:00","date_gmt":"2025-04-28T12:31:00","guid":{"rendered":"https:\/\/czeczotkabar.pl\/?page_id=17062"},"modified":"2025-05-29T10:19:53","modified_gmt":"2025-05-29T10:19:53","slug":"aperol-spritz","status":"publish","type":"page","link":"https:\/\/czeczotkabar.pl\/index.php\/aperol-spritz\/","title":{"rendered":"Aperol Spritz \u2013 klasyka w\u0142oskiego aperitivo w sercu Krakowa"},"content":{"rendered":"\n<p class=\"has-text-align-center has-medium-font-size\">Aperol Spritz to ikoniczny w\u0142oski aperitif, kt\u00f3ry sta\u0142 si\u0119 jednym z najbardziej popularnych na \u015bwiecie. Jego orze\u017awiaj\u0105cy smak ch\u0119tnie wybieraj\u0105 Go\u015bcie Czeczotka Coctail Bar &amp; Food. W naszej karcie znajdziesz klasycznie przygotowany Aperol Spritz z wysokiej jako\u015bci Prosecco, Aperolu i wody gazowanej, podawany z soczystym plastrem pomara\u0144czy. Czerpiemy z tradycyjnej receptury, ale dbamy o najwy\u017csz\u0105 jako\u015b\u0107 sk\u0142adnik\u00f3w, co nadaje mu wyj\u0105tkowy charakter i sprawia, \u017ce doskonale komponuje si\u0119 z nasz\u0105 ofert\u0105 przek\u0105sek. W Czeczotce lubimy zaskakiwa\u0107, dlatego poza klasyk\u0105 proponujemy r\u00f3wnie\u017c autorsk\u0105, rozgrzewaj\u0105c\u0105 interpretacj\u0119 Aperolu z sokiem ze \u015bwie\u017cych pomara\u0144czy, pikantn\u0105 nut\u0105 imbiru, naturalnym miodem i cytryn\u0105. Ten koktajl to doskona\u0142a propozycja na ch\u0142odniejsze wieczory.<\/p>\n\n\n\n<div style=\"height:30px\" aria-hidden=\"true\" class=\"wp-block-spacer\"><\/div>\n\n\n<div id=\"ez-toc-container\" class=\"ez-toc-v2_0_82_2 counter-hierarchy ez-toc-counter ez-toc-black ez-toc-container-direction\">\n<div class=\"ez-toc-title-container\">\n<p class=\"ez-toc-title\" style=\"cursor:inherit\">Spis tre\u015bci<\/p>\n<span class=\"ez-toc-title-toggle\"><a href=\"#\" class=\"ez-toc-pull-right ez-toc-btn ez-toc-btn-xs ez-toc-btn-default ez-toc-toggle\" aria-label=\"Prze\u0142\u0105cznik Spisu Tre\u015bci\"><span class=\"ez-toc-js-icon-con\"><span class=\"\"><span class=\"eztoc-hide\" style=\"display:none;\">Toggle<\/span><span class=\"ez-toc-icon-toggle-span\"><svg style=\"fill: #999;color:#999\" xmlns=\"http:\/\/www.w3.org\/2000\/svg\" class=\"list-377408\" width=\"20px\" height=\"20px\" viewBox=\"0 0 24 24\" fill=\"none\"><path d=\"M6 6H4v2h2V6zm14 0H8v2h12V6zM4 11h2v2H4v-2zm16 0H8v2h12v-2zM4 16h2v2H4v-2zm16 0H8v2h12v-2z\" fill=\"currentColor\"><\/path><\/svg><svg style=\"fill: #999;color:#999\" class=\"arrow-unsorted-368013\" xmlns=\"http:\/\/www.w3.org\/2000\/svg\" width=\"10px\" height=\"10px\" viewBox=\"0 0 24 24\" version=\"1.2\" baseProfile=\"tiny\"><path d=\"M18.2 9.3l-6.2-6.3-6.2 6.3c-.2.2-.3.4-.3.7s.1.5.3.7c.2.2.4.3.7.3h11c.3 0 .5-.1.7-.3.2-.2.3-.5.3-.7s-.1-.5-.3-.7zM5.8 14.7l6.2 6.3 6.2-6.3c.2-.2.3-.5.3-.7s-.1-.5-.3-.7c-.2-.2-.4-.3-.7-.3h-11c-.3 0-.5.1-.7.3-.2.2-.3.5-.3.7s.1.5.3.7z\"\/><\/svg><\/span><\/span><\/span><\/a><\/span><\/div>\n<nav><ul class='ez-toc-list ez-toc-list-level-1 eztoc-toggle-hide-by-default' ><li class='ez-toc-page-1 ez-toc-heading-level-2'><a class=\"ez-toc-link ez-toc-heading-1\" href=\"https:\/\/czeczotkabar.pl\/index.php\/aperol-spritz\/#Aperol_Spritz\" >Aperol Spritz<\/a><\/li><li class='ez-toc-page-1 ez-toc-heading-level-2'><a class=\"ez-toc-link ez-toc-heading-2\" href=\"https:\/\/czeczotkabar.pl\/index.php\/aperol-spritz\/#Aperol_Spritz_%E2%80%93_w_czym_tkwi_sekret_jego_smaku\" >Aperol Spritz &#8211; w czym tkwi sekret jego smaku?<\/a><\/li><li class='ez-toc-page-1 ez-toc-heading-level-2'><a class=\"ez-toc-link ez-toc-heading-3\" href=\"https:\/\/czeczotkabar.pl\/index.php\/aperol-spritz\/#Z_jakich_skladnikow_przygotowywany_jest_Aperol_Spritz_w_Czeczotka_Cocktail_Bar_Food\" >Z jakich sk\u0142adnik\u00f3w przygotowywany jest Aperol Spritz w Czeczotka Cocktail Bar &amp; Food?<\/a><\/li><li class='ez-toc-page-1 ez-toc-heading-level-2'><a class=\"ez-toc-link ez-toc-heading-4\" href=\"https:\/\/czeczotkabar.pl\/index.php\/aperol-spritz\/#Idealny_drink_na_lato_i_nie_tylko_%E2%80%93_Aperol_Spritz_w_centrum_Krakowa\" >Idealny drink na lato i nie tylko \u2013 Aperol Spritz w centrum Krakowa<\/a><\/li><li class='ez-toc-page-1 ez-toc-heading-level-2'><a class=\"ez-toc-link ez-toc-heading-5\" href=\"https:\/\/czeczotkabar.pl\/index.php\/aperol-spritz\/#Jak_serwujemy_Aperol_w_Czeczotka_Cocktail_Bar_Food\" >Jak serwujemy Aperol w Czeczotka Cocktail Bar &amp; Food?<\/a><\/li><li class='ez-toc-page-1 ez-toc-heading-level-2'><a class=\"ez-toc-link ez-toc-heading-6\" href=\"https:\/\/czeczotkabar.pl\/index.php\/aperol-spritz\/#Dlaczego_warto_wybrac_nasz_cocktail_bar_w_Krakowie_i_zamowic_Aperol_Spritz\" >Dlaczego warto wybra\u0107 nasz cocktail bar w Krakowie i zam\u00f3wi\u0107 Aperol Spritz?<\/a><\/li><li class='ez-toc-page-1 ez-toc-heading-level-2'><a class=\"ez-toc-link ez-toc-heading-7\" href=\"https:\/\/czeczotkabar.pl\/index.php\/aperol-spritz\/#Zarezerwuj_stolik_i_poczuj_klimat_wloskiego_aperitivo_w_Czeczotka_Cocktail_Bar\" >Zarezerwuj stolik i poczuj klimat w\u0142oskiego aperitivo w Czeczotka Cocktail Bar<\/a><\/li><li class='ez-toc-page-1 ez-toc-heading-level-2'><a class=\"ez-toc-link ez-toc-heading-8\" href=\"https:\/\/czeczotkabar.pl\/index.php\/aperol-spritz\/#Jak_trafic_do_naszego_lokalu_i_zamowic_idealnego_Aperola_Spritza\" >Jak trafi\u0107 do naszego lokalu i zam\u00f3wi\u0107 idealnego Aperola Spritza?<\/a><\/li><li class='ez-toc-page-1 ez-toc-heading-level-2'><a class=\"ez-toc-link ez-toc-heading-9\" href=\"https:\/\/czeczotkabar.pl\/index.php\/aperol-spritz\/#Co_jeszcze_serwujemy_w_barze_koktajlowym_poza_Aperolem\" >Co jeszcze serwujemy w barze koktajlowym poza Aperolem?<\/a><\/li><li class='ez-toc-page-1 ez-toc-heading-level-2'><a class=\"ez-toc-link ez-toc-heading-10\" href=\"https:\/\/czeczotkabar.pl\/index.php\/aperol-spritz\/#Aperol_Spritz_%E2%80%93_FAQ\" >Aperol Spritz &#8211; FAQ<\/a><\/li><\/ul><\/nav><\/div>\n\n\n\n\n<p class=\"has-text-align-center has-black-color has-text-color has-link-color wp-elements-31ef8a46bf82daa30dab4b6adf99fd54\"><\/p>\n\n\n\n\t<section id=\"section-menu-mb-block-94c39a7d-6cdd-429a-8315-6215d50422f2\" class=\"section section-menu  has-custom-bg-color \"  style=\"background-color:transparent\"  >\n\n\t<div class=\"menu-wrap\">\n\n\t<div class=\"menu-categories menu-masonry custom\" >\n\n\t<div class=\"grid-sizer masonry-box \"><\/div>\n\n\t\t                        \n\t        <div class=\"masonry-box menu-box menu-box-17062 full  text-centered menucatimagealign-\" data-aos=\"fade\" data-aos-delay=\"100\"> \n\t        \n\t        \t<div class=\"\" \n\t\t        \t\t >\n\n\t\t\t        <div class=\"menu-inner\">\n\t\t\t                \n\t\t\t                <div class=\"menu-category\">\n\t\t\t                        <h2 class=\"menu-cat short-vertical-border use-headline-font textalign-center hide\" style=\"color:#ffffff\" ><span class=\"ez-toc-section\" id=\"Aperol_Spritz\"><\/span> \n\t\t\t                        \tAperol Spritz \n\t\t\t                        <span class=\"ez-toc-section-end\"><\/span><\/h2>\n\t\t\t                        \t\n\t\t\t                <\/div>\n\n\t\t\t                 \n\t\t\t                \t<div class=\"divider-block divider-center divider-vertical hide\" style=\"background-color:#ffffff\"><\/div>\n\t\t\t                \n\t\t\t                \t\t\t\t\t\n\t\t\t\t\t<div class=\"menu-text-wrap\">\n\t\t\t\t\t\t<div class=\"menu-text-left\"><\/div>\n\t\t\t\t\t\t\t\t\t\t\t<\/div>\n\n\t\t\t                \t\t\t\n\t\t\t\t\t\t<div class=\"menu-items masonry-nested one-item \">\n\t\t\t\t\t\n\t\t\t\t\t\t\t<span class=\"grid-sizer-nested\"><\/span>\n\t\t\t\t\t\n\n\t\t\t\t\t\t\t\n\t\t\t\t\t                \n\t\t\t                        \t\t\t                        \n\t\t\t\t\t\t\t<div class=\"menu-item masonry-box-nested \">\n\t\t\t\t\t\t\t        \n\t\t\t\t\t\t\t        <div class=\"inner-box soulkitchen-uncropped-large\" >\n\n\t\t\t\t\t\t\t                <!-- thumbnail -->\n\t\t\t\t\t\t\t\t\t\t\t\t\t\t\t\t\t\t\t\t  \t\t\t\t\t\t\t\t\t\t\t\t                \t\t\t\t\t\t\t\t\t\t\n\t\t\t\t\t\t\t\t\t<!-- menu text -->\n\t\t\t\t\t\t\t                <div class=\"menu-text\">\n\n\t\t\t\t\t\t\t                \t<div class=\"menu-text-wrap\">\n\t\t\t\t\t\t\t\t                \t<div class=\"menu-text-left\">\n\n\t\t\t\t\t\t\t\t\t\t\t                <h6 class=\"menu-title use-body-font\" style=\"color:#ffffff\">Aperol\n\t\t\t\t\t\t\t\t\t\t\t                \t\t\t\t\t\t\t\t\t\t\t                <\/h6>\n\n\t\t\t\t\t\t\t\t\t\t\t\t\t   \n\t\t\t\t\t\t\t\t\t\t\t                \t<div class=\"menu-description\"  style=\"color:#aaaaaa\"   > \n\t\t\t\t\t\t\t\t\t\t\t                \tAperol \/ Sok ze \u015bwie\u017cych pomara\u0144czy \/ Imbir \/ Mi\u00f3d \/ Cytryna<\/div>\n\t\t\t\t\t\t\t\t\t\t\t                \n\t\t\t\t\t\t\t\t\t\t\t        <\/div>\n\t\t\t\t\t\t\t\t\t\t\t\t\t\t\t\t\t\t\t\t\t\t\t<div class=\"menu-price use-body-font\"  style=\"color:#dd9933\"  >\n\t\t\t\t\t\t\t\t\t\t\t    \t\t48\t\t\t\t\t\t\t\t\t\t\t\t<\/div>\n\t\t\t\t\t\t\t\t\t\t\t\t\t\t\t\t\t\t\t\t        <\/div>\n\n\t\t\t\t\t\t\t\t\t<\/div> \n\n\t\t\t\t\t\t\t\t<\/div><!-- .inner-box -->\n\t\t\t\t\t\t\t\t\t\t\n\t\t\t\t\t\t\t\t<div class=\"clear\"><\/div>\n\t\t\t\t\t\t\t\t\t\t\t\n\t\t\t\t\t\t\t<\/div><!-- .menu-item -->\n\n\t\t\t\t\t                \t\t\t\t\t\t\t        \n\t\t\t\t\t\t<\/div><!-- .menu-items -->\n\n\t\t\t\t\t\t\n\t\t\t\t<\/div><!-- .menu-inner  -->\t\n\n\t\t\t<\/div><!-- .featured-border -->\n\t\t\t\t\t\t\t\t\n\t\t\t<\/div><!-- .masonry-box-->\n\n\t\t\t\n\t\t\n\t<\/div>\n\n\t<\/div>\n\n\t<\/section> \n\n\n\n<p class=\"has-text-align-center has-black-color has-text-color has-link-color wp-elements-31ef8a46bf82daa30dab4b6adf99fd54\"><\/p>\n\n\n\n<p class=\"has-text-align-center has-black-color has-text-color has-link-color wp-elements-47e3781e12da486d53820faf5035aa22\">[d\u0142u\u017cszy opis]<\/p>\n\n\n\n<h2 class=\"wp-block-heading has-text-align-center\"><span class=\"ez-toc-section\" id=\"Aperol_Spritz_%E2%80%93_w_czym_tkwi_sekret_jego_smaku\"><\/span>Aperol Spritz &#8211; w czym tkwi sekret jego smaku?<span class=\"ez-toc-section-end\"><\/span><\/h2>\n\n\n\n<p class=\"has-text-align-center has-medium-font-size\">Sekret Aperol Spritz tkwi w idealnej r\u00f3wnowadze mi\u0119dzy s\u0142odycz\u0105 a gorycz\u0105. <strong>To czyni go doskona\u0142ym aperitifem, pobudzaj\u0105cym apetyt i przygotowuj\u0105cym podniebienie na dalsze kulinarne doznania<\/strong>. Podstaw\u0105 tego orze\u017awiaj\u0105cego drinka jest lekko zio\u0142owy likier Aperol o s\u0142odko-gorzkim smaku. Dodatek Prosecco wnosi do kompozycji przyjemne b\u0105belki i orze\u017awienie, a jednocze\u015bnie r\u00f3wnowa\u017cy s\u0142odycz likieru. Woda gazowana delikatnie rozcie\u0144cza ca\u0142o\u015b\u0107 i nadaje drinkowi lekko\u015bci. <strong>Charakterystyczna pomara\u0144czowa barwa i subtelne nuty pomara\u0144czy, rabarbaru oraz wyci\u0105g\u00f3w zio\u0142owych sprawiaj\u0105, \u017ce ka\u017cdy \u0142yk Aperol Spritz to smak lata w najlepszym wydaniu.<\/strong><\/p>\n\n\n\n<div style=\"height:100px\" aria-hidden=\"true\" class=\"wp-block-spacer\"><\/div>\n\n\n\n<div class=\"wp-block-group alignfull ekspert-box has-text-color has-medium-font-size\" style=\"color:#000000\"><div class=\"wp-block-group__inner-container is-layout-flow wp-block-group-is-layout-flow\">\n<div style=\"height:100px\" aria-hidden=\"true\" class=\"wp-block-spacer\"><\/div>\n\n\n\n<h3 class=\"wp-block-heading has-text-align-center has-huge-font-size\"><strong>Zdaniem eksperta<\/strong><\/h3>\n\n\n\n<p class=\"has-text-align-center ekspert-box-content has-medium-font-size\" style=\"line-height:.9\"><strong><strong>Likier Aperol jest infuzj\u0105 zi\u00f3\u0142 i korzeni z wyra\u017an\u0105, ale przyjemn\u0105 goryczk\u0105, kt\u00f3ra prze\u0142amana zosta\u0142a nutami s\u0142odkiej pomara\u0144czy, rabarbaru i chinowca. Ta unikalna kompozycja nadaje mu z\u0142o\u017cony i rozpoznawalny profil smakowy. Aperol stanowi podstawowy sk\u0142adnik wielu orze\u017awiaj\u0105cych koktajli &#8211; wyja\u015bnia ekspert z czeczotkabar.pl<\/strong><\/strong><\/p>\n\n\n\n<div style=\"height:100px\" aria-hidden=\"true\" class=\"wp-block-spacer\"><\/div>\n<\/div><\/div>\n\n\n\n<div style=\"height:100px\" aria-hidden=\"true\" class=\"wp-block-spacer\"><\/div>\n\n\n\n<h2 class=\"wp-block-heading has-text-align-center\"><span class=\"ez-toc-section\" id=\"Z_jakich_skladnikow_przygotowywany_jest_Aperol_Spritz_w_Czeczotka_Cocktail_Bar_Food\"><\/span>Z jakich sk\u0142adnik\u00f3w przygotowywany jest Aperol Spritz w Czeczotka Cocktail Bar &amp; Food?<span class=\"ez-toc-section-end\"><\/span><\/h2>\n\n\n\n<p class=\"has-text-align-center has-medium-font-size\">W Czeczotce wiemy, \u017ce perfekcyjny smak Aperol Spritz zale\u017cy od sk\u0142adnik\u00f3w<strong>. Dlatego serwujemy go wy\u0142\u0105cznie na bazie oryginalnego Aperola, wysokiej klasy Prosecco o delikatnych b\u0105belkach i wody sodowej.<\/strong> Ca\u0142o\u015b\u0107 dope\u0142niamy \u015bwie\u017cym plasterkiem pomara\u0144czy, kt\u00f3ry podkre\u015bla cytrusowy aromat. To w\u0142oski klasyk w najlepszym krakowskim wydaniu.&nbsp;<\/p>\n\n\n\n<p class=\"has-text-align-center has-medium-font-size\">W ofercie naszych rozgrzewaj\u0105cych koktajli mamy tak\u017ce drink Aperol z sokiem ze \u015bwie\u017cych pomara\u0144czy, imbirem, miodem, cytryn\u0105 oraz oryginalnym likierem Aperol.<\/p>\n\n\n\n<div style=\"height:50px\" aria-hidden=\"true\" class=\"wp-block-spacer\"><\/div>\n\n\n\n<h2 class=\"wp-block-heading has-text-align-center\"><span class=\"ez-toc-section\" id=\"Idealny_drink_na_lato_i_nie_tylko_%E2%80%93_Aperol_Spritz_w_centrum_Krakowa\"><\/span>Idealny drink na lato i nie tylko \u2013 Aperol Spritz w centrum Krakowa<span class=\"ez-toc-section-end\"><\/span><\/h2>\n\n\n\n<p class=\"has-text-align-center has-medium-font-size\">Kiedy s\u0142o\u0144ce mocno \u015bwieci, a my\u015bli w\u0119druj\u0105 ku w\u0142oskim wakacjom, nie ma lepszego sposobu na och\u0142od\u0119 ni\u017c kultowy Aperol Spritz w Czeczotce. <strong>Ten lekki, orze\u017awiaj\u0105cy koktajl o charakterystycznym s\u0142odko-gorzkim smaku i s\u0142onecznym pomara\u0144czowym kolorze to idealny wyb\u00f3r na ka\u017cd\u0105 okazj\u0119<\/strong>. Niezale\u017cnie od tego, czy spacerujesz po Rynku G\u0142\u00f3wnym, odkrywasz urokliwe zak\u0105tki miasta, czy po prostu szukasz chwili wytchnienia, Aperol Spritz w naszym lokalu to gwarancja orze\u017awienia.<\/p>\n\n\n\n<div style=\"height:50px\" aria-hidden=\"true\" class=\"wp-block-spacer\"><\/div>\n\n\n\n<div class=\"wp-block-group alignfull custom-cta has-text-color has-medium-font-size\" style=\"color:#000000\"><div class=\"wp-block-group__inner-container is-layout-flow wp-block-group-is-layout-flow\">\n<div style=\"height:100px\" aria-hidden=\"true\" class=\"wp-block-spacer\"><\/div>\n\n\n\n<p class=\"has-text-align-center has-huge-font-size\"><strong>Chcesz spr\u00f3bowa\u0107 ikonicznego aperitifu w najlepszym wydaniu?<\/strong><\/p>\n\n\n\n<p class=\"has-text-align-center has-medium-font-size\" style=\"line-height:.9\"><strong>Spr\u00f3buj naszego Aperol Spritz w Czeczotka Food &amp; Cocktail Bar. <a href=\"https:\/\/czeczotkabar.pl\/index.php\/kontakt\/\">Zadzwo\u0144 lub napisz<\/a><\/strong><\/p>\n\n\n\n<div style=\"height:20px\" aria-hidden=\"true\" class=\"wp-block-spacer\"><\/div>\n\n\n\n<div class=\"wp-block-buttons is-horizontal is-content-justification-center is-layout-flex wp-container-core-buttons-is-layout-9393892f wp-block-buttons-is-layout-flex\">\n<div class=\"wp-block-button has-custom-width wp-block-button__width-25\" id=\"custom-cta-btn\"><a class=\"wp-block-button__link has-text-color has-background wp-element-button\" href=\"https:\/\/czeczotkabar.pl\/index.php\/kontakt\/\" style=\"border-radius:50px;color:#ffffff;background-color:#dd9933\">Zadzwo\u0144<\/a><\/div>\n<\/div>\n\n\n\n<div style=\"height:100px\" aria-hidden=\"true\" class=\"wp-block-spacer\"><\/div>\n<\/div><\/div>\n\n\n\n<div style=\"height:50px\" aria-hidden=\"true\" class=\"wp-block-spacer\"><\/div>\n\n\n\n<h2 class=\"wp-block-heading has-text-align-center\"><span class=\"ez-toc-section\" id=\"Jak_serwujemy_Aperol_w_Czeczotka_Cocktail_Bar_Food\"><\/span>Jak serwujemy Aperol w Czeczotka Cocktail Bar &amp; Food?<span class=\"ez-toc-section-end\"><\/span><\/h2>\n\n\n\n<p class=\"has-text-align-center has-medium-font-size\">Aperol Spritz serwujemy w klasyczny spos\u00f3b, zgodnie z w\u0142osk\u0105 tradycj\u0105, ale z nut\u0105 naszej autorskiej elegancji. Nasi barmani dbaj\u0105 proporcje i przygotowuj\u0105 koktajl z wysokiej jako\u015bci sk\u0142adnik\u00f3w. Dodajemy plaster \u015bwie\u017cej pomara\u0144czy, a ca\u0142o\u015b\u0107 serwujemy w eleganckim kieliszku, kt\u00f3ry podkre\u015bla charakter tego klasycznego aperitivo.<\/p>\n\n\n\n<p class=\"has-text-align-center has-medium-font-size\"><strong>Naszym celem jest nie tylko zaserwowa\u0107 doskona\u0142y koktajl, ale stworzy\u0107 dla naszych Go\u015bci chwil\u0119 przyjemno\u015bci w stylowym wn\u0119trzu lub przy stoliku z widokiem na t\u0119tni\u0105ce \u017cyciem ulice Krakowa.<\/strong><\/p>\n\n\n\n<div style=\"height:50px\" aria-hidden=\"true\" class=\"wp-block-spacer\"><\/div>\n\n\n\n<h2 class=\"wp-block-heading has-text-align-center\"><span class=\"ez-toc-section\" id=\"Dlaczego_warto_wybrac_nasz_cocktail_bar_w_Krakowie_i_zamowic_Aperol_Spritz\"><\/span>Dlaczego warto wybra\u0107 nasz cocktail bar w Krakowie i zam\u00f3wi\u0107 Aperol Spritz?<span class=\"ez-toc-section-end\"><\/span><\/h2>\n\n\n\n<p class=\"has-text-align-center has-medium-font-size\">W <a href=\"https:\/\/czeczotkabar.pl\/\">Czeczotka Food &amp; Drink Bar<\/a> stawiamy na jako\u015b\u0107&nbsp; i niepowtarzaln\u0105 atmosfer\u0119, kt\u00f3r\u0105 trudno znale\u017a\u0107 gdzie\u015b indziej, a wszystko to z widokiem na Rynek G\u0142\u00f3wny i Sukiennice. W\u0142a\u015bnie dlatego jeste\u015bmy najlepszym wyborem na klasyczne aperitivo w sercu Krakowa. Nasz lokal to przestrze\u0144, kt\u00f3ra sprzyja zar\u00f3wno biznesowym spotkaniom, jak i chwilom relaksu. Wizyt\u0119 u nas umil\u0105 wyj\u0105tkowe koktajle oraz wykwintne dania, takie jak <a href=\"https:\/\/czeczotkabar.pl\/index.php\/ostrygi\/\">ostrygi<\/a>, <a href=\"https:\/\/czeczotkabar.pl\/index.php\/kawior\/\">kawior<\/a>, <a href=\"https:\/\/czeczotkabar.pl\/index.php\/dania-trufle\/\">potrawy z truflami<\/a>, <a href=\"https:\/\/czeczotkabar.pl\/index.php\/sezonowane-steki\/\">sezonowane steki<\/a>.<\/p>\n\n\n\n<div style=\"height:50px\" aria-hidden=\"true\" class=\"wp-block-spacer\"><\/div>\n\n\n\n<h2 class=\"wp-block-heading has-text-align-center\"><span class=\"ez-toc-section\" id=\"Zarezerwuj_stolik_i_poczuj_klimat_wloskiego_aperitivo_w_Czeczotka_Cocktail_Bar\"><\/span>Zarezerwuj stolik i poczuj klimat w\u0142oskiego aperitivo w Czeczotka Cocktail Bar<span class=\"ez-toc-section-end\"><\/span><\/h2>\n\n\n\n<p class=\"has-text-align-center has-medium-font-size\">Niezapomniane chwile relaksu zapewnisz sobie odwiedzaj\u0105c Czeczotka Cocktail Bar. Warto zarezerwowa\u0107 stolik, aby delektowa\u0107 si\u0119 orze\u017awiaj\u0105cym smakiem Aperol Spritz w towarzystwie wyselekcjonowanych przek\u0105sek. Stolik mo\u017cna zarezerwowa\u0107 telefonicznie lub przez formularz na stronie w zak\u0142adce \u201c<a href=\"https:\/\/czeczotkabar.pl\/index.php\/kontakt\/\">Kontakt<\/a>\u201d&nbsp;<\/p>\n\n\n\n<div style=\"height:50px\" aria-hidden=\"true\" class=\"wp-block-spacer\"><\/div>\n\n\n\n<h2 class=\"wp-block-heading has-text-align-center\"><span class=\"ez-toc-section\" id=\"Jak_trafic_do_naszego_lokalu_i_zamowic_idealnego_Aperola_Spritza\"><\/span>Jak trafi\u0107 do naszego lokalu i zam\u00f3wi\u0107 idealnego Aperola Spritza?<span class=\"ez-toc-section-end\"><\/span><\/h2>\n\n\n\n<p class=\"has-text-align-center has-medium-font-size\">Nasz lokal znajduje si\u0119 na rogu ulic \u015bw. Anny i Wi\u015blnej \u2013 zaledwie kilka krok\u00f3w od Rynku G\u0142\u00f3wnego. <strong>To doskona\u0142a lokalizacja zar\u00f3wno na popo\u0142udniowe spotkanie biznesowe, jak i wieczorny relaks z przyjaci\u00f3\u0142mi przy perfekcyjnie przygotowanym Aperolu Spritzu. <\/strong>Je\u015bli planujesz wi\u0119ksze spotkanie, event lub prywatny wiecz\u00f3r w gronie partner\u00f3w biznesowych, zarezerwuj nasz <a href=\"https:\/\/czeczotkabar.pl\/index.php\/charmant\/\">event room<\/a>.<\/p>\n\n\n\n<div style=\"height:50px\" aria-hidden=\"true\" class=\"wp-block-spacer\"><\/div>\n\n\n\n<h2 class=\"wp-block-heading has-text-align-center\"><span class=\"ez-toc-section\" id=\"Co_jeszcze_serwujemy_w_barze_koktajlowym_poza_Aperolem\"><\/span>Co jeszcze serwujemy w barze koktajlowym poza Aperolem?<span class=\"ez-toc-section-end\"><\/span><\/h2>\n\n\n\n<p class=\"has-text-align-center has-medium-font-size\">W naszym <a href=\"https:\/\/czeczotkabar.pl\/index.php\/cocktail-bar\/\">Coctail Barze<\/a> poza Aperol Spritz zam\u00f3wisz tak\u017ce autorskie koktajle Czeczotki oraz znane wszystkim klasyki. Mi\u0142o\u015bnik\u00f3w <a href=\"https:\/\/czeczotkabar.pl\/index.php\/wine-bar\/\">wina<\/a> z pewno\u015bci\u0105 zachwyci nasza wyj\u0105tkowo szeroka karta, kt\u00f3ra obejmuje wyselekcjonowane wina czerwone, bia\u0142e, r\u00f3\u017cowe, musuj\u0105ce i szampany z r\u00f3\u017cnych zak\u0105tk\u00f3w \u015bwiata. W zale\u017cno\u015bci od preferencji mo\u017cna zdecydowa\u0107 si\u0119 tak\u017ce na drinki bezalkoholowe, kt\u00f3re zosta\u0142y perfekcyjnie skomponowane przez naszych barman\u00f3w.<\/p>\n\n\n\n<div style=\"height:50px\" aria-hidden=\"true\" class=\"wp-block-spacer\"><\/div>\n\n\n\n<h2 class=\"wp-block-heading has-text-align-center\"><span class=\"ez-toc-section\" id=\"Aperol_Spritz_%E2%80%93_FAQ\"><\/span>Aperol Spritz &#8211; FAQ<span class=\"ez-toc-section-end\"><\/span><\/h2>\n\n\n\n<div style=\"height:30px\" aria-hidden=\"true\" class=\"wp-block-spacer\"><\/div>\n\n\n\n<h3 class=\"wp-block-heading\">Kiedy najlepiej pi\u0107 Aperol Spritz?<\/h3>\n\n\n\n<p class=\"has-medium-font-size\">Tradycyjnie Aperol Spritz jest pity jako aperitif, czyli przed posi\u0142kiem, aby pobudzi\u0107 apetyt. Jednak doskonale sprawdza si\u0119 r\u00f3wnie\u017c jako orze\u017awiaj\u0105cy drink wieczorem.<\/p>\n\n\n\n<h3 class=\"wp-block-heading\">Czy Aperol Spritz jest mocnym alkoholem?<\/h3>\n\n\n\n<p class=\"has-medium-font-size\">Aperol ma stosunkowo nisk\u0105 zawarto\u015b\u0107 alkoholu, poniewa\u017c jest mieszany z Prosecco i wod\u0105 gazowan\u0105. Gotowy koktajl ma ni\u017csz\u0105 zawarto\u015b\u0107 alkoholu ni\u017c wiele innych drink\u00f3w.<\/p>\n","protected":false},"excerpt":{"rendered":"","protected":false},"author":2,"featured_media":0,"parent":0,"menu_order":0,"comment_status":"closed","ping_status":"closed","template":"","meta":{"footnotes":""},"class_list":["post-17062","page","type-page","status-publish","hentry"],"_links":{"self":[{"href":"https:\/\/czeczotkabar.pl\/index.php\/wp-json\/wp\/v2\/pages\/17062","targetHints":{"allow":["GET"]}}],"collection":[{"href":"https:\/\/czeczotkabar.pl\/index.php\/wp-json\/wp\/v2\/pages"}],"about":[{"href":"https:\/\/czeczotkabar.pl\/index.php\/wp-json\/wp\/v2\/types\/page"}],"author":[{"embeddable":true,"href":"https:\/\/czeczotkabar.pl\/index.php\/wp-json\/wp\/v2\/users\/2"}],"replies":[{"embeddable":true,"href":"https:\/\/czeczotkabar.pl\/index.php\/wp-json\/wp\/v2\/comments?post=17062"}],"version-history":[{"count":9,"href":"https:\/\/czeczotkabar.pl\/index.php\/wp-json\/wp\/v2\/pages\/17062\/revisions"}],"predecessor-version":[{"id":17152,"href":"https:\/\/czeczotkabar.pl\/index.php\/wp-json\/wp\/v2\/pages\/17062\/revisions\/17152"}],"wp:attachment":[{"href":"https:\/\/czeczotkabar.pl\/index.php\/wp-json\/wp\/v2\/media?parent=17062"}],"curies":[{"name":"wp","href":"https:\/\/api.w.org\/{rel}","templated":true}]}}