{"id":17075,"date":"2025-04-29T08:43:22","date_gmt":"2025-04-29T08:43:22","guid":{"rendered":"https:\/\/czeczotkabar.pl\/?page_id=17075"},"modified":"2026-02-16T11:12:20","modified_gmt":"2026-02-16T11:12:20","slug":"wolowina-wagyu","status":"publish","type":"page","link":"https:\/\/czeczotkabar.pl\/index.php\/wolowina-wagyu\/","title":{"rendered":"Najlepsza wo\u0142owina Wagyu Czeczotka Food &amp; Drink Bar"},"content":{"rendered":"\n<p class=\"has-text-align-center has-medium-font-size\">W <a href=\"https:\/\/czeczotkabar.pl\/\">Czeczotka Food &amp; Drink Bar<\/a> wprowadzamy Ci\u0119 do \u015bwiata kulinarnego luksusu. Odkryj u nas autentyczn\u0105, najwy\u017cszej klasy wo\u0142owin\u0119 Wagyu \u2013 najbardziej presti\u017cowe i po\u017c\u0105dane mi\u0119so \u015bwiata. Ka\u017cdy serwowany u nas stek Wagyu to gwarancja najwy\u017cszej jako\u015bci i autentyczno\u015bci. Pozyskujemy go wy\u0142\u0105cznie od renomowanych japo\u0144skich hodowli, kt\u00f3re od pokole\u0144 doskonal\u0105 unikalne metody chowu byd\u0142a. To w\u0142a\u015bnie ta dba\u0142o\u015b\u0107 o ka\u017cdy detal zapewnia charakterystyczn\u0105, intensywn\u0105 marmurkowato\u015b\u0107, kt\u00f3ra jest znakiem rozpoznawczym prawdziwej Wo\u0142owiny Wagyu i odpowiada za jej niepowtarzaln\u0105 krucho\u015b\u0107 i bogaty smak. Wo\u0142owina Wagyu w Czeczotka Food &amp; Drink Bar to propozycja skierowana do lokalnych smakoszy, turyst\u00f3w poszukuj\u0105cych wyj\u0105tkowych kulinarnych wra\u017ce\u0144 oraz influencer\u00f3w, kt\u00f3rzy doceni\u0105 wykwintny smak i wykwintn\u0105 prezentacj\u0119 da\u0144 w samym sercu Krakowa.<\/p>\n\n\n\n<div style=\"height:30px\" aria-hidden=\"true\" class=\"wp-block-spacer\"><\/div>\n\n\n<div id=\"ez-toc-container\" class=\"ez-toc-v2_0_82_2 counter-hierarchy ez-toc-counter ez-toc-black ez-toc-container-direction\">\n<div class=\"ez-toc-title-container\">\n<p class=\"ez-toc-title\" style=\"cursor:inherit\">Spis tre\u015bci<\/p>\n<span class=\"ez-toc-title-toggle\"><a href=\"#\" class=\"ez-toc-pull-right ez-toc-btn ez-toc-btn-xs ez-toc-btn-default ez-toc-toggle\" aria-label=\"Prze\u0142\u0105cznik Spisu Tre\u015bci\"><span class=\"ez-toc-js-icon-con\"><span class=\"\"><span class=\"eztoc-hide\" style=\"display:none;\">Toggle<\/span><span class=\"ez-toc-icon-toggle-span\"><svg style=\"fill: #999;color:#999\" xmlns=\"http:\/\/www.w3.org\/2000\/svg\" class=\"list-377408\" width=\"20px\" height=\"20px\" viewBox=\"0 0 24 24\" fill=\"none\"><path d=\"M6 6H4v2h2V6zm14 0H8v2h12V6zM4 11h2v2H4v-2zm16 0H8v2h12v-2zM4 16h2v2H4v-2zm16 0H8v2h12v-2z\" fill=\"currentColor\"><\/path><\/svg><svg style=\"fill: #999;color:#999\" class=\"arrow-unsorted-368013\" xmlns=\"http:\/\/www.w3.org\/2000\/svg\" width=\"10px\" height=\"10px\" viewBox=\"0 0 24 24\" version=\"1.2\" baseProfile=\"tiny\"><path d=\"M18.2 9.3l-6.2-6.3-6.2 6.3c-.2.2-.3.4-.3.7s.1.5.3.7c.2.2.4.3.7.3h11c.3 0 .5-.1.7-.3.2-.2.3-.5.3-.7s-.1-.5-.3-.7zM5.8 14.7l6.2 6.3 6.2-6.3c.2-.2.3-.5.3-.7s-.1-.5-.3-.7c-.2-.2-.4-.3-.7-.3h-11c-.3 0-.5.1-.7.3-.2.2-.3.5-.3.7s.1.5.3.7z\"\/><\/svg><\/span><\/span><\/span><\/a><\/span><\/div>\n<nav><ul class='ez-toc-list ez-toc-list-level-1 eztoc-toggle-hide-by-default' ><li class='ez-toc-page-1 ez-toc-heading-level-2'><a class=\"ez-toc-link ez-toc-heading-1\" href=\"https:\/\/czeczotkabar.pl\/index.php\/wolowina-wagyu\/#Wagyu_to_najbardziej_pozadana_wolowina_na_swiecie_Poznaj_nasza_oferte\">Wagyu to najbardziej po\u017c\u0105dana wo\u0142owina na \u015bwiecie. Poznaj nasz\u0105 ofert\u0119<\/a><\/li><li class='ez-toc-page-1 ez-toc-heading-level-2'><a class=\"ez-toc-link ez-toc-heading-2\" href=\"https:\/\/czeczotkabar.pl\/index.php\/wolowina-wagyu\/#Jakie_rodzaje_wysmazenia_wolowiny_Wagyu_oferujemy\">Jakie rodzaje wysma\u017cenia wo\u0142owiny Wagyu oferujemy?<\/a><\/li><li class='ez-toc-page-1 ez-toc-heading-level-2'><a class=\"ez-toc-link ez-toc-heading-3\" href=\"https:\/\/czeczotkabar.pl\/index.php\/wolowina-wagyu\/#W_czym_tkwi_sekret_doskonalego_smaku_wolowiny_Wagyu_pochodzacej_z_Japonii\">W czym tkwi sekret doskona\u0142ego smaku wo\u0142owiny Wagyu pochodz\u0105cej z Japonii?<\/a><\/li><li class='ez-toc-page-1 ez-toc-heading-level-2'><a class=\"ez-toc-link ez-toc-heading-4\" href=\"https:\/\/czeczotkabar.pl\/index.php\/wolowina-wagyu\/#Jakie_dodatki_oferujemy_do_japonskiej_wolowiny_Wagyu\">Jakie dodatki oferujemy do japo\u0144skiej wo\u0142owiny Wagyu?<\/a><\/li><li class='ez-toc-page-1 ez-toc-heading-level-2'><a class=\"ez-toc-link ez-toc-heading-5\" href=\"https:\/\/czeczotkabar.pl\/index.php\/wolowina-wagyu\/#Dlaczego_warto_zamowic_stek_z_wolowiny_Wagyu_w_Czeczotce\">Dlaczego warto zam\u00f3wi\u0107 stek z wo\u0142owiny Wagyu w Czeczotce?<\/a><\/li><li class='ez-toc-page-1 ez-toc-heading-level-2'><a class=\"ez-toc-link ez-toc-heading-6\" href=\"https:\/\/czeczotkabar.pl\/index.php\/wolowina-wagyu\/#Zarezerwuj_stolik_i_sprobuj_najlepszej_wolowiny_Wagyu_w_Krakowie\">Zarezerwuj stolik i spr\u00f3buj najlepszej wo\u0142owiny Wagyu w Krakowie<\/a><\/li><li class='ez-toc-page-1 ez-toc-heading-level-2'><a class=\"ez-toc-link ez-toc-heading-7\" href=\"https:\/\/czeczotkabar.pl\/index.php\/wolowina-wagyu\/#Co_jeszcze_serwujemy_oprocz_wolowiny_Wagyu\">Co jeszcze serwujemy opr\u00f3cz wo\u0142owiny Wagyu?<\/a><\/li><li class='ez-toc-page-1 ez-toc-heading-level-2'><a class=\"ez-toc-link ez-toc-heading-8\" href=\"https:\/\/czeczotkabar.pl\/index.php\/wolowina-wagyu\/#Wolowina_Wagyu_%E2%80%93_FAQ\">Wo\u0142owina Wagyu &#8211; FAQ<\/a><\/li><\/ul><\/nav><\/div>\n\n\n\n\n<p class=\"has-text-align-center has-black-color has-text-color has-link-color wp-elements-31ef8a46bf82daa30dab4b6adf99fd54\"><\/p>\n\n\n\n\t<section id=\"section-menu-mb-block-6d807f78-6570-4490-9213-931a669009e5\" class=\"section section-menu  alignwide has-custom-bg-color \"  style=\"background-color:transparent\"  >\n\n\t<div class=\"menu-wrap\">\n\n\t<div class=\"menu-categories menu-masonry custom\" >\n\n\t<div class=\"grid-sizer masonry-box \"><\/div>\n\n\t\n\t<\/div>\n\n\t<\/div>\n\n\t<\/section> \n\n\n\n<h3 class=\"wp-block-heading has-text-align-center\">Opinie o naszej wo\u0142owinie Wagyu<\/h3>\n\n\n\n<div style=\"height:50px\" aria-hidden=\"true\" class=\"wp-block-spacer\"><\/div>\n\n\n<div class=\"rpi\" style=\"\" data-id=\"18412\" data-opts='{&quot;layout&quot;:&quot;slider&quot;,&quot;style_style&quot;:&quot;1&quot;,&quot;style_stars&quot;:&quot;4&quot;,&quot;style_ava&quot;:&quot;1&quot;,&quot;head_logo&quot;:&quot;5&quot;,&quot;style_logo&quot;:&quot;1&quot;,&quot;pagination&quot;:&quot;100&quot;,&quot;text_size&quot;:&quot;&quot;,&quot;hide_avatar&quot;:false,&quot;hide_name&quot;:false,&quot;disable_review_time&quot;:false,&quot;disable_user_link&quot;:false,&quot;disable_google_link&quot;:false,&quot;open_link&quot;:true,&quot;nofollow_link&quot;:true,&quot;lazy_load_img&quot;:true,&quot;time_format&quot;:&quot;&quot;,&quot;breakpoints&quot;:&quot;&quot;,&quot;reviewer_avatar_size&quot;:&quot;56&quot;,&quot;ajax_load&quot;:false,&quot;v2&quot;:true,&quot;trans&quot;:{&quot;read more&quot;:&quot;czytaj wi\\u0119cej&quot;,&quot;review us on&quot;:&quot;oceniaj nas na&quot;,&quot;See all reviews&quot;:&quot;Zobacz wszystkie opinie&quot;,&quot;More reviews&quot;:&quot;Nast\\u0119pne Opinie&quot;,&quot;Response from the owner&quot;:&quot;Odpowied\\u017a od w\\u0142a\\u015bciciela&quot;}}' data-exec=\"\"><div class=\"rpi-cnt rpi-col-m rpi-slider rpi-sh\" data-opts='{&quot;pagination&quot;:&quot;100&quot;,&quot;speed&quot;:&quot;5&quot;,&quot;autoplay&quot;:false,&quot;wheelscroll&quot;:false,&quot;mousestop&quot;:false,&quot;clickstop&quot;:false,&quot;swipe_step&quot;:&quot;&quot;,&quot;swipe_per_btn&quot;:&quot;&quot;,&quot;swipe_per_dot&quot;:&quot;&quot;,&quot;hide_dots&quot;:false}' style=\"visibility:var(--visible, hidden)\" ><div class=\"rpi-content rpi-content_row\"><button class=\"rpi-ltgt rpi-lt rpi-slider-prev\" aria-label=\"Previous reviews\" tabindex=\"0\"><\/button><div class=\"rpi-cards rpi-slides-bite\" data-offset=\"2\" data-count=\"2\"><div class=\"rpi-card\" data-provider=\"google\" data-rat=\"5\"><div class=\"rpi-card-inner\"><div class=\"rpi-flex\"><div class=\"rpi-img-wrap\"><img decoding=\"async\" src=\"https:\/\/lh3.googleusercontent.com\/a\/ACg8ocIGVfJegpYVJgGfJuJYa25hxoSUtgMDGqkng2nS_pcv5o0r2rw8=s56-c-rp-mo-br100\" class=\"rpi-img\" loading=\"lazy\" width=\"56\" height=\"56\" alt=\"\" onerror=\"if(this.src!='https:\/\/czeczotkabar.pl\/wp-content\/plugins\/business-reviews-bundle\/assets\/img\/google_avatar.png')this.src='https:\/\/czeczotkabar.pl\/wp-content\/plugins\/business-reviews-bundle\/assets\/img\/google_avatar.png';\"><\/div><div class=\"rpi-info\"><a href=\"https:\/\/search.google.com\/local\/reviews?placeid=ChIJ5QSUxA1bFkcRqelZkN0JdGc\" class=\"rpi-name\" target=\"_blank\" rel=\"noopener nofollow\" aria-label=\"Magdalena M. - google user profile\">Magdalena M.<\/a><div class=\"rpi-time\" data-time=\"1767907872850\"><\/div><\/div><\/div><div class=\"rpi-body rpi-normal-up__body\"><span class=\"rpi-stars\" style=\"--rating:5\"><\/span><div class=\"rpi-text rpi-scroll\" tabindex=\"0\">Jedno z moich ulubionych miejsc na kulinarnej mapie Krakowa! Lokalizacja przy samym Rynku zach\u0119ca do odwiedzin , wi\u0119c kiedy tylko jeste\u015bmy przejazdem w Krakowie wpadamy na wyborne steki z sezonowanej wo\u0142owiny, a ostatnio pr\u00f3bowali\u015bmy te\u017c wo\u0142owiny Wagyu i to by\u0142o dopiero niebo w g\u0119bie \ud83d\ude42 Do tego \u015bwietne drinki i mi\u0142a obs\u0142uga. Polecam !<\/div><\/div><\/div><\/div><div class=\"rpi-card\" data-provider=\"google\" data-rat=\"5\"><div class=\"rpi-card-inner\"><div class=\"rpi-flex\"><div class=\"rpi-img-wrap\"><img decoding=\"async\" src=\"https:\/\/lh3.googleusercontent.com\/a\/ACg8ocIU7B0W6D_Uax-idK-T9c_fYQvVhkS94MYkvtKZawb7uZdZRQ=s56-c-rp-mo-br100\" class=\"rpi-img\" loading=\"lazy\" width=\"56\" height=\"56\" alt=\"\" onerror=\"if(this.src!='https:\/\/czeczotkabar.pl\/wp-content\/plugins\/business-reviews-bundle\/assets\/img\/google_avatar.png')this.src='https:\/\/czeczotkabar.pl\/wp-content\/plugins\/business-reviews-bundle\/assets\/img\/google_avatar.png';\"><\/div><div class=\"rpi-info\"><a href=\"https:\/\/search.google.com\/local\/reviews?placeid=ChIJ5QSUxA1bFkcRqelZkN0JdGc\" class=\"rpi-name\" target=\"_blank\" rel=\"noopener nofollow\" aria-label=\"Kelly B. - google user profile\">Kelly B.<\/a><div class=\"rpi-time\" data-time=\"1753122134898\"><\/div><\/div><\/div><div class=\"rpi-body rpi-normal-up__body\"><span class=\"rpi-stars\" style=\"--rating:5\"><\/span><div class=\"rpi-text rpi-scroll\" tabindex=\"0\">Fantastic drinks and food (especially Wagyu beef - faboulus), extraordinary spaces, live music (as stuff told me it&#039;s there every weekend). People are friendly, proffesional and kind. I&#039;d recommend Czeczotka for brave people who are ready for new experiences.<\/div><\/div><\/div><\/div><\/div><button class=\"rpi-ltgt rpi-gt rpi-slider-next\" aria-label=\"Next reviews\" tabindex=\"0\"><\/button><div class=\"rpi-dots-wrap\"><div class=\"rpi-dots\"><\/div><\/div><\/div><\/div><script>(function(p){if(!p)return;let w=p.offsetWidth,m=function(a,b){return Math.min(a,b)===a};p.querySelector('.rpi-cnt').classList.replace('rpi-col-m','rpi-col-'+(m(w,510)?'xs':m(w,750)?'x':m(w,1050)?'s':m(w,1450)?'m':m(w,1800)?'l':'xl'))})(document.currentScript?.parentElement)<\/script><\/div>\n\n\n\n<div style=\"height:50px\" aria-hidden=\"true\" class=\"wp-block-spacer\"><\/div>\n\n\n\n<div class=\"wp-block-buttons is-content-justification-center is-layout-flex wp-container-core-buttons-is-layout-16018d1d wp-block-buttons-is-layout-flex\">\n<div class=\"wp-block-button\"><a class=\"wp-block-button__link has-text-align-center wp-element-button\" href=\"https:\/\/czeczotkabar.pl\/index.php\/opinie\/\">Wszystkie opinie<\/a><\/div>\n<\/div>\n\n\n\n<div style=\"height:50px\" aria-hidden=\"true\" class=\"wp-block-spacer\"><\/div>\n\n\n\n<h2 class=\"wp-block-heading has-text-align-center\"><span class=\"ez-toc-section\" id=\"Wagyu_to_najbardziej_pozadana_wolowina_na_swiecie_Poznaj_nasza_oferte\"><\/span>Wagyu to najbardziej po\u017c\u0105dana wo\u0142owina na \u015bwiecie. Poznaj nasz\u0105 ofert\u0119<span class=\"ez-toc-section-end\"><\/span><\/h2>\n\n\n\n<p class=\"has-text-align-center has-medium-font-size\">Nasza oferta obejmuje wyselekcjonowane kawa\u0142ki rostbefu klasy A5 z najbardziej cenionych region\u00f3w Japonii, takich jak Kagoshima. Rozp\u0142ywaj\u0105 si\u0119 w ustach, uwalniaj\u0105c bogactwo aromat\u00f3w i subteln\u0105 s\u0142odycz. Wo\u0142owina Wagyu Kagoshima przygotowywana z najwi\u0119ksz\u0105 staranno\u015bci\u0105 przez naszych do\u015bwiadczonych kucharzy to prawdziwa uczta dla zmys\u0142\u00f3w.<\/p>\n\n\n\n<p class=\"has-text-align-center has-medium-font-size\">W Czeczotka Food &amp; Drink Bar oferujemy starannie wyselekcjonowan\u0105, autentyczn\u0105, najwy\u017cszej jako\u015bci wo\u0142owin\u0119 Wagyu, kt\u00f3ra trafia do nas prosto od renomowanych hodowc\u00f3w.<\/p>\n\n\n\n<div style=\"height:100px\" aria-hidden=\"true\" class=\"wp-block-spacer\"><\/div>\n\n\n\n<div class=\"wp-block-group alignfull custom-cta has-text-color has-medium-font-size\" style=\"color:#000000\"><div class=\"wp-block-group__inner-container is-layout-flow wp-block-group-is-layout-flow\">\n<div style=\"height:100px\" aria-hidden=\"true\" class=\"wp-block-spacer\"><\/div>\n\n\n\n<p class=\"has-text-align-center has-huge-font-size\"><strong>Masz ochot\u0119 na niezapomniane doznania kulinarne?<\/strong><\/p>\n\n\n\n<p class=\"has-text-align-center has-medium-font-size\" style=\"line-height:.9\"><strong>Skosztuj wyj\u0105tkowej wo\u0142owiny Wagyu w Czeczotka Food &amp; Cocktail Bar. <a href=\"https:\/\/czeczotkabar.pl\/index.php\/kontakt\/\">Zadzwo\u0144 lub napisz<\/a>!<\/strong><\/p>\n\n\n\n<div style=\"height:23px\" aria-hidden=\"true\" class=\"wp-block-spacer\"><\/div>\n\n\n\n<div class=\"wp-block-buttons is-horizontal is-content-justification-center is-layout-flex wp-container-core-buttons-is-layout-9393892f wp-block-buttons-is-layout-flex\">\n<div class=\"wp-block-button has-custom-width wp-block-button__width-25\" id=\"custom-cta-btn\"><a class=\"wp-block-button__link has-text-color has-background wp-element-button\" href=\"https:\/\/czeczotkabar.pl\/index.php\/kontakt\/\" style=\"border-radius:50px;color:#ffffff;background-color:#dd9933\">Zadzwo\u0144<\/a><\/div>\n<\/div>\n\n\n\n<div style=\"height:100px\" aria-hidden=\"true\" class=\"wp-block-spacer\"><\/div>\n<\/div><\/div>\n\n\n\n<div style=\"height:100px\" aria-hidden=\"true\" class=\"wp-block-spacer\"><\/div>\n\n\n\n<h2 class=\"wp-block-heading has-text-align-center\"><span class=\"ez-toc-section\" id=\"Jakie_rodzaje_wysmazenia_wolowiny_Wagyu_oferujemy\"><\/span>Jakie rodzaje wysma\u017cenia wo\u0142owiny Wagyu oferujemy?<span class=\"ez-toc-section-end\"><\/span><\/h2>\n\n\n\n<p class=\"has-text-align-center has-medium-font-size\">Aby w pe\u0142ni doceni\u0107 wyj\u0105tkowo\u015b\u0107 Wo\u0142owiny Wagyu Kagoshima, oferujemy mo\u017cliwo\u015b\u0107 wyboru preferowanego stopnia wysma\u017cenia. <strong>Nasi mistrzowie kuchni z precyzj\u0105 przygotuj\u0105 stek w wariancie rare, medium rare, medium, medium well lub well done,<\/strong> dbaj\u0105c o zachowanie jego niezwyk\u0142ej soczysto\u015bci i bogatego smaku.<\/p>\n\n\n\n<div style=\"height:50px\" aria-hidden=\"true\" class=\"wp-block-spacer\"><\/div>\n\n\n\n<h2 class=\"wp-block-heading has-text-align-center\"><span class=\"ez-toc-section\" id=\"W_czym_tkwi_sekret_doskonalego_smaku_wolowiny_Wagyu_pochodzacej_z_Japonii\"><\/span>W czym tkwi sekret doskona\u0142ego smaku wo\u0142owiny Wagyu pochodz\u0105cej z Japonii?<span class=\"ez-toc-section-end\"><\/span><\/h2>\n\n\n\n<p class=\"has-text-align-center has-medium-font-size\">Przekonasz si\u0119 o tym, odwiedzaj\u0105c nasz lokal! <strong>Wszystko zaczyna si\u0119 od unikalnych metod hodowli kr\u00f3w Wagyu, kt\u00f3rych sekrety Japo\u0144czycy przekazuj\u0105 sobie z pokolenia na pokolenie.<\/strong> Specjalnie dobrana dieta zwierz\u0105t oraz ich spokojny, bezstresowy tryb \u017cycia gwarantuj\u0105 mi\u0119so najwy\u017cszej jako\u015bci, kt\u00f3re zapewnia niezapomniane doznania kulinarne.<\/p>\n\n\n\n<div style=\"height:100px\" aria-hidden=\"true\" class=\"wp-block-spacer\"><\/div>\n\n\n\n<div class=\"wp-block-group alignfull ekspert-box has-text-color has-medium-font-size\" style=\"color:#000000\"><div class=\"wp-block-group__inner-container is-layout-flow wp-block-group-is-layout-flow\">\n<div style=\"height:100px\" aria-hidden=\"true\" class=\"wp-block-spacer\"><\/div>\n\n\n\n<h3 class=\"wp-block-heading has-text-align-center has-huge-font-size\"><strong>Zdaniem eksperta<\/strong><\/h3>\n\n\n\n<p class=\"has-text-align-center ekspert-box-content has-medium-font-size\" style=\"line-height:.9\"><strong><strong>Sekret doskona\u0142ego smaku wo\u0142owiny Wagyu tkwi przede wszystkim w jej unikalnej marmurkowato\u015bci. Delikatne nitki t\u0142uszczu, kt\u00f3re r\u00f3wnomiernie rozk\u0142adaj\u0105 si\u0119 w mi\u0119sie, nadaj\u0105c mu soczysto\u015b\u0107, ale tak\u017ce intensywny, ma\u015blany smak. T\u0142uszcz w wo\u0142owinie Wagyu topi si\u0119 w ni\u017cszej temperaturze ni\u017c w innych rodzajach wo\u0142owiny, dlatego mi\u0119so dos\u0142ownie rozp\u0142ywa si\u0119 w ustach \u2013&nbsp; wyja\u015bnia ekspert z czeczotkabar.pl<\/strong><\/strong><\/p>\n\n\n\n<div style=\"height:100px\" aria-hidden=\"true\" class=\"wp-block-spacer\"><\/div>\n<\/div><\/div>\n\n\n\n<div style=\"height:100px\" aria-hidden=\"true\" class=\"wp-block-spacer\"><\/div>\n\n\n\n<h2 class=\"wp-block-heading has-text-align-center\"><span class=\"ez-toc-section\" id=\"Jakie_dodatki_oferujemy_do_japonskiej_wolowiny_Wagyu\"><\/span>Jakie dodatki oferujemy do japo\u0144skiej wo\u0142owiny Wagyu?<span class=\"ez-toc-section-end\"><\/span><\/h2>\n\n\n\n<p class=\"has-text-align-center has-medium-font-size\">Grillowany rostbef Wagyu Kagoshima A5 serwujemy z perfekcyjnie zbalansowanymi dodatkami, kt\u00f3re podkre\u015blaj\u0105 wyj\u0105tkow\u0105 g\u0142\u0119bi\u0119 smaku tego legendarnego mi\u0119sa. <strong>Na talerzu znajdziesz delikatn\u0105 glazur\u0119 sojow\u0105, chrupi\u0105ce edamame i imbir marynowany<\/strong>. \u015awie\u017co\u015b\u0107 wnosz\u0105 rzodkiewka i lekko cytrusowy dressing limonkowy. Zielona kompozycja z chrupi\u0105cej sa\u0142aty rzymskiej, fris\u00e9e i radicchio wprowadza przyjemn\u0105 nut\u0119 goryczki, a z\u0142ociste grzanki dodaj\u0105 subtelnej chrupko\u015bci. To symfonia smak\u00f3w, stworzona z my\u015bl\u0105 o najbardziej wymagaj\u0105cych koneserach.<\/p>\n\n\n\n<div style=\"height:50px\" aria-hidden=\"true\" class=\"wp-block-spacer\"><\/div>\n\n\n\n<h2 class=\"wp-block-heading has-text-align-center\"><span class=\"ez-toc-section\" id=\"Dlaczego_warto_zamowic_stek_z_wolowiny_Wagyu_w_Czeczotce\"><\/span>Dlaczego warto zam\u00f3wi\u0107 stek z wo\u0142owiny Wagyu w Czeczotce?<span class=\"ez-toc-section-end\"><\/span><\/h2>\n\n\n\n<p class=\"has-text-align-center has-medium-font-size\">Grillowany rostbef Wagyu w Czeczotce to niezapomniane kulinarne do\u015bwiadczenie. To prawdziwa uczta dla koneser\u00f3w, kt\u00f3rzy poszukuj\u0105 autentycznych dozna\u0144 smakowych na najwy\u017cszym poziomie. Oferujemy autentyczn\u0105 japo\u0144sk\u0105 wo\u0142owin\u0119 Wagyu klasy premium, znan\u0105 na ca\u0142ym \u015bwiecie z niezr\u00f3wnanej marmurkowato\u015bci, soczysto\u015bci i jedwabistej tekstury. <strong>Nasi do\u015bwiadczeni szefowie kuchni grilluj\u0105 mi\u0119so do perfekcji, tak aby zachowa\u0107 jego soczysto\u015b\u0107, krucho\u015b\u0107 oraz charakterystyczny, ma\u015blany posmak.<\/strong> Ka\u017cdy k\u0119s przenosi go\u015bci w \u015bwiat ekskluzywnych dozna\u0144 kulinarnych, kt\u00f3rymi warto si\u0119 delektowa\u0107 powoli, w towarzystwie naszych autorskich koktajli lub win z r\u00f3\u017cnych cz\u0119\u015bci \u015bwiata.<\/p>\n\n\n\n<div style=\"height:50px\" aria-hidden=\"true\" class=\"wp-block-spacer\"><\/div>\n\n\n\n<h2 class=\"wp-block-heading has-text-align-center\"><span class=\"ez-toc-section\" id=\"Zarezerwuj_stolik_i_sprobuj_najlepszej_wolowiny_Wagyu_w_Krakowie\"><\/span>Zarezerwuj stolik i spr\u00f3buj najlepszej wo\u0142owiny Wagyu w Krakowie<span class=\"ez-toc-section-end\"><\/span><\/h2>\n\n\n\n<p class=\"has-text-align-center has-medium-font-size\">Nie musisz lecie\u0107 do Tokio ani Nowego Jorku, by spr\u00f3bowa\u0107 japo\u0144skiej wo\u0142owiny, o kt\u00f3rej m\u00f3wi ca\u0142y \u015bwiat. <strong>W Czeczotka Cocktail Bar &amp; Food serwujemy autentyczny, grillowany rosfbef Wagyu Kagoshima<\/strong>. Zapro\u015b blisk\u0105 osob\u0119, zaskocz partnera biznesowego albo po prostu spraw sobie wyj\u0105tkowy wiecz\u00f3r. Zarezerwuj stolik online lub telefonicznie i pozw\u00f3l nam zadba\u0107 o reszt\u0119. Je\u015bli chcesz podzieli\u0107 si\u0119 tym doznaniem kulinarnym z wi\u0119kszym gronem \u2013 nasza <a href=\"https:\/\/czeczotkabar.pl\/index.php\/charmant\/\">strefa Charmant<\/a> czeka na Tw\u00f3j event.<\/p>\n\n\n\n<div style=\"height:50px\" aria-hidden=\"true\" class=\"wp-block-spacer\"><\/div>\n\n\n\n<h2 class=\"wp-block-heading has-text-align-center\"><span class=\"ez-toc-section\" id=\"Co_jeszcze_serwujemy_oprocz_wolowiny_Wagyu\"><\/span>Co jeszcze serwujemy opr\u00f3cz wo\u0142owiny Wagyu?<span class=\"ez-toc-section-end\"><\/span><\/h2>\n\n\n\n<p class=\"has-text-align-center has-medium-font-size\">Wiemy, \u017ce ka\u017cdy wiecz\u00f3r zas\u0142uguje na kulinarn\u0105 opraw\u0119 z najwy\u017cszej p\u00f3\u0142ki. Dlatego nasze menu stanowi starannie skomponowane dania, w kt\u00f3rych ka\u017cdy element ma znaczenie. <strong>W ofercie Czeczotka Food &amp; Drink Bar znajdziesz <\/strong><a href=\"https:\/\/czeczotkabar.pl\/index.php\/sezonowane-steki\/\"><strong>sezonowane steki<\/strong><\/a><strong> z intensywnym aromatem, <\/strong><a href=\"https:\/\/czeczotkabar.pl\/index.php\/ostrygi\/\"><strong>ostrygi<\/strong><\/a><strong>, <\/strong><a href=\"https:\/\/czeczotkabar.pl\/index.php\/kawior\/\"><strong>kawior<\/strong><\/a><strong>, <\/strong><a href=\"https:\/\/czeczotkabar.pl\/index.php\/dania-trufle\/\"><strong>dania z dodatkiem trufli<\/strong><\/a>. Na pocz\u0105tek proponujemy lekkie, ale zaskakuj\u0105ce przystawki i koktajlowe sa\u0142atki, kt\u00f3re doskonale komponuj\u0105 si\u0119 z pierwszym kieliszkiem wina. Warto tak\u017ce spr\u00f3bowa\u0107 naszych autorskich deser\u00f3w, kt\u00f3re balansuj\u0105 mi\u0119dzy finezj\u0105 a przyjemno\u015bci\u0105. Dope\u0142nieniem wszystkiego s\u0105 koktajle w <a href=\"https:\/\/czeczotkabar.pl\/index.php\/cocktail-bar\/\">cocktail barze<\/a> tworzone z wyobra\u017ani\u0105 i smakiem.<\/p>\n\n\n\n<div style=\"height:50px\" aria-hidden=\"true\" class=\"wp-block-spacer\"><\/div>\n\n\n\n<h2 class=\"wp-block-heading has-text-align-center\"><span class=\"ez-toc-section\" id=\"Wolowina_Wagyu_%E2%80%93_FAQ\"><\/span>Wo\u0142owina Wagyu &#8211; FAQ<span class=\"ez-toc-section-end\"><\/span><\/h2>\n\n\n\n<div style=\"height:30px\" aria-hidden=\"true\" class=\"wp-block-spacer\"><\/div>\n\n\n\n<h3 class=\"wp-block-heading\">Czy dieta kr\u00f3w Wagyu ma wp\u0142yw na smak mi\u0119sa?<\/h3>\n\n\n\n<p class=\"has-medium-font-size\">Krowy Wagyu s\u0105 karmione specjalnie dobranymi, ekologicznymi paszami zbo\u017cowymi, kt\u00f3re wp\u0142ywaj\u0105 na unikalny smak i marmurkowo\u015b\u0107 mi\u0119sa.<\/p>\n\n\n\n<h3 class=\"wp-block-heading\">Czy do wo\u0142owiny Wagyu polecacie jakie\u015b konkretne koktajle lub wina z Waszej oferty?<\/h3>\n\n\n\n<p class=\"has-medium-font-size\">Nasi kelnerzy z przyjemno\u015bci\u0105 doradz\u0105 idealne trunki do naszej Wo\u0142owiny Wagyu. Rekomendujemy wino czerwone Cabernet Sauvignon, Joseph Drouhin Chorey Les Beaune Pinot Noir lub koktajle na bazie ginu.<\/p>\n","protected":false},"excerpt":{"rendered":"W Czeczotka Food &amp; Drink Bar wprowadzamy Ci\u0119 do \u015bwiata kulinarnego luksusu. Odkryj u nas autentyczn\u0105,","protected":false},"author":2,"featured_media":0,"parent":0,"menu_order":0,"comment_status":"closed","ping_status":"closed","template":"","meta":{"footnotes":""},"class_list":["post-17075","page","type-page","status-publish","hentry"],"_links":{"self":[{"href":"https:\/\/czeczotkabar.pl\/index.php\/wp-json\/wp\/v2\/pages\/17075","targetHints":{"allow":["GET"]}}],"collection":[{"href":"https:\/\/czeczotkabar.pl\/index.php\/wp-json\/wp\/v2\/pages"}],"about":[{"href":"https:\/\/czeczotkabar.pl\/index.php\/wp-json\/wp\/v2\/types\/page"}],"author":[{"embeddable":true,"href":"https:\/\/czeczotkabar.pl\/index.php\/wp-json\/wp\/v2\/users\/2"}],"replies":[{"embeddable":true,"href":"https:\/\/czeczotkabar.pl\/index.php\/wp-json\/wp\/v2\/comments?post=17075"}],"version-history":[{"count":6,"href":"https:\/\/czeczotkabar.pl\/index.php\/wp-json\/wp\/v2\/pages\/17075\/revisions"}],"predecessor-version":[{"id":18421,"href":"https:\/\/czeczotkabar.pl\/index.php\/wp-json\/wp\/v2\/pages\/17075\/revisions\/18421"}],"wp:attachment":[{"href":"https:\/\/czeczotkabar.pl\/index.php\/wp-json\/wp\/v2\/media?parent=17075"}],"curies":[{"name":"wp","href":"https:\/\/api.w.org\/{rel}","templated":true}]}}