{"id":17194,"date":"2025-06-10T06:17:24","date_gmt":"2025-06-10T06:17:24","guid":{"rendered":"https:\/\/czeczotkabar.pl\/?page_id=17194"},"modified":"2025-06-10T11:30:07","modified_gmt":"2025-06-10T11:30:07","slug":"aperol-spritz-en","status":"publish","type":"page","link":"https:\/\/czeczotkabar.pl\/index.php\/en\/aperol-spritz-en\/","title":{"rendered":"Aperol Spritz &#8211; a classic Italian aperitivo in the heart of Krakow"},"content":{"rendered":"\n<h1 class=\"wp-block-heading has-text-align-center\">Aperol Spritz &#8211; a classic Italian aperitivo in the heart of Krakow<\/h1>\n\n\n\n<p class=\"has-text-align-center has-medium-font-size\">Aperol Spritz is an iconic Italian aperitif that has become one of the most popular in the world. Its refreshing taste is eagerly chosen by guests of Czeczotka Coctail Bar &amp; Food. Our menu features a classically prepared Aperol Spritz made from high-quality Prosecco, Aperol and sparkling water, served with a juicy slice of orange. We draw on a traditional recipe, but take care to use the highest quality ingredients, which gives it a unique character and makes it a perfect match with our snack offerings. At Czeczotka we like to surprise, so in addition to the classics, we also offer an original, warming interpretation of Aperol with fresh orange juice, a spicy hint of ginger, natural honey and lemon. This cocktail is the perfect option for cooler evenings.<\/p>\n\n\n\n<div style=\"height:30px\" aria-hidden=\"true\" class=\"wp-block-spacer\"><\/div>\n\n\n<div id=\"ez-toc-container\" class=\"ez-toc-v2_0_82_2 counter-hierarchy ez-toc-counter ez-toc-black ez-toc-container-direction\">\n<div class=\"ez-toc-title-container\">\n<p class=\"ez-toc-title\" style=\"cursor:inherit\">Spis tre\u015bci<\/p>\n<span class=\"ez-toc-title-toggle\"><a href=\"#\" class=\"ez-toc-pull-right ez-toc-btn ez-toc-btn-xs ez-toc-btn-default ez-toc-toggle\" aria-label=\"Prze\u0142\u0105cznik Spisu Tre\u015bci\"><span class=\"ez-toc-js-icon-con\"><span class=\"\"><span class=\"eztoc-hide\" style=\"display:none;\">Toggle<\/span><span class=\"ez-toc-icon-toggle-span\"><svg style=\"fill: #999;color:#999\" xmlns=\"http:\/\/www.w3.org\/2000\/svg\" class=\"list-377408\" width=\"20px\" height=\"20px\" viewBox=\"0 0 24 24\" fill=\"none\"><path d=\"M6 6H4v2h2V6zm14 0H8v2h12V6zM4 11h2v2H4v-2zm16 0H8v2h12v-2zM4 16h2v2H4v-2zm16 0H8v2h12v-2z\" fill=\"currentColor\"><\/path><\/svg><svg style=\"fill: #999;color:#999\" class=\"arrow-unsorted-368013\" xmlns=\"http:\/\/www.w3.org\/2000\/svg\" width=\"10px\" height=\"10px\" viewBox=\"0 0 24 24\" version=\"1.2\" baseProfile=\"tiny\"><path d=\"M18.2 9.3l-6.2-6.3-6.2 6.3c-.2.2-.3.4-.3.7s.1.5.3.7c.2.2.4.3.7.3h11c.3 0 .5-.1.7-.3.2-.2.3-.5.3-.7s-.1-.5-.3-.7zM5.8 14.7l6.2 6.3 6.2-6.3c.2-.2.3-.5.3-.7s-.1-.5-.3-.7c-.2-.2-.4-.3-.7-.3h-11c-.3 0-.5.1-.7.3-.2.2-.3.5-.3.7s.1.5.3.7z\"\/><\/svg><\/span><\/span><\/span><\/a><\/span><\/div>\n<nav><ul class='ez-toc-list ez-toc-list-level-1 eztoc-toggle-hide-by-default' ><li class='ez-toc-page-1 ez-toc-heading-level-2'><a class=\"ez-toc-link ez-toc-heading-1\" href=\"https:\/\/czeczotkabar.pl\/index.php\/en\/aperol-spritz-en\/#Aperol_Spritz\" >Aperol Spritz<\/a><\/li><li class='ez-toc-page-1 ez-toc-heading-level-2'><a class=\"ez-toc-link ez-toc-heading-2\" href=\"https:\/\/czeczotkabar.pl\/index.php\/en\/aperol-spritz-en\/#Aperol_Spritz_%E2%80%93_what_is_the_secret_of_its_taste\" >Aperol Spritz &#8211; what is the secret of its taste?<\/a><\/li><li class='ez-toc-page-1 ez-toc-heading-level-2'><a class=\"ez-toc-link ez-toc-heading-3\" href=\"https:\/\/czeczotkabar.pl\/index.php\/en\/aperol-spritz-en\/#What_ingredients_are_used_to_prepare_the_Aperol_Spritz_at_Czeczotka_Cocktail_Bar_Food\" >What ingredients are used to prepare the Aperol Spritz at Czeczotka Cocktail Bar &amp; Food?<\/a><\/li><li class='ez-toc-page-1 ez-toc-heading-level-2'><a class=\"ez-toc-link ez-toc-heading-4\" href=\"https:\/\/czeczotkabar.pl\/index.php\/en\/aperol-spritz-en\/#The_perfect_drink_for_summer_and_beyond_%E2%80%93_the_Aperol_Spritz_in_the_centre_of_Krakow\" >The perfect drink for summer and beyond &#8211; the Aperol Spritz in the centre of Krakow<\/a><\/li><li class='ez-toc-page-1 ez-toc-heading-level-2'><a class=\"ez-toc-link ez-toc-heading-5\" href=\"https:\/\/czeczotkabar.pl\/index.php\/en\/aperol-spritz-en\/#How_do_we_serve_Aperol_at_Czeczotka_Cocktail_Bar_Food\" >How do we serve Aperol at Czeczotka Cocktail Bar &amp; Food?<\/a><\/li><li class='ez-toc-page-1 ez-toc-heading-level-2'><a class=\"ez-toc-link ez-toc-heading-6\" href=\"https:\/\/czeczotkabar.pl\/index.php\/en\/aperol-spritz-en\/#Why_choose_our_cocktail_bar_in_Krakow_and_order_an_Aperol_Spritz\" >Why choose our cocktail bar in Krakow and order an Aperol Spritz?<\/a><\/li><li class='ez-toc-page-1 ez-toc-heading-level-2'><a class=\"ez-toc-link ez-toc-heading-7\" href=\"https:\/\/czeczotkabar.pl\/index.php\/en\/aperol-spritz-en\/#Book_a_table_and_feel_the_atmosphere_of_an_Italian_aperitivo_at_Czeczotka_Cocktail_Bar\" >Book a table and feel the atmosphere of an Italian aperitivo at Czeczotka Cocktail Bar<\/a><\/li><li class='ez-toc-page-1 ez-toc-heading-level-2'><a class=\"ez-toc-link ez-toc-heading-8\" href=\"https:\/\/czeczotkabar.pl\/index.php\/en\/aperol-spritz-en\/#How_do_I_get_to_our_premises_and_order_the_perfect_Aperol_Spritz\" >How do I get to our premises and order the perfect Aperol Spritz?<\/a><\/li><li class='ez-toc-page-1 ez-toc-heading-level-2'><a class=\"ez-toc-link ez-toc-heading-9\" href=\"https:\/\/czeczotkabar.pl\/index.php\/en\/aperol-spritz-en\/#What_else_do_we_serve_at_the_cocktail_bar_besides_Aperol\" >What else do we serve at the cocktail bar besides Aperol?<\/a><\/li><li class='ez-toc-page-1 ez-toc-heading-level-2'><a class=\"ez-toc-link ez-toc-heading-10\" href=\"https:\/\/czeczotkabar.pl\/index.php\/en\/aperol-spritz-en\/#Aperol_Spritz_%E2%80%93_FAQ\" >Aperol Spritz &#8211; FAQ<\/a><\/li><\/ul><\/nav><\/div>\n\n\n\n\n<div style=\"height:30px\" aria-hidden=\"true\" class=\"wp-block-spacer\"><\/div>\n\n\n\n\t<section id=\"section-menu-mb-block-61bb37bb-80d1-4e44-ad07-3519d433bba6\" class=\"section section-menu  has-custom-bg-color \"  style=\"background-color:transparent\"  >\n\n\t<div class=\"menu-wrap\">\n\n\t<div class=\"menu-categories menu-masonry custom\" >\n\n\t<div class=\"grid-sizer masonry-box \"><\/div>\n\n\t\t                        \n\t        <div class=\"masonry-box menu-box menu-box-17194 full  text-centered menucatimagealign-\" data-aos=\"fade\" data-aos-delay=\"100\"> \n\t        \n\t        \t<div class=\"\" \n\t\t        \t\t >\n\n\t\t\t        <div class=\"menu-inner\">\n\t\t\t                \n\t\t\t                <div class=\"menu-category\">\n\t\t\t                        <h2 class=\"menu-cat solid-bottom-border use-headline-font textalign- hide\" style=\"color:#ffffff\" ><span class=\"ez-toc-section\" id=\"Aperol_Spritz\"><\/span> \n\t\t\t                        \tAperol Spritz \n\t\t\t                        <span class=\"ez-toc-section-end\"><\/span><\/h2>\n\t\t\t                        \t\n\t\t\t                <\/div>\n\n\t\t\t                \n\t\t\t                \t\t\t\t\t\n\t\t\t\t\t<div class=\"menu-text-wrap\">\n\t\t\t\t\t\t<div class=\"menu-text-left\"><\/div>\n\t\t\t\t\t\t\t\t\t\t\t<\/div>\n\n\t\t\t                \t\t\t\n\t\t\t\t\t\t<div class=\"menu-items masonry-nested one-item \">\n\t\t\t\t\t\n\t\t\t\t\t\t\t<span class=\"grid-sizer-nested\"><\/span>\n\t\t\t\t\t\n\n\t\t\t\t\t\t\t\n\t\t\t\t\t                \n\t\t\t                        \t\t\t                        \n\t\t\t\t\t\t\t<div class=\"menu-item masonry-box-nested \">\n\t\t\t\t\t\t\t        \n\t\t\t\t\t\t\t        <div class=\"inner-box soulkitchen-uncropped-large\" >\n\n\t\t\t\t\t\t\t                <!-- thumbnail -->\n\t\t\t\t\t\t\t\t\t\t\t\t\t\t\t\t\t\t\t\t  \t\t\t\t\t\t\t\t\t\t\t\t                \t\t\t\t\t\t\t\t\t\t\n\t\t\t\t\t\t\t\t\t<!-- menu text -->\n\t\t\t\t\t\t\t                <div class=\"menu-text\">\n\n\t\t\t\t\t\t\t                \t<div class=\"menu-text-wrap\">\n\t\t\t\t\t\t\t\t                \t<div class=\"menu-text-left\">\n\n\t\t\t\t\t\t\t\t\t\t\t                <h6 class=\"menu-title use-body-font\" style=\"color:#ffffff\">Aperol\n\t\t\t\t\t\t\t\t\t\t\t                \t\t\t\t\t\t\t\t\t\t\t                <\/h6>\n\n\t\t\t\t\t\t\t\t\t\t\t\t\t   \n\t\t\t\t\t\t\t\t\t\t\t                \t<div class=\"menu-description\"  style=\"color:#aaaaaa\"   > \n\t\t\t\t\t\t\t\t\t\t\t                \tAperol \/ Sok ze \u015bwie\u017cych pomara\u0144czy \/ Imbir \/ Mi\u00f3d \/ Cytryna<\/div>\n\t\t\t\t\t\t\t\t\t\t\t                \n\t\t\t\t\t\t\t\t\t\t\t        <\/div>\n\t\t\t\t\t\t\t\t\t\t\t\t\t\t\t\t\t\t\t\t\t\t\t<div class=\"menu-price use-body-font\"  style=\"color:#dd9933\"  >\n\t\t\t\t\t\t\t\t\t\t\t    \t\t48\t\t\t\t\t\t\t\t\t\t\t\t<\/div>\n\t\t\t\t\t\t\t\t\t\t\t\t\t\t\t\t\t\t\t\t        <\/div>\n\n\t\t\t\t\t\t\t\t\t<\/div> \n\n\t\t\t\t\t\t\t\t<\/div><!-- .inner-box -->\n\t\t\t\t\t\t\t\t\t\t\n\t\t\t\t\t\t\t\t<div class=\"clear\"><\/div>\n\t\t\t\t\t\t\t\t\t\t\t\n\t\t\t\t\t\t\t<\/div><!-- .menu-item -->\n\n\t\t\t\t\t                \t\t\t\t\t\t\t        \n\t\t\t\t\t\t<\/div><!-- .menu-items -->\n\n\t\t\t\t\t\t\n\t\t\t\t<\/div><!-- .menu-inner  -->\t\n\n\t\t\t<\/div><!-- .featured-border -->\n\t\t\t\t\t\t\t\t\n\t\t\t<\/div><!-- .masonry-box-->\n\n\t\t\t\n\t\t\n\t<\/div>\n\n\t<\/div>\n\n\t<\/section> \n\n\n\n<div style=\"height:30px\" aria-hidden=\"true\" class=\"wp-block-spacer\"><\/div>\n\n\n\n<h2 class=\"wp-block-heading has-text-align-center\"><span class=\"ez-toc-section\" id=\"Aperol_Spritz_%E2%80%93_what_is_the_secret_of_its_taste\"><\/span>Aperol Spritz &#8211; what is the secret of its taste?<span class=\"ez-toc-section-end\"><\/span><\/h2>\n\n\n\n<p class=\"has-text-align-center has-medium-font-size\">The secret of Aperol Spritz lies in the perfect balance between sweetness and bitterness. <strong>This makes it the perfect aperitif, stimulating the appetite and preparing the palate for further culinary experiences.<\/strong> The base of this refreshing drink is the slightly herbal Aperol liqueur with a bittersweet taste. The addition of Prosecco brings pleasant bubbles and refreshment to the composition, while balancing the sweetness of the liqueur. The sparkling water gently dilutes the whole and gives the drink a lightness. <strong>With its distinctive orange colour and subtle notes of orange, rhubarb and herbal extracts, every sip of Aperol Spritz is a taste of summer at its best<\/strong>.<\/p>\n\n\n\n<div style=\"height:100px\" aria-hidden=\"true\" class=\"wp-block-spacer\"><\/div>\n\n\n\n<div class=\"wp-block-group alignfull ekspert-box has-text-color has-medium-font-size\" style=\"color:#000000\"><div class=\"wp-block-group__inner-container is-layout-flow wp-block-group-is-layout-flow\">\n<div style=\"height:100px\" aria-hidden=\"true\" class=\"wp-block-spacer\"><\/div>\n\n\n\n<h3 class=\"wp-block-heading has-text-align-center has-huge-font-size\"><strong>According to the expert<\/strong><\/h3>\n\n\n\n<p class=\"has-text-align-center ekspert-box-content has-medium-font-size\" style=\"line-height:.9\"><strong><strong>Aperol Liqueur is an infusion of herbs and spices with a distinct but pleasant bitterness, which is broken by notes of sweet orange, rhubarb and quinine. This unique composition gives it a complex and recognisable flavour profile. Aperol is an essential ingredient in many refreshing cocktails,&#8221; explains the expert from czeczotkabar.co.uk<\/strong><\/strong><\/p>\n\n\n\n<div style=\"height:100px\" aria-hidden=\"true\" class=\"wp-block-spacer\"><\/div>\n<\/div><\/div>\n\n\n\n<div style=\"height:100px\" aria-hidden=\"true\" class=\"wp-block-spacer\"><\/div>\n\n\n\n<h2 class=\"wp-block-heading has-text-align-center\"><span class=\"ez-toc-section\" id=\"What_ingredients_are_used_to_prepare_the_Aperol_Spritz_at_Czeczotka_Cocktail_Bar_Food\"><\/span>What ingredients are used to prepare the Aperol Spritz at Czeczotka Cocktail Bar &amp; Food?<span class=\"ez-toc-section-end\"><\/span><\/h2>\n\n\n\n<p class=\"has-text-align-center has-medium-font-size\">At Czeczotka, we know that the perfect taste of an Aperol Spritz depends on the ingredients. <strong>That&#8217;s why we serve it exclusively on a base of original Aperol, premium Prosecco with fine bubbles and soda water<\/strong>. The whole thing is topped off with a fresh slice of orange, which emphasises the citrus aroma. This is an Italian classic at its best in Krakow.&nbsp;<\/p>\n\n\n\n<p class=\"has-text-align-center has-medium-font-size\">Our range of warming cocktails also includes the Aperol drink with fresh orange juice, ginger, honey, lemon and the original Aperol liqueur.<\/p>\n\n\n\n<div style=\"height:50px\" aria-hidden=\"true\" class=\"wp-block-spacer\"><\/div>\n\n\n\n<h2 class=\"wp-block-heading has-text-align-center\"><span class=\"ez-toc-section\" id=\"The_perfect_drink_for_summer_and_beyond_%E2%80%93_the_Aperol_Spritz_in_the_centre_of_Krakow\"><\/span>The perfect drink for summer and beyond &#8211; the Aperol Spritz in the centre of Krakow<span class=\"ez-toc-section-end\"><\/span><\/h2>\n\n\n\n<p class=\"has-text-align-center has-medium-font-size\">When the sun is shining hard and thoughts are wandering towards Italian holidays, there is no better way to cool down than the iconic Aperol Spritz at Czeczotka. <strong>This light, refreshing cocktail with its distinctive bittersweet taste and sunny orange colour is the perfect choice for any occasion<\/strong>. Whether you&#8217;re strolling around the Main Square, exploring the city&#8217;s charming corners or simply looking for a moment&#8217;s refreshment, an Aperol Spritz in our premises is a guaranteed refreshment.<\/p>\n\n\n\n<div style=\"height:100px\" aria-hidden=\"true\" class=\"wp-block-spacer\"><\/div>\n\n\n\n<div class=\"wp-block-group alignfull custom-cta has-text-color has-medium-font-size\" style=\"color:#000000\"><div class=\"wp-block-group__inner-container is-layout-flow wp-block-group-is-layout-flow\">\n<div style=\"height:100px\" aria-hidden=\"true\" class=\"wp-block-spacer\"><\/div>\n\n\n\n<p class=\"has-text-align-center has-huge-font-size\"><strong>Want to try an iconic aperitif at its best?<\/strong><\/p>\n\n\n\n<p class=\"has-text-align-center has-medium-font-size\" style=\"line-height:.9\"><strong>Try our Aperol Spritz at Czeczotka Food &amp; Cocktail Bar. Call or write<\/strong><\/p>\n\n\n\n<div style=\"height:20px\" aria-hidden=\"true\" class=\"wp-block-spacer\"><\/div>\n\n\n\n<div class=\"wp-block-buttons is-horizontal is-content-justification-center is-layout-flex wp-container-core-buttons-is-layout-9393892f wp-block-buttons-is-layout-flex\">\n<div class=\"wp-block-button has-custom-width wp-block-button__width-25\" id=\"custom-cta-btn\"><a class=\"wp-block-button__link has-text-color has-background wp-element-button\" href=\"https:\/\/czeczotkabar.pl\/index.php\/en\/contact-en\/\" style=\"border-radius:50px;color:#ffffff;background-color:#dd9933\">call us!<\/a><\/div>\n<\/div>\n\n\n\n<div style=\"height:100px\" aria-hidden=\"true\" class=\"wp-block-spacer\"><\/div>\n<\/div><\/div>\n\n\n\n<div style=\"height:100px\" aria-hidden=\"true\" class=\"wp-block-spacer\"><\/div>\n\n\n\n<h2 class=\"wp-block-heading has-text-align-center\"><span class=\"ez-toc-section\" id=\"How_do_we_serve_Aperol_at_Czeczotka_Cocktail_Bar_Food\"><\/span>How do we serve Aperol at Czeczotka Cocktail Bar &amp; Food?<span class=\"ez-toc-section-end\"><\/span><\/h2>\n\n\n\n<p class=\"has-text-align-center has-medium-font-size\">We serve the Aperol Spritz in the classic way, following the Italian tradition but with a touch of our own elegance. Our bartenders take care with the proportions and prepare the cocktail with high-quality ingredients. We add a slice of fresh orange and serve the whole thing in an elegant glass that emphasises the character of this classic aperitivo.<\/p>\n\n\n\n<p class=\"has-text-align-center has-medium-font-size\"><strong><strong>Our aim is not only to serve a perfect cocktail, but to create a moment of pleasure for our guests in a stylish interior or at a table overlooking the vibrant streets of Krakow.<\/strong><\/strong><\/p>\n\n\n\n<div style=\"height:50px\" aria-hidden=\"true\" class=\"wp-block-spacer\"><\/div>\n\n\n\n<h2 class=\"wp-block-heading has-text-align-center\"><span class=\"ez-toc-section\" id=\"Why_choose_our_cocktail_bar_in_Krakow_and_order_an_Aperol_Spritz\"><\/span>Why choose our cocktail bar in Krakow and order an Aperol Spritz?<span class=\"ez-toc-section-end\"><\/span><\/h2>\n\n\n\n<p class=\"has-text-align-center has-medium-font-size\">At <a href=\"https:\/\/czeczotkabar.pl\/index.php\/en\/\">Czeczotka Food &amp; Drink Bar<\/a> we focus on quality and a unique atmosphere that is hard to find anywhere else, all with a view of the Main Square and the Cloth Hall. That&#8217;s why we are the best choice for a classic aperitivo in the heart of Krakow. Our venue is a space that is conducive to both business meetings and moments of relaxation. Your visit with us will be enhanced by unique cocktails and exquisite dishes such as <a href=\"https:\/\/czeczotkabar.pl\/index.php\/en\/oysters\/\">oysters<\/a>, <a href=\"https:\/\/czeczotkabar.pl\/index.php\/en\/caviar\/\">caviar<\/a>, <a href=\"https:\/\/czeczotkabar.pl\/index.php\/en\/truffle-dishes\/\">truffle dishes<\/a> and <a href=\"https:\/\/czeczotkabar.pl\/index.php\/en\/seasoned-steaks\/\">seasoned steaks<\/a>.<\/p>\n\n\n\n<div style=\"height:50px\" aria-hidden=\"true\" class=\"wp-block-spacer\"><\/div>\n\n\n\n<h2 class=\"wp-block-heading has-text-align-center\"><span class=\"ez-toc-section\" id=\"Book_a_table_and_feel_the_atmosphere_of_an_Italian_aperitivo_at_Czeczotka_Cocktail_Bar\"><\/span>Book a table and feel the atmosphere of an Italian aperitivo at Czeczotka Cocktail Bar<span class=\"ez-toc-section-end\"><\/span><\/h2>\n\n\n\n<p class=\"has-text-align-center has-medium-font-size\">You will ensure unforgettable moments of relaxation by visiting Czeczotka Cocktail Bar. Book a table to enjoy the refreshing taste of an Aperol Spritz accompanied by selected snacks. You can book a table by phone or by using the form on the website under the \u2018<a href=\"https:\/\/czeczotkabar.pl\/index.php\/en\/contact-en\/\">Contact<\/a>\u2019 tab.<\/p>\n\n\n\n<div style=\"height:50px\" aria-hidden=\"true\" class=\"wp-block-spacer\"><\/div>\n\n\n\n<h2 class=\"wp-block-heading has-text-align-center\"><span class=\"ez-toc-section\" id=\"How_do_I_get_to_our_premises_and_order_the_perfect_Aperol_Spritz\"><\/span>How do I get to our premises and order the perfect Aperol Spritz?<span class=\"ez-toc-section-end\"><\/span><\/h2>\n\n\n\n<p class=\"has-text-align-center has-medium-font-size\">Our premises are located on the corner of St. Anne&#8217;s and Wislna Streets &#8211; just a short walk from the Main Square. <strong>It&#8217;s the perfect location whether you&#8217;re planning an afternoon business meeting or an evening relaxing with friends over a perfectly prepared Aperol Spritz<\/strong>. If you are planning a larger meeting, an event or a private evening with business partners, book our <a href=\"https:\/\/czeczotkabar.pl\/index.php\/en\/charmant-en\/\">event room<\/a>.<\/p>\n\n\n\n<div style=\"height:50px\" aria-hidden=\"true\" class=\"wp-block-spacer\"><\/div>\n\n\n\n<h2 class=\"wp-block-heading has-text-align-center\"><span class=\"ez-toc-section\" id=\"What_else_do_we_serve_at_the_cocktail_bar_besides_Aperol\"><\/span>What else do we serve at the cocktail bar besides Aperol?<span class=\"ez-toc-section-end\"><\/span><\/h2>\n\n\n\n<p class=\"has-text-align-center has-medium-font-size\">In our <a href=\"https:\/\/czeczotkabar.pl\/index.php\/en\/cocktails-en\/\">Coctail Bar<\/a>, in addition to the Aperol Spritz, you will also order Czeczotka&#8217;s own cocktails and the classics we all know. Wine lovers will be delighted with our exceptionally wide-ranging menu, which includes selected red, white, ros\u00e9, sparkling <a href=\"https:\/\/czeczotkabar.pl\/index.php\/en\/wine-bar-en\/\">wines <\/a>and champagnes from all over the world. Depending on your preferences, you can also opt for non-alcoholic drinks that have been perfectly composed by our bartenders.<\/p>\n\n\n\n<div style=\"height:50px\" aria-hidden=\"true\" class=\"wp-block-spacer\"><\/div>\n\n\n\n<h2 class=\"wp-block-heading has-text-align-center\"><span class=\"ez-toc-section\" id=\"Aperol_Spritz_%E2%80%93_FAQ\"><\/span>Aperol Spritz &#8211; FAQ<span class=\"ez-toc-section-end\"><\/span><\/h2>\n\n\n\n<div style=\"height:20px\" aria-hidden=\"true\" class=\"wp-block-spacer\"><\/div>\n\n\n\n<h3 class=\"wp-block-heading\">When is it best to drink Aperol Spritz?<\/h3>\n\n\n\n<p class=\"has-medium-font-size\">Traditionally, Aperol Spritz is drunk as an aperitif, i.e. before a meal, to stimulate the appetite. However, it also works perfectly as a refreshing drink in the evening.<\/p>\n\n\n\n<h3 class=\"wp-block-heading\">Is Aperol Spritz a strong alcohol?<\/h3>\n\n\n\n<p class=\"has-medium-font-size\">Aperol has a relatively low alcohol content because it is mixed with Prosecco and sparkling water. The finished cocktail has a lower alcohol content than many other drinks.<\/p>\n\n\n\n<p><\/p>\n","protected":false},"excerpt":{"rendered":"","protected":false},"author":2,"featured_media":0,"parent":0,"menu_order":0,"comment_status":"closed","ping_status":"closed","template":"","meta":{"footnotes":""},"class_list":["post-17194","page","type-page","status-publish","hentry"],"_links":{"self":[{"href":"https:\/\/czeczotkabar.pl\/index.php\/wp-json\/wp\/v2\/pages\/17194","targetHints":{"allow":["GET"]}}],"collection":[{"href":"https:\/\/czeczotkabar.pl\/index.php\/wp-json\/wp\/v2\/pages"}],"about":[{"href":"https:\/\/czeczotkabar.pl\/index.php\/wp-json\/wp\/v2\/types\/page"}],"author":[{"embeddable":true,"href":"https:\/\/czeczotkabar.pl\/index.php\/wp-json\/wp\/v2\/users\/2"}],"replies":[{"embeddable":true,"href":"https:\/\/czeczotkabar.pl\/index.php\/wp-json\/wp\/v2\/comments?post=17194"}],"version-history":[{"count":3,"href":"https:\/\/czeczotkabar.pl\/index.php\/wp-json\/wp\/v2\/pages\/17194\/revisions"}],"predecessor-version":[{"id":17224,"href":"https:\/\/czeczotkabar.pl\/index.php\/wp-json\/wp\/v2\/pages\/17194\/revisions\/17224"}],"wp:attachment":[{"href":"https:\/\/czeczotkabar.pl\/index.php\/wp-json\/wp\/v2\/media?parent=17194"}],"curies":[{"name":"wp","href":"https:\/\/api.w.org\/{rel}","templated":true}]}}