{"id":17210,"date":"2025-06-10T08:04:15","date_gmt":"2025-06-10T08:04:15","guid":{"rendered":"https:\/\/czeczotkabar.pl\/?page_id=17210"},"modified":"2026-02-16T11:08:09","modified_gmt":"2026-02-16T11:08:09","slug":"truffle-dishes","status":"publish","type":"page","link":"https:\/\/czeczotkabar.pl\/index.php\/en\/truffle-dishes\/","title":{"rendered":"The best truffle dishes in Krakow Czeczotka Food &amp; Drink Bar"},"content":{"rendered":"\n<p class=\"has-text-align-center has-medium-font-size\">Truffles, known as the black gold of cuisine, are not accidentally included in our menu &#8211; their noble aroma and deep flavour go perfectly with the artfully prepared dishes we serve with attention to detail. Customers will find on the menu, among others, homemade tagliatelle with truffle cream and grana padano, beef tenderloin tartare with black truffle and exquisite finger food with this unique addition. These are the items that most often appear in photos, reviews and return to the plates of our guests. These dishes draw on the classics, but gain a unique character from the author&#8217;s interpretation and go well with our cocktail menu. If you are looking for a place in Krakow where truffles are treated with care and respect for their unique aroma, Czeczotka Food &amp; Drink Bar is the best choice.<\/p>\n\n\n\n<div style=\"height:30px\" aria-hidden=\"true\" class=\"wp-block-spacer\"><\/div>\n\n\n<div id=\"ez-toc-container\" class=\"ez-toc-v2_0_82_2 counter-hierarchy ez-toc-counter ez-toc-black ez-toc-container-direction\">\n<div class=\"ez-toc-title-container\">\n<p class=\"ez-toc-title\" style=\"cursor:inherit\">Spis tre\u015bci<\/p>\n<span class=\"ez-toc-title-toggle\"><a href=\"#\" class=\"ez-toc-pull-right ez-toc-btn ez-toc-btn-xs ez-toc-btn-default ez-toc-toggle\" aria-label=\"Prze\u0142\u0105cznik Spisu Tre\u015bci\"><span class=\"ez-toc-js-icon-con\"><span class=\"\"><span class=\"eztoc-hide\" style=\"display:none;\">Toggle<\/span><span class=\"ez-toc-icon-toggle-span\"><svg style=\"fill: #999;color:#999\" xmlns=\"http:\/\/www.w3.org\/2000\/svg\" class=\"list-377408\" width=\"20px\" height=\"20px\" viewBox=\"0 0 24 24\" fill=\"none\"><path d=\"M6 6H4v2h2V6zm14 0H8v2h12V6zM4 11h2v2H4v-2zm16 0H8v2h12v-2zM4 16h2v2H4v-2zm16 0H8v2h12v-2z\" fill=\"currentColor\"><\/path><\/svg><svg style=\"fill: #999;color:#999\" class=\"arrow-unsorted-368013\" xmlns=\"http:\/\/www.w3.org\/2000\/svg\" width=\"10px\" height=\"10px\" viewBox=\"0 0 24 24\" version=\"1.2\" baseProfile=\"tiny\"><path d=\"M18.2 9.3l-6.2-6.3-6.2 6.3c-.2.2-.3.4-.3.7s.1.5.3.7c.2.2.4.3.7.3h11c.3 0 .5-.1.7-.3.2-.2.3-.5.3-.7s-.1-.5-.3-.7zM5.8 14.7l6.2 6.3 6.2-6.3c.2-.2.3-.5.3-.7s-.1-.5-.3-.7c-.2-.2-.4-.3-.7-.3h-11c-.3 0-.5.1-.7.3-.2.2-.3.5-.3.7s.1.5.3.7z\"\/><\/svg><\/span><\/span><\/span><\/a><\/span><\/div>\n<nav><ul class='ez-toc-list ez-toc-list-level-1 eztoc-toggle-hide-by-default' ><li class='ez-toc-page-1 ez-toc-heading-level-2'><a class=\"ez-toc-link ez-toc-heading-1\" href=\"https:\/\/czeczotkabar.pl\/index.php\/en\/truffle-dishes\/#Truffle_dishes_for_real_gourmets_%E2%80%93_see_our_offer\">Truffle dishes for real gourmets &#8211; see our offer<\/a><\/li><li class='ez-toc-page-1 ez-toc-heading-level-2'><a class=\"ez-toc-link ez-toc-heading-2\" href=\"https:\/\/czeczotkabar.pl\/index.php\/en\/truffle-dishes\/#What_is_the_secret_of_the_excellent_taste_of_our_dishes_with_truffles\">What is the secret of the excellent taste of our dishes with truffles?<\/a><\/li><li class='ez-toc-page-1 ez-toc-heading-level-2'><a class=\"ez-toc-link ez-toc-heading-3\" href=\"https:\/\/czeczotkabar.pl\/index.php\/en\/truffle-dishes\/#What_dishes_with_truffles_from_our_offer_do_we_recommend_the_most\">What dishes with truffles from our offer do we recommend the most?<\/a><\/li><li class='ez-toc-page-1 ez-toc-heading-level-2'><a class=\"ez-toc-link ez-toc-heading-4\" href=\"https:\/\/czeczotkabar.pl\/index.php\/en\/truffle-dishes\/#Why_should_you_order_food_with_truffles_at_Czeczotka\">Why should you order food with truffles at Czeczotka?<\/a><\/li><li class='ez-toc-page-1 ez-toc-heading-level-2'><a class=\"ez-toc-link ez-toc-heading-5\" href=\"https:\/\/czeczotkabar.pl\/index.php\/en\/truffle-dishes\/#Book_a_table_and_try_the_best_truffle_dishes_in_Krakow\">Book a table and try the best truffle dishes in Krakow<\/a><\/li><li class='ez-toc-page-1 ez-toc-heading-level-2'><a class=\"ez-toc-link ez-toc-heading-6\" href=\"https:\/\/czeczotkabar.pl\/index.php\/en\/truffle-dishes\/#What_else_do_we_serve_besides_truffle_dishes\">What else do we serve besides truffle dishes?<\/a><\/li><li class='ez-toc-page-1 ez-toc-heading-level-2'><a class=\"ez-toc-link ez-toc-heading-7\" href=\"https:\/\/czeczotkabar.pl\/index.php\/en\/truffle-dishes\/#Truffle_dishes_%E2%80%93_FAQ\">Truffle dishes &#8211; FAQ<\/a><\/li><\/ul><\/nav><\/div>\n\n\n\n\n<p class=\"has-text-align-center has-black-color has-text-color has-link-color wp-elements-31ef8a46bf82daa30dab4b6adf99fd54\"><\/p>\n\n\n\n\t<section id=\"section-menu-mb-block-d12b909d-efa7-4d0e-9ad9-f677c3df1ba0\" class=\"section section-menu  alignwide has-custom-bg-color \"  style=\"background-color:transparent\"  >\n\n\t<div class=\"menu-wrap\">\n\n\t<div class=\"menu-categories menu-masonry custom\" >\n\n\t<div class=\"grid-sizer masonry-box \"><\/div>\n\n\t\n\t<\/div>\n\n\t<\/div>\n\n\t<\/section> \n\n\n\n<h3 class=\"wp-block-heading has-text-align-center\">Reviews of our truffle dishes<\/h3>\n\n\n\n<div style=\"height:50px\" aria-hidden=\"true\" class=\"wp-block-spacer\"><\/div>\n\n\n<div class=\"rpi\" style=\"\" data-id=\"18411\" data-opts='{&quot;layout&quot;:&quot;slider&quot;,&quot;style_style&quot;:&quot;1&quot;,&quot;style_stars&quot;:&quot;4&quot;,&quot;style_ava&quot;:&quot;1&quot;,&quot;head_logo&quot;:&quot;5&quot;,&quot;style_logo&quot;:&quot;1&quot;,&quot;pagination&quot;:&quot;100&quot;,&quot;text_size&quot;:&quot;&quot;,&quot;hide_avatar&quot;:false,&quot;hide_name&quot;:false,&quot;disable_review_time&quot;:false,&quot;disable_user_link&quot;:false,&quot;disable_google_link&quot;:false,&quot;open_link&quot;:true,&quot;nofollow_link&quot;:true,&quot;lazy_load_img&quot;:true,&quot;time_format&quot;:&quot;&quot;,&quot;breakpoints&quot;:&quot;&quot;,&quot;reviewer_avatar_size&quot;:&quot;56&quot;,&quot;ajax_load&quot;:false,&quot;v2&quot;:true,&quot;trans&quot;:{&quot;read more&quot;:&quot;czytaj wi\\u0119cej&quot;,&quot;review us on&quot;:&quot;oceniaj nas na&quot;,&quot;See all reviews&quot;:&quot;Zobacz wszystkie opinie&quot;,&quot;More reviews&quot;:&quot;Nast\\u0119pne Opinie&quot;,&quot;Response from the owner&quot;:&quot;Odpowied\\u017a od w\\u0142a\\u015bciciela&quot;}}' data-exec=\"\"><div class=\"rpi-cnt rpi-col-m rpi-slider rpi-sh\" data-opts='{&quot;pagination&quot;:&quot;100&quot;,&quot;speed&quot;:&quot;5&quot;,&quot;autoplay&quot;:false,&quot;wheelscroll&quot;:false,&quot;mousestop&quot;:false,&quot;clickstop&quot;:false,&quot;swipe_step&quot;:&quot;&quot;,&quot;swipe_per_btn&quot;:&quot;&quot;,&quot;swipe_per_dot&quot;:&quot;&quot;,&quot;hide_dots&quot;:false}' style=\"visibility:var(--visible, hidden)\" ><div class=\"rpi-content rpi-content_row\"><button class=\"rpi-ltgt rpi-lt rpi-slider-prev\" aria-label=\"Previous reviews\" tabindex=\"0\"><\/button><div class=\"rpi-cards rpi-slides-bite\" data-offset=\"3\" data-count=\"3\"><div class=\"rpi-card\" data-provider=\"google\" data-rat=\"5\"><div class=\"rpi-card-inner\"><div class=\"rpi-flex\"><div class=\"rpi-img-wrap\"><img decoding=\"async\" src=\"https:\/\/lh3.googleusercontent.com\/a-\/ALV-UjV6kHXc8dPdEVfo8WGRRWfVugLnekeWr3Afg7_qSmJBXPtijR2n6g=s56-c-rp-mo-ba5-br100\" class=\"rpi-img\" loading=\"lazy\" width=\"56\" height=\"56\" alt=\"\" onerror=\"if(this.src!='https:\/\/czeczotkabar.pl\/wp-content\/plugins\/business-reviews-bundle\/assets\/img\/google_avatar.png')this.src='https:\/\/czeczotkabar.pl\/wp-content\/plugins\/business-reviews-bundle\/assets\/img\/google_avatar.png';\"><\/div><div class=\"rpi-info\"><a href=\"https:\/\/maps.google.com\/maps\/contrib\/114076174050089433892\" class=\"rpi-name\" target=\"_blank\" rel=\"noopener nofollow\" aria-label=\"Peter C. - google user profile\">Peter C.<\/a><div class=\"rpi-time\" data-time=\"1753720979818\"><\/div><\/div><\/div><div class=\"rpi-body rpi-normal-up__body\"><span class=\"rpi-stars\" style=\"--rating:5\"><\/span><div class=\"rpi-text rpi-scroll\" tabindex=\"0\">Excellent bar. We had some exquisite top notch cocktails. The staff was very friendly and also we had the sourdough bread with truffle butter which was very delicious.<\/div><div class=\"rpi-media\"><img decoding=\"async\" class=\"rpi-thumb rpi-clickable\" src=\"https:\/\/lh3.googleusercontent.com\/gpms-cs-s\/ABJJf51_dBd6PirD-9dxK97YoiKzOPRS_0zghpRDH0o7JKBf9RkqE8ko0v_649v2Zi2ptqlr2n2BrVUKk3czE_4VValPRgR4kpiA82ENiRYqgEjT5SUkkgAHGbr1AfsogsCji9EePkL3o_NG25vc=s44\" onclick=\"rpi.Utils.popup('https:\/\/lh3.googleusercontent.com\/gpms-cs-s\/ABJJf51_dBd6PirD-9dxK97YoiKzOPRS_0zghpRDH0o7JKBf9RkqE8ko0v_649v2Zi2ptqlr2n2BrVUKk3czE_4VValPRgR4kpiA82ENiRYqgEjT5SUkkgAHGbr1AfsogsCji9EePkL3o_NG25vc=mm,37,22,18', 800, 600)\" alt=\"Photo from customer review\" loading=\"lazy\"><\/div><\/div><\/div><\/div><div class=\"rpi-card\" data-provider=\"google\" data-rat=\"5\"><div class=\"rpi-card-inner\"><div class=\"rpi-flex\"><div class=\"rpi-img-wrap\"><img decoding=\"async\" src=\"https:\/\/lh3.googleusercontent.com\/a-\/ALV-UjWJG37mvxbJUsrvRl86qYIDYKHU2ZZcgeT6blus2ty-ZEjZdjk=s56-c-rp-mo-ba4-br100\" class=\"rpi-img\" loading=\"lazy\" width=\"56\" height=\"56\" alt=\"\" onerror=\"if(this.src!='https:\/\/czeczotkabar.pl\/wp-content\/plugins\/business-reviews-bundle\/assets\/img\/google_avatar.png')this.src='https:\/\/czeczotkabar.pl\/wp-content\/plugins\/business-reviews-bundle\/assets\/img\/google_avatar.png';\"><\/div><div class=\"rpi-info\"><a href=\"https:\/\/search.google.com\/local\/reviews?placeid=ChIJ5QSUxA1bFkcRqelZkN0JdGc\" class=\"rpi-name\" target=\"_blank\" rel=\"noopener nofollow\" aria-label=\"Will - google user profile\">Will<\/a><div class=\"rpi-time\" data-time=\"1738656980549\"><\/div><\/div><\/div><div class=\"rpi-body rpi-normal-up__body\"><span class=\"rpi-stars\" style=\"--rating:5\"><\/span><div class=\"rpi-text rpi-scroll\" tabindex=\"0\">Excellent Cocktail Bar, with a great atmosphere and extra friendly customer service.<br \/><br \/>We tried few cocktails, which are top notch, plus some food for dinner.<br \/>Apart of the wide selection of cocktails, which all were great, the food was really good.<br \/>We were served by Kuba, which suggested and provided info regarding the best things to take, super friendly and on top with all the suggestions he provided.<br \/>Food was delicious, from starters to dessert.<br \/>We tried the truffle starters and Italian olives, pasta with truffle and the meat mini burger. All above expectations. The setup was also great.<br \/>The atmosphere is also cozy and relaxed.<br \/>Cocktails (alcoholic and non-alcoholic were delicious).<br \/><br \/>Recommended, especially if you look for a relaxed but friendly environment while enjoying a drink or even a dinner.<\/div><\/div><\/div><\/div><div class=\"rpi-card\" data-provider=\"google\" data-rat=\"5\"><div class=\"rpi-card-inner\"><div class=\"rpi-flex\"><div class=\"rpi-img-wrap\"><img decoding=\"async\" src=\"https:\/\/lh3.googleusercontent.com\/a-\/ALV-UjUzaxbPHoA22jsgd_3LCAAeDMIFv3kdMRP-rq_8Ef70JB6och97=s56-c-rp-mo-ba4-br100\" class=\"rpi-img\" loading=\"lazy\" width=\"56\" height=\"56\" alt=\"\" onerror=\"if(this.src!='https:\/\/czeczotkabar.pl\/wp-content\/plugins\/business-reviews-bundle\/assets\/img\/google_avatar.png')this.src='https:\/\/czeczotkabar.pl\/wp-content\/plugins\/business-reviews-bundle\/assets\/img\/google_avatar.png';\"><\/div><div class=\"rpi-info\"><a href=\"https:\/\/search.google.com\/local\/reviews?placeid=ChIJ5QSUxA1bFkcRqelZkN0JdGc\" class=\"rpi-name\" target=\"_blank\" rel=\"noopener nofollow\" aria-label=\"Phillip T. - google user profile\">Phillip T.<\/a><div class=\"rpi-time\" data-time=\"1708115088071\"><\/div><\/div><\/div><div class=\"rpi-body rpi-normal-up__body\"><span class=\"rpi-stars\" style=\"--rating:5\"><\/span><div class=\"rpi-text rpi-scroll\" tabindex=\"0\">Came for drinks during the day and loved the atmosphere enough to come back for dinner. My friends and I experienced delicious and creative drinks as well and some appetizers that were new to us. I was not a fan of so much cream cheese in the starters. The black truffle pasta (Czarna Trufla) was amazing to the last bite. My drinks were a penicilyna and a whiskey sour. I\u2019d also like to note how amazing our waiter was. Bartek was the perfect host; attentive, caring, patient and respectful. I even mentioned to my friends that I had never had service of that caliber.<\/div><\/div><\/div><\/div><\/div><button class=\"rpi-ltgt rpi-gt rpi-slider-next\" aria-label=\"Next reviews\" tabindex=\"0\"><\/button><div class=\"rpi-dots-wrap\"><div class=\"rpi-dots\"><\/div><\/div><\/div><\/div><script>(function(p){if(!p)return;let w=p.offsetWidth,m=function(a,b){return Math.min(a,b)===a};p.querySelector('.rpi-cnt').classList.replace('rpi-col-m','rpi-col-'+(m(w,510)?'xs':m(w,750)?'x':m(w,1050)?'s':m(w,1450)?'m':m(w,1800)?'l':'xl'))})(document.currentScript?.parentElement)<\/script><\/div>\n\n\n\n<div style=\"height:50px\" aria-hidden=\"true\" class=\"wp-block-spacer\"><\/div>\n\n\n\n<div class=\"wp-block-buttons is-content-justification-center is-layout-flex wp-container-core-buttons-is-layout-16018d1d wp-block-buttons-is-layout-flex\">\n<div class=\"wp-block-button\"><a class=\"wp-block-button__link has-text-align-center wp-element-button\" href=\"https:\/\/czeczotkabar.pl\/index.php\/en\/reviews\/\">All reviews<\/a><\/div>\n<\/div>\n\n\n\n<div style=\"height:50px\" aria-hidden=\"true\" class=\"wp-block-spacer\"><\/div>\n\n\n\n<h2 class=\"wp-block-heading has-text-align-center\"><span class=\"ez-toc-section\" id=\"Truffle_dishes_for_real_gourmets_%E2%80%93_see_our_offer\"><\/span>Truffle dishes for real gourmets &#8211; see our offer<span class=\"ez-toc-section-end\"><\/span><\/h2>\n\n\n\n<p class=\"has-text-align-center has-medium-font-size\">At Czeczotka Food &amp; Drink Bar, we serve dishes with top quality truffles that will delight the palates of our guests:<\/p>\n\n\n\n<ul class=\"wp-block-list\">\n<li class=\"has-medium-font-size\"><strong>Truffle butter with artisan sourdough bread<\/strong> &#8211; the perfect start to a culinary journey that will awaken your senses.<\/li>\n\n\n\n<li class=\"has-medium-font-size\"><strong>Exquisite gratin potatoes with black truffle from Piedmont<\/strong> &#8211; creamy, melt-in-the-mouth potatoes enriched with the intense forest aroma of black truffles. The perfect accompaniment to our selected main dishes.<\/li>\n\n\n\n<li class=\"has-medium-font-size\"><strong>Crispy home fries with truffle mayonnaise and freshly grated black truffle <\/strong>&#8211; triple-cooked potatoes that delight with their texture, served with velvety truffle mayonnaise and topped with freshly grated aromatic truffles. The perfect snack or sophisticated side dish.<\/li>\n\n\n\n<li class=\"has-medium-font-size\"><strong>Beef tenderloin tartare with fresh black truffle \u2018Nero di Bagnoli\u2019<\/strong> &#8211; Top quality, tender beef tenderloin accompanied by homemade mustard, aromatic mushroom jelly, Parmesan flakes and freshly grated \u2018Nero di Bagnoli\u2019 truffles. A proposal for real connoisseurs of refined starters.<\/li>\n\n\n\n<li class=\"has-medium-font-size\"><strong>Homemade tagliolini pasta in a creamy truffle sauce <\/strong>&#8211; delicate ribbons of pasta wrapped in a rich, velvety truffle sauce with a hint of brandy, Parmesan and fresh truffles from Piedmont. A true quintessence of Italian elegance and unforgettable taste.<\/li>\n\n\n\n<li class=\"has-medium-font-size\"><strong>\u2018Russian\u2019 dumplings in truffle sauce<\/strong> &#8211; traditional dumplings with a cottage cheese and potato filling, served in a non-obvious creamy truffle sauce that gives this iconic dish a completely new and luxurious character.<\/li>\n<\/ul>\n\n\n\n<div style=\"height:100px\" aria-hidden=\"true\" class=\"wp-block-spacer\"><\/div>\n\n\n\n<div class=\"wp-block-group alignfull custom-cta has-text-color has-medium-font-size\" style=\"color:#000000\"><div class=\"wp-block-group__inner-container is-layout-flow wp-block-group-is-layout-flow\">\n<div style=\"height:100px\" aria-hidden=\"true\" class=\"wp-block-spacer\"><\/div>\n\n\n\n<p class=\"has-text-align-center has-huge-font-size\"><strong>Are you curious about what a true culinary masterpiece tastes like?<\/strong><\/p>\n\n\n\n<p class=\"has-text-align-center has-medium-font-size\" style=\"line-height:.9\"><strong>Come to Czeczotka Food &amp; Cocktail Bar for our unique truffle dish. Call or write<\/strong><\/p>\n\n\n\n<div style=\"height:23px\" aria-hidden=\"true\" class=\"wp-block-spacer\"><\/div>\n\n\n\n<div class=\"wp-block-buttons is-horizontal is-content-justification-center is-layout-flex wp-container-core-buttons-is-layout-9393892f wp-block-buttons-is-layout-flex\">\n<div class=\"wp-block-button has-custom-width wp-block-button__width-25\" id=\"custom-cta-btn\"><a class=\"wp-block-button__link has-text-color has-background wp-element-button\" href=\"https:\/\/czeczotkabar.pl\/index.php\/en\/contact-en\/\" style=\"border-radius:50px;color:#ffffff;background-color:#dd9933\">call us!<\/a><\/div>\n<\/div>\n\n\n\n<div style=\"height:100px\" aria-hidden=\"true\" class=\"wp-block-spacer\"><\/div>\n<\/div><\/div>\n\n\n\n<div style=\"height:100px\" aria-hidden=\"true\" class=\"wp-block-spacer\"><\/div>\n\n\n\n<h2 class=\"wp-block-heading has-text-align-center\"><span class=\"ez-toc-section\" id=\"What_is_the_secret_of_the_excellent_taste_of_our_dishes_with_truffles\"><\/span>What is the secret of the excellent taste of our dishes with truffles?<span class=\"ez-toc-section-end\"><\/span><\/h2>\n\n\n\n<p class=\"has-text-align-center has-medium-font-size\">Our truffle compositions are distinguished by respect for the product, precision of execution and culinary courage. We reach for only the highest quality black mushrooms from Piedmont &#8211; fresh, aromatic, sourced from reliable suppliers. Our team of talented chefs passionately combine classic recipes with a modern approach to gastronomy. In the dishes served at Czeczotka, the truffle does not dominate, but subtly highlights the character of the dish.<\/p>\n\n\n\n<div style=\"height:100px\" aria-hidden=\"true\" class=\"wp-block-spacer\"><\/div>\n\n\n\n<div class=\"wp-block-group alignfull ekspert-box has-text-color has-medium-font-size\" style=\"color:#000000\"><div class=\"wp-block-group__inner-container is-layout-flow wp-block-group-is-layout-flow\">\n<div style=\"height:100px\" aria-hidden=\"true\" class=\"wp-block-spacer\"><\/div>\n\n\n\n<h3 class=\"wp-block-heading has-text-align-center has-huge-font-size\"><strong>According to the expert<\/strong><\/h3>\n\n\n\n<p class=\"has-text-align-center ekspert-box-content has-medium-font-size\" style=\"line-height:.9\"><strong><strong>Truffles are subterranean fungi from the truffle family (Tuberaceae) that live in symbiosis with the roots of certain deciduous trees such as oaks, beeches, hazel and poplars. They grow underground and are difficult to find. Traditionally, specially trained dogs or pigs that can smell them are used to search for them. Due to their rarity, difficulty to obtain and unique taste, truffles are one of the most expensive and luxurious culinary ingredients in the world, explains an expert from czeczotkabar.co.uk<\/strong><\/strong><\/p>\n\n\n\n<div style=\"height:100px\" aria-hidden=\"true\" class=\"wp-block-spacer\"><\/div>\n<\/div><\/div>\n\n\n\n<div style=\"height:100px\" aria-hidden=\"true\" class=\"wp-block-spacer\"><\/div>\n\n\n\n<h2 class=\"wp-block-heading has-text-align-center\"><span class=\"ez-toc-section\" id=\"What_dishes_with_truffles_from_our_offer_do_we_recommend_the_most\"><\/span>What dishes with truffles from our offer do we recommend the most?<span class=\"ez-toc-section-end\"><\/span><\/h2>\n\n\n\n<p class=\"has-text-align-center has-medium-font-size\">At <a href=\"https:\/\/czeczotkabar.pl\/index.php\/en\/\">Czeczotka Food &amp; Drink Bar<\/a>, we treat truffles as a special ingredient that can give dishes a unique flavour. <strong>From our <\/strong><a href=\"https:\/\/czeczotkabar.pl\/index.php\/en\/menu-en\/\"><strong>menu<\/strong><\/a><strong>, we particularly recommend the homemade tagliolini pasta in a creamy truffle sauce<\/strong>. This dish is a nod to classic Italian cuisine, but in our own refined edition.<\/p>\n\n\n\n<div style=\"height:50px\" aria-hidden=\"true\" class=\"wp-block-spacer\"><\/div>\n\n\n\n<h2 class=\"wp-block-heading has-text-align-center\"><span class=\"ez-toc-section\" id=\"Why_should_you_order_food_with_truffles_at_Czeczotka\"><\/span>Why should you order food with truffles at Czeczotka?<span class=\"ez-toc-section-end\"><\/span><\/h2>\n\n\n\n<p class=\"has-text-align-center has-medium-font-size\">If you&#8217;re looking for a place in Krak\u00f3w where you can eat delicious food with truffles, you absolutely must visit us. In the heart of Krakow, in the unique interior of Czeczotka Food &amp; Drink Bar, we serve<strong> dishes where truffles bring out the natural depth of the ingredients and create an unforgettable symphony of flavours<\/strong>. Each dish with truffles has been carefully composed to delight both the refined palates of our regulars and to enchant tourists looking for a unique culinary experience in the heart of Krakow.<\/p>\n\n\n\n<div style=\"height:50px\" aria-hidden=\"true\" class=\"wp-block-spacer\"><\/div>\n\n\n\n<h2 class=\"wp-block-heading has-text-align-center\"><span class=\"ez-toc-section\" id=\"Book_a_table_and_try_the_best_truffle_dishes_in_Krakow\"><\/span>Book a table and try the best truffle dishes in Krakow<span class=\"ez-toc-section-end\"><\/span><\/h2>\n\n\n\n<p class=\"has-text-align-center has-medium-font-size\">Intense, noble and unique truffles deserve an exceptional setting. At Czeczotka, we serve them as they deserve: with sensitivity, accompanied by perfectly selected ingredients and original cocktails. If you fancy sitting in the heart of the Old Town, overlooking the Cloth Hall and listening to atmospheric music, discovering a cuisine that celebrates detail and knows what real eating pleasure is &#8211; book a table and try the best truffle dishes. You can do this by phone or via the online form under the \u2018<a href=\"https:\/\/czeczotkabar.pl\/index.php\/en\/contact-en\/\">contact us<\/a>\u2019 tab.<\/p>\n\n\n\n<div style=\"height:50px\" aria-hidden=\"true\" class=\"wp-block-spacer\"><\/div>\n\n\n\n<h2 class=\"wp-block-heading has-text-align-center\"><span class=\"ez-toc-section\" id=\"What_else_do_we_serve_besides_truffle_dishes\"><\/span>What else do we serve besides truffle dishes?<span class=\"ez-toc-section-end\"><\/span><\/h2>\n\n\n\n<p class=\"has-text-align-center has-medium-font-size\">At Czeczotka Food &amp; Drink Bar, we are committed to quality and an unforgettable dining experience, which is why, in addition to truffle dishes, we also serve the world&#8217;s most prized <a href=\"https:\/\/czeczotkabar.pl\/index.php\/en\/wagyu-beef\/\">Wagyu beef<\/a>. <strong>The menu also includes perfectly seasoned and sensitively prepared <\/strong><a href=\"https:\/\/czeczotkabar.pl\/index.php\/en\/seasoned-steaks\/\"><strong>seasoned steaks<\/strong><\/a><strong>, fresh <\/strong><a href=\"https:\/\/czeczotkabar.pl\/index.php\/en\/oysters\/\"><strong>oysters<\/strong><\/a><strong>, exquisite <\/strong><a href=\"https:\/\/czeczotkabar.pl\/index.php\/en\/caviar\/\"><strong>caviar<\/strong><\/a><strong>, velvety pastas and light compositions based on seasonal ingredients<\/strong>. Our proprietary desserts, on the other hand, are a fine finish to any meal. We also have a very wide selection of drinks served at our <a href=\"https:\/\/czeczotkabar.pl\/index.php\/en\/cocktails-en\/\">cocktail bar<\/a>. Plus a selection of <a href=\"https:\/\/czeczotkabar.pl\/index.php\/en\/wine-bar-en\/\">wines<\/a> and premium spirits to enhance any meal and make the evening truly special.<\/p>\n\n\n\n<div style=\"height:50px\" aria-hidden=\"true\" class=\"wp-block-spacer\"><\/div>\n\n\n\n<h2 class=\"wp-block-heading has-text-align-center\"><span class=\"ez-toc-section\" id=\"Truffle_dishes_%E2%80%93_FAQ\"><\/span>Truffle dishes &#8211; FAQ<span class=\"ez-toc-section-end\"><\/span><\/h2>\n\n\n\n<div style=\"height:30px\" aria-hidden=\"true\" class=\"wp-block-spacer\"><\/div>\n\n\n\n<h3 class=\"wp-block-heading\">Where do the truffles used in the dishes at the Food &amp; Drink Bar come from?<\/h3>\n\n\n\n<p class=\"has-medium-font-size\">Our chefs use black truffles from Piedmont, which have a strong nutty and earthy aroma. Piedmont&#8217;s unique soil and climatic conditions, combined with the right tree species (mainly oak and hazel), contribute to the exceptional quality and aroma of the truffles there.<\/p>\n\n\n\n<h3 class=\"wp-block-heading\">What alcohol will be suitable for dishes with truffles?<\/h3>\n\n\n\n<p class=\"has-medium-font-size\">White wines such as La Spinetta Chardonnay, Joseph Drouhin Chablis Grand Cru, Grattamacco Vermentino are best suited to dishes with black truffles. Sparkling wines and champagnes will also be suitable.<\/p>\n","protected":false},"excerpt":{"rendered":"Truffles, known as the black gold of cuisine, are not accidentally included in our menu -","protected":false},"author":2,"featured_media":0,"parent":0,"menu_order":0,"comment_status":"closed","ping_status":"closed","template":"","meta":{"footnotes":""},"class_list":["post-17210","page","type-page","status-publish","hentry"],"_links":{"self":[{"href":"https:\/\/czeczotkabar.pl\/index.php\/wp-json\/wp\/v2\/pages\/17210","targetHints":{"allow":["GET"]}}],"collection":[{"href":"https:\/\/czeczotkabar.pl\/index.php\/wp-json\/wp\/v2\/pages"}],"about":[{"href":"https:\/\/czeczotkabar.pl\/index.php\/wp-json\/wp\/v2\/types\/page"}],"author":[{"embeddable":true,"href":"https:\/\/czeczotkabar.pl\/index.php\/wp-json\/wp\/v2\/users\/2"}],"replies":[{"embeddable":true,"href":"https:\/\/czeczotkabar.pl\/index.php\/wp-json\/wp\/v2\/comments?post=17210"}],"version-history":[{"count":4,"href":"https:\/\/czeczotkabar.pl\/index.php\/wp-json\/wp\/v2\/pages\/17210\/revisions"}],"predecessor-version":[{"id":18417,"href":"https:\/\/czeczotkabar.pl\/index.php\/wp-json\/wp\/v2\/pages\/17210\/revisions\/18417"}],"wp:attachment":[{"href":"https:\/\/czeczotkabar.pl\/index.php\/wp-json\/wp\/v2\/media?parent=17210"}],"curies":[{"name":"wp","href":"https:\/\/api.w.org\/{rel}","templated":true}]}}