{"id":18511,"date":"2026-02-24T08:50:40","date_gmt":"2026-02-24T08:50:40","guid":{"rendered":"https:\/\/czeczotkabar.pl\/?page_id=18511"},"modified":"2026-02-24T08:51:04","modified_gmt":"2026-02-24T08:51:04","slug":"eventy","status":"publish","type":"page","link":"https:\/\/czeczotkabar.pl\/index.php\/eventy\/","title":{"rendered":"Eventy"},"content":{"rendered":"\n\t<section id=\"hero-mb-block-682e7f0f-0aa4-47be-b573-766de1e7dbe6\" class=\"section section-hero  alignfull section-hero section-hero-image content-white has-overlay  full-viewheightmobile\" data-aos=\"fade\">\n\n\t\t\t\t\t<div class=\"hero-bgvideo-wrap\"  style=\"max-height:860px\"  >\n\t\t\t\t<video autoplay muted loop playsinline class=\"hero-bgvideo hero-background\" src=\"https:\/\/czeczotkabar.pl\/wp-content\/uploads\/2026\/02\/CZECZOTKA-ZYRANDOLE.mp4\"><\/video>\n\t\t\n\t\t<div class=\"hero-content-wrap centered-content no-image-uploaded hero-content-center hmobile-content-center hmobile-contentv-middle full-width-overlay\"  style=\"background-color:rgba(0,0,0,0.4)\" >\n\t\t\t<div class=\"hero-content section-content\">\n\t\t\t\t\t\t\t\t\t<span class=\"hero-vertical vertical-text use-body-font\">Sala \u017cyrandolowa<\/span>\n\t\t\t\t\t\t\t\t\t\t\t\t\n\t\t                \t\t                \n\t\t\t        <div class=\"hero-content-item hero-buttons\">\n\t\t\t\t\t\t\t\t\t<\/div>\n\n\t\t\t<\/div>\n\t\t<\/div>\n\n\t\t\t\t\t<\/div>\n\t\t\n\t<\/section> \n\n\n\n\n<div style=\"height:100px\" aria-hidden=\"true\" class=\"wp-block-spacer\"><\/div>\n\n\n\n<h1 class=\"wp-block-heading has-text-align-center\">Sala \u017cyrandolowa<\/h1>\n\n\n\n<p class=\"has-text-align-center has-medium-font-size\">W zabytkowych wn\u0119trzach Pa\u0142acu Czeczotka znajduje si\u0119 wyj\u0105tkowa Sala \u017byrandolowa \u2014 przestrze\u0144, w kt\u00f3rej historia spotyka si\u0119 z ponadczasow\u0105 elegancj\u0105. To idealne miejsce na organizacj\u0119 przyj\u0119cia okoliczno\u015bciowego, uroczystego balu, bankietu czy presti\u017cowego wydarzenia, kt\u00f3re na d\u0142ugo pozostanie w pami\u0119ci go\u015bci. <\/p>\n\n\n\n<p class=\"has-text-align-center has-medium-font-size\"><br>Subtelne \u015bwiat\u0142o kryszta\u0142owych \u017cyrandoli, stylowe detale architektoniczne oraz widok na klimatyczne pa\u0142acowe podw\u00f3rze tworz\u0105 niepowtarzaln\u0105 atmosfer\u0119, sprzyjaj\u0105c\u0105 celebrowaniu wyj\u0105tkowych chwil..<\/p>\n\n\n\n<p class=\"has-text-align-center has-medium-font-size\">Dope\u0142nieniem do\u015bwiadczenia jest wyrafinowana kuchnia Czeczotka Gourmet Lounge \u2014 kompozycje smak\u00f3w przygotowane z najwy\u017csz\u0105 staranno\u015bci\u0105, kt\u00f3re zadowol\u0105 nawet najbardziej wymagaj\u0105ce podniebienia.<\/p>\n\n\n\n<p class=\"has-text-align-center has-medium-font-size\">Sala \u017byrandolowa to miejsce stworzone dla tych, kt\u00f3rzy ceni\u0105 klas\u0119, presti\u017c i niezapomniany klimat wydarze\u0144 w historycznej oprawie.W samym sercu Krakowa odkryj kulinarn\u0105 per\u0142\u0119 \u2014 nasza wykwintna restauracja zaprasza na niezapomnian\u0105 podr\u00f3\u017c smak\u00f3w.<\/p>\n\n\n\n<div style=\"height:100px\" aria-hidden=\"true\" class=\"wp-block-spacer\"><\/div>\n\n\n\n\t<section id=\"section-gallery-mb-block-18cee77f-13db-410b-9b67-5ff7e3d1c126\" class=\"section section-gallery  alignfull \">\n\n\t\t<div class=\"gallery-wrap twentyfour\">\n\t\t\t\t\t<div class=\"gallery-images-masonry \">\n\n\t\t\t\t<div class=\"grid-sizer-gallery\"><\/div>\n\t\t\t\t\n\t\t\t\t\t\t<div class=\"gallery-image-wrap quarter-width square\" data-aos=\"fade-up\" data-aos-delay=\"100\"  >\n\n\t\t\t\t\t\t\t<div class=\"gallery-image-wrap-inner\">\n\n\t\t\t\t\t\t\t\t\t\t\t\t\t\t\t\t\t<a href=\"https:\/\/czeczotkabar.pl\/wp-content\/uploads\/2026\/02\/4N0A4639-1600x1600.jpg\" class=\"links_to_image\" data-caption=\" \">\n\t\t\t\t\t\t\t\t\t\t\t\t    \t\n\t\t\t\t\t\t\t\t\t<div class=\"gallery-image\" style=\"background-image: url(https:\/\/czeczotkabar.pl\/wp-content\/uploads\/2026\/02\/4N0A4639-1600x1600.jpg);\"><\/div>\n\n\t\t\t\t\t\t\t\t\t\t\t\t\t\t\t\t\t\t<div class=\"gallery-overlay\">\n\t\t\t\t\t\t\t\t\t\t\n\t\t\t\t\t\t\t\t\t\t\t<div class=\"caption\"> <\/div>\n\t\t\t\t\t\t\t\t\t\t\n\t\t\t\t\t\t\t\t\t<\/div>\n\t\t\t\t\t\t\t\t\t\n\t\t\t\t\t\t\t\t\t\t\t\t\t\t\t\t\t<\/a>\n\t\t\t\t\t\t\t\t\n\t\t\t\t\t\t\t<\/div>\n\t\t   \t \n\t\t\t\t\t\t<\/div>\n\t\t\t\t\t\t\n\t\t\t\t\n\t\t\t\n\t\t\t\t\t\t<div class=\"gallery-image-wrap quarter-width square\" data-aos=\"fade-up\" data-aos-delay=\"100\"  >\n\n\t\t\t\t\t\t\t<div class=\"gallery-image-wrap-inner\">\n\n\t\t\t\t\t\t\t\t\t\t\t\t\t\t\t\t\t<a href=\"https:\/\/czeczotkabar.pl\/wp-content\/uploads\/2026\/02\/4N0A4654-1600x1600.jpg\" class=\"links_to_image\" data-caption=\" \">\n\t\t\t\t\t\t\t\t\t\t\t\t    \t\n\t\t\t\t\t\t\t\t\t<div class=\"gallery-image\" style=\"background-image: url(https:\/\/czeczotkabar.pl\/wp-content\/uploads\/2026\/02\/4N0A4654-1600x1600.jpg);\"><\/div>\n\n\t\t\t\t\t\t\t\t\t\t\t\t\t\t\t\t\t\t<div class=\"gallery-overlay\">\n\t\t\t\t\t\t\t\t\t\t\n\t\t\t\t\t\t\t\t\t\t\t<div class=\"caption\"> <\/div>\n\t\t\t\t\t\t\t\t\t\t\n\t\t\t\t\t\t\t\t\t<\/div>\n\t\t\t\t\t\t\t\t\t\n\t\t\t\t\t\t\t\t\t\t\t\t\t\t\t\t\t<\/a>\n\t\t\t\t\t\t\t\t\n\t\t\t\t\t\t\t<\/div>\n\t\t   \t \n\t\t\t\t\t\t<\/div>\n\t\t\t\t\t\t\n\t\t\t\t\n\t\t\t\n\t\t\t\t\t\t<div class=\"gallery-image-wrap quarter-width square\" data-aos=\"fade-up\" data-aos-delay=\"100\"  >\n\n\t\t\t\t\t\t\t<div class=\"gallery-image-wrap-inner\">\n\n\t\t\t\t\t\t\t\t\t\t\t\t\t\t\t\t\t<a href=\"https:\/\/czeczotkabar.pl\/wp-content\/uploads\/2026\/02\/4N0A4668-1600x1600.jpg\" class=\"links_to_image\" data-caption=\" \">\n\t\t\t\t\t\t\t\t\t\t\t\t    \t\n\t\t\t\t\t\t\t\t\t<div class=\"gallery-image\" style=\"background-image: url(https:\/\/czeczotkabar.pl\/wp-content\/uploads\/2026\/02\/4N0A4668-1600x1600.jpg);\"><\/div>\n\n\t\t\t\t\t\t\t\t\t\t\t\t\t\t\t\t\t\t<div class=\"gallery-overlay\">\n\t\t\t\t\t\t\t\t\t\t\n\t\t\t\t\t\t\t\t\t\t\t<div class=\"caption\"> <\/div>\n\t\t\t\t\t\t\t\t\t\t\n\t\t\t\t\t\t\t\t\t<\/div>\n\t\t\t\t\t\t\t\t\t\n\t\t\t\t\t\t\t\t\t\t\t\t\t\t\t\t\t<\/a>\n\t\t\t\t\t\t\t\t\n\t\t\t\t\t\t\t<\/div>\n\t\t   \t \n\t\t\t\t\t\t<\/div>\n\t\t\t\t\t\t\n\t\t\t\t\n\t\t\t\n\t\t\t\t\t\t<div class=\"gallery-image-wrap quarter-width square\" data-aos=\"fade-up\" data-aos-delay=\"100\"  >\n\n\t\t\t\t\t\t\t<div class=\"gallery-image-wrap-inner\">\n\n\t\t\t\t\t\t\t\t\t\t\t\t\t\t\t\t\t<a href=\"https:\/\/czeczotkabar.pl\/wp-content\/uploads\/2026\/02\/4N0A4692-1600x1600.jpg\" class=\"links_to_image\" data-caption=\" \">\n\t\t\t\t\t\t\t\t\t\t\t\t    \t\n\t\t\t\t\t\t\t\t\t<div class=\"gallery-image\" style=\"background-image: url(https:\/\/czeczotkabar.pl\/wp-content\/uploads\/2026\/02\/4N0A4692-1600x1600.jpg);\"><\/div>\n\n\t\t\t\t\t\t\t\t\t\t\t\t\t\t\t\t\t\t<div class=\"gallery-overlay\">\n\t\t\t\t\t\t\t\t\t\t\n\t\t\t\t\t\t\t\t\t\t\t<div class=\"caption\"> <\/div>\n\t\t\t\t\t\t\t\t\t\t\n\t\t\t\t\t\t\t\t\t<\/div>\n\t\t\t\t\t\t\t\t\t\n\t\t\t\t\t\t\t\t\t\t\t\t\t\t\t\t\t<\/a>\n\t\t\t\t\t\t\t\t\n\t\t\t\t\t\t\t<\/div>\n\t\t   \t \n\t\t\t\t\t\t<\/div>\n\t\t\t\t\t\t\n\t\t\t\t\n\t\t\t\n\t\t\t\t\t\t<div class=\"gallery-image-wrap quarter-width square\" data-aos=\"fade-up\" data-aos-delay=\"100\"  >\n\n\t\t\t\t\t\t\t<div class=\"gallery-image-wrap-inner\">\n\n\t\t\t\t\t\t\t\t\t\t\t\t\t\t\t\t\t<a href=\"https:\/\/czeczotkabar.pl\/wp-content\/uploads\/2026\/02\/4N0A4766-1600x1600.jpg\" class=\"links_to_image\" data-caption=\" \">\n\t\t\t\t\t\t\t\t\t\t\t\t    \t\n\t\t\t\t\t\t\t\t\t<div class=\"gallery-image\" style=\"background-image: url(https:\/\/czeczotkabar.pl\/wp-content\/uploads\/2026\/02\/4N0A4766-1600x1600.jpg);\"><\/div>\n\n\t\t\t\t\t\t\t\t\t\t\t\t\t\t\t\t\t\t<div class=\"gallery-overlay\">\n\t\t\t\t\t\t\t\t\t\t\n\t\t\t\t\t\t\t\t\t\t\t<div class=\"caption\"> <\/div>\n\t\t\t\t\t\t\t\t\t\t\n\t\t\t\t\t\t\t\t\t<\/div>\n\t\t\t\t\t\t\t\t\t\n\t\t\t\t\t\t\t\t\t\t\t\t\t\t\t\t\t<\/a>\n\t\t\t\t\t\t\t\t\n\t\t\t\t\t\t\t<\/div>\n\t\t   \t \n\t\t\t\t\t\t<\/div>\n\t\t\t\t\t\t\n\t\t\t\t\n\t\t\t\n\t\t\t\t\t\t<div class=\"gallery-image-wrap quarter-width square\" data-aos=\"fade-up\" data-aos-delay=\"100\"  >\n\n\t\t\t\t\t\t\t<div class=\"gallery-image-wrap-inner\">\n\n\t\t\t\t\t\t\t\t\t\t\t\t\t\t\t\t\t<a href=\"https:\/\/czeczotkabar.pl\/wp-content\/uploads\/2026\/02\/4N0A4820-1600x1600.jpg\" class=\"links_to_image\" data-caption=\" \">\n\t\t\t\t\t\t\t\t\t\t\t\t    \t\n\t\t\t\t\t\t\t\t\t<div class=\"gallery-image\" style=\"background-image: url(https:\/\/czeczotkabar.pl\/wp-content\/uploads\/2026\/02\/4N0A4820-1600x1600.jpg);\"><\/div>\n\n\t\t\t\t\t\t\t\t\t\t\t\t\t\t\t\t\t\t<div class=\"gallery-overlay\">\n\t\t\t\t\t\t\t\t\t\t\n\t\t\t\t\t\t\t\t\t\t\t<div class=\"caption\"> <\/div>\n\t\t\t\t\t\t\t\t\t\t\n\t\t\t\t\t\t\t\t\t<\/div>\n\t\t\t\t\t\t\t\t\t\n\t\t\t\t\t\t\t\t\t\t\t\t\t\t\t\t\t<\/a>\n\t\t\t\t\t\t\t\t\n\t\t\t\t\t\t\t<\/div>\n\t\t   \t \n\t\t\t\t\t\t<\/div>\n\t\t\t\t\t\t\n\t\t\t\t\n\t\t\t\n\t\t\t\t\t\t<div class=\"gallery-image-wrap quarter-width square\" data-aos=\"fade-up\" data-aos-delay=\"100\"  >\n\n\t\t\t\t\t\t\t<div class=\"gallery-image-wrap-inner\">\n\n\t\t\t\t\t\t\t\t\t\t\t\t\t\t\t\t\t<a href=\"https:\/\/czeczotkabar.pl\/wp-content\/uploads\/2026\/02\/4N0A4656-1600x1600.jpg\" class=\"links_to_image\" data-caption=\" \">\n\t\t\t\t\t\t\t\t\t\t\t\t    \t\n\t\t\t\t\t\t\t\t\t<div class=\"gallery-image\" style=\"background-image: url(https:\/\/czeczotkabar.pl\/wp-content\/uploads\/2026\/02\/4N0A4656-1600x1600.jpg);\"><\/div>\n\n\t\t\t\t\t\t\t\t\t\t\t\t\t\t\t\t\t\t<div class=\"gallery-overlay\">\n\t\t\t\t\t\t\t\t\t\t\n\t\t\t\t\t\t\t\t\t\t\t<div class=\"caption\"> <\/div>\n\t\t\t\t\t\t\t\t\t\t\n\t\t\t\t\t\t\t\t\t<\/div>\n\t\t\t\t\t\t\t\t\t\n\t\t\t\t\t\t\t\t\t\t\t\t\t\t\t\t\t<\/a>\n\t\t\t\t\t\t\t\t\n\t\t\t\t\t\t\t<\/div>\n\t\t   \t \n\t\t\t\t\t\t<\/div>\n\t\t\t\t\t\t\n\t\t\t\t\n\t\t\t\n\t\t\t\t\t\t<div class=\"gallery-image-wrap quarter-width square\" data-aos=\"fade-up\" data-aos-delay=\"100\"  >\n\n\t\t\t\t\t\t\t<div class=\"gallery-image-wrap-inner\">\n\n\t\t\t\t\t\t\t\t\t\t\t\t\t\t\t\t\t<a href=\"https:\/\/czeczotkabar.pl\/wp-content\/uploads\/2026\/02\/4N0A4828-1600x1600.jpg\" class=\"links_to_image\" data-caption=\" \">\n\t\t\t\t\t\t\t\t\t\t\t\t    \t\n\t\t\t\t\t\t\t\t\t<div class=\"gallery-image\" style=\"background-image: url(https:\/\/czeczotkabar.pl\/wp-content\/uploads\/2026\/02\/4N0A4828-1600x1600.jpg);\"><\/div>\n\n\t\t\t\t\t\t\t\t\t\t\t\t\t\t\t\t\t\t<div class=\"gallery-overlay\">\n\t\t\t\t\t\t\t\t\t\t\n\t\t\t\t\t\t\t\t\t\t\t<div class=\"caption\"> <\/div>\n\t\t\t\t\t\t\t\t\t\t\n\t\t\t\t\t\t\t\t\t<\/div>\n\t\t\t\t\t\t\t\t\t\n\t\t\t\t\t\t\t\t\t\t\t\t\t\t\t\t\t<\/a>\n\t\t\t\t\t\t\t\t\n\t\t\t\t\t\t\t<\/div>\n\t\t   \t \n\t\t\t\t\t\t<\/div>\n\t\t\t\t\t\t\n\t\t\t\t\n\t\t\t\t\t\t<\/div>\n\t\t\t\t<\/div>\n\t<\/section> \n\n\n\n<div style=\"height:100px\" aria-hidden=\"true\" class=\"wp-block-spacer\"><\/div>\n\n\n\n<div style=\"height:50px\" aria-hidden=\"true\" class=\"wp-block-spacer\"><\/div>\n\n\n\n<div class=\"wp-block-group alignfull custom-cta has-text-color has-medium-font-size\" style=\"color:#000000\"><div class=\"wp-block-group__inner-container is-layout-flow wp-block-group-is-layout-flow\">\n<p class=\"has-text-align-center has-huge-font-size\"><strong>Chcesz uczci\u0107 wyj\u0105tkow\u0105 chwil\u0119 w niepowtarzalny spos\u00f3b?<\/strong><\/p>\n\n\n\n<p class=\"has-text-align-center has-medium-font-size\" style=\"line-height:.9\"><strong>Zadzwo\u0144 lub napisz, aby wynaj\u0105\u0107 Sal\u0119 \u017byrandolow\u0105 na prywatny event<\/strong><\/p>\n\n\n\n<div style=\"height:20px\" aria-hidden=\"true\" class=\"wp-block-spacer\"><\/div>\n\n\n\n<div class=\"wp-block-buttons is-horizontal is-content-justification-center is-layout-flex wp-container-core-buttons-is-layout-9393892f wp-block-buttons-is-layout-flex\">\n<div class=\"wp-block-button has-custom-width wp-block-button__width-25\" id=\"custom-cta-btn\"><a class=\"wp-block-button__link has-text-color has-background wp-element-button\" href=\"https:\/\/czeczotkabar.pl\/index.php\/kontakt\/\" style=\"border-radius:50px;color:#ffffff;background-color:#dd9933\">Zadzwo\u0144<\/a><\/div>\n<\/div>\n<\/div><\/div>\n\n\n\n<div style=\"height:100px\" aria-hidden=\"true\" class=\"wp-block-spacer\"><\/div>\n","protected":false},"excerpt":{"rendered":"Sala \u017cyrandolowa W zabytkowych wn\u0119trzach Pa\u0142acu Czeczotka znajduje si\u0119 wyj\u0105tkowa Sala \u017byrandolowa \u2014 przestrze\u0144, w kt\u00f3rej","protected":false},"author":3,"featured_media":0,"parent":0,"menu_order":19,"comment_status":"closed","ping_status":"closed","template":"","meta":{"footnotes":""},"class_list":["post-18511","page","type-page","status-publish","hentry"],"_links":{"self":[{"href":"https:\/\/czeczotkabar.pl\/index.php\/wp-json\/wp\/v2\/pages\/18511","targetHints":{"allow":["GET"]}}],"collection":[{"href":"https:\/\/czeczotkabar.pl\/index.php\/wp-json\/wp\/v2\/pages"}],"about":[{"href":"https:\/\/czeczotkabar.pl\/index.php\/wp-json\/wp\/v2\/types\/page"}],"author":[{"embeddable":true,"href":"https:\/\/czeczotkabar.pl\/index.php\/wp-json\/wp\/v2\/users\/3"}],"replies":[{"embeddable":true,"href":"https:\/\/czeczotkabar.pl\/index.php\/wp-json\/wp\/v2\/comments?post=18511"}],"version-history":[{"count":3,"href":"https:\/\/czeczotkabar.pl\/index.php\/wp-json\/wp\/v2\/pages\/18511\/revisions"}],"predecessor-version":[{"id":18518,"href":"https:\/\/czeczotkabar.pl\/index.php\/wp-json\/wp\/v2\/pages\/18511\/revisions\/18518"}],"wp:attachment":[{"href":"https:\/\/czeczotkabar.pl\/index.php\/wp-json\/wp\/v2\/media?parent=18511"}],"curies":[{"name":"wp","href":"https:\/\/api.w.org\/{rel}","templated":true}]}}