{"id":18524,"date":"2026-03-23T06:30:22","date_gmt":"2026-03-23T06:30:22","guid":{"rendered":"https:\/\/czeczotkabar.pl\/?page_id=18524"},"modified":"2026-03-23T07:07:38","modified_gmt":"2026-03-23T07:07:38","slug":"bankiety-spotkania-firmowe","status":"publish","type":"page","link":"https:\/\/czeczotkabar.pl\/index.php\/eventy\/bankiety-spotkania-firmowe\/","title":{"rendered":"Bankiety i spotkania firmowe"},"content":{"rendered":"\n<div style=\"height:60px\" aria-hidden=\"true\" class=\"wp-block-spacer\"><\/div>\n\n\n\n<h1 class=\"wp-block-heading has-text-align-center\">Bankiety i spotkania firmowe w Krakowie w restauracji Czeczotka Cocktail Bar & Food<\/h1>\n\n\n\n<p class=\"has-text-align-center has-medium-font-size\">Wydarzenia biznesowe w sercu Krakowa nabieraj\u0105 wyj\u0105tkowego charakteru, kiedy odbywaj\u0105 si\u0119 w eleganckich wn\u0119trzach restauracji Czeczotka Cocktail Bar & Food. To jedna z najbardziej stylowych lokalizacji w mie\u015bcie, ch\u0119tnie wybierana przez firmy, kt\u00f3re chc\u0105 zrobi\u0107 wra\u017cenie na swoich go\u015bciach i nada\u0107 wydarzeniu presti\u017cowy charakter.\u00a0<strong>Przestrze\u0144 idealnie sprawdza si\u0119 podczas bankiet\u00f3w, uroczystych kolacji, integracji oraz spotka\u0144 po konferencjach<\/strong>. Historyczny klimat po\u0142\u0105czony z nowoczesnym wyko\u0144czeniem tworzy atmosfer\u0119 sprzyjaj\u0105c\u0105 zar\u00f3wno rozmowom, jak i celebracji wa\u017cnych moment\u00f3w w firmie. Go\u015bcie mog\u0105 liczy\u0107 na przemy\u015blan\u0105 opraw\u0119 kulinarn\u0105, w kt\u00f3rej czekaj\u0105 wykwintne przystawki, eleganckie dania g\u0142\u00f3wne oraz starannie dobrane wina i koktajle autorskie. Przestrze\u0144 oferuje pe\u0142n\u0105 elastyczno\u015b\u0107 przygotowania sal. Mo\u017cna stworzy\u0107 intymn\u0105 stref\u0119 VIP dla go\u015bci, zaplanowa\u0107 bankiet w formie eleganckiej kolacji serwowanej, zorganizowa\u0107 przyj\u0119cie koktajlowe z muzyk\u0105 na \u017cywo albo przygotowa\u0107 oficjaln\u0105 cz\u0119\u015b\u0107 spotkania.\u00a0<\/p>\n\n\n\n<div style=\"height:30px\" aria-hidden=\"true\" class=\"wp-block-spacer\"><\/div>\n\n\n\n\n\n\n<div style=\"height:50px\" aria-hidden=\"true\" class=\"wp-block-spacer\"><\/div>\n\n\n\n<div id=\"ez-toc-container\" class=\"ez-toc-v2_0_83 counter-hierarchy ez-toc-counter ez-toc-black ez-toc-container-direction\">\n<div class=\"ez-toc-title-container\">\n<p class=\"ez-toc-title\" style=\"cursor:inherit\">Spis tre\u015bci<\/p>\n<span class=\"ez-toc-title-toggle\"><a href=\"#\" class=\"ez-toc-pull-right ez-toc-btn ez-toc-btn-xs ez-toc-btn-default ez-toc-toggle\" aria-label=\"Prze\u0142\u0105cznik Spisu Tre\u015bci\"><span class=\"ez-toc-js-icon-con\"><span class=\"\"><span class=\"eztoc-hide\" style=\"display:none;\">Toggle<\/span><span class=\"ez-toc-icon-toggle-span\"><svg style=\"fill: #999;color:#999\" xmlns=\"http:\/\/www.w3.org\/2000\/svg\" class=\"list-377408\" width=\"20px\" height=\"20px\" viewBox=\"0 0 24 24\" fill=\"none\"><path d=\"M6 6H4v2h2V6zm14 0H8v2h12V6zM4 11h2v2H4v-2zm16 0H8v2h12v-2zM4 16h2v2H4v-2zm16 0H8v2h12v-2z\" fill=\"currentColor\"><\/path><\/svg><svg style=\"fill: #999;color:#999\" class=\"arrow-unsorted-368013\" xmlns=\"http:\/\/www.w3.org\/2000\/svg\" width=\"10px\" height=\"10px\" viewBox=\"0 0 24 24\" version=\"1.2\" baseProfile=\"tiny\"><path d=\"M18.2 9.3l-6.2-6.3-6.2 6.3c-.2.2-.3.4-.3.7s.1.5.3.7c.2.2.4.3.7.3h11c.3 0 .5-.1.7-.3.2-.2.3-.5.3-.7s-.1-.5-.3-.7zM5.8 14.7l6.2 6.3 6.2-6.3c.2-.2.3-.5.3-.7s-.1-.5-.3-.7c-.2-.2-.4-.3-.7-.3h-11c-.3 0-.5.1-.7.3-.2.2-.3.5-.3.7s.1.5.3.7z\"\/><\/svg><\/span><\/span><\/span><\/a><\/span><\/div>\n<nav><ul class='ez-toc-list ez-toc-list-level-1 eztoc-toggle-hide-by-default' ><li class='ez-toc-page-1 ez-toc-heading-level-2'><a class=\"ez-toc-link ez-toc-heading-1\" href=\"https:\/\/czeczotkabar.pl\/index.php\/eventy\/bankiety-spotkania-firmowe\/#Wydarzenia_biznesowe_w_sercu_Krakowa_w_Palacu_Czeczotka\" >Wydarzenia biznesowe w sercu Krakowa w Pa\u0142acu Czeczotka<\/a><\/li><li class='ez-toc-page-1 ez-toc-heading-level-2'><a class=\"ez-toc-link ez-toc-heading-2\" href=\"https:\/\/czeczotkabar.pl\/index.php\/eventy\/bankiety-spotkania-firmowe\/#Menu_na_imprezy_firmowe_%E2%80%93_obiady_kolacje_przekaski\" >Menu na imprezy firmowe \u2013 obiady, kolacje, przek\u0105ski<\/a><\/li><li class='ez-toc-page-1 ez-toc-heading-level-2'><a class=\"ez-toc-link ez-toc-heading-3\" href=\"https:\/\/czeczotkabar.pl\/index.php\/eventy\/bankiety-spotkania-firmowe\/#Cocktail_bar_na_event_firmowy_%E2%80%93_autorskie_koktajle_i_oprawa_barmanska\" >Cocktail bar na event firmowy \u2013 autorskie koktajle i oprawa barma\u0144ska<\/a><\/li><li class='ez-toc-page-1 ez-toc-heading-level-2'><a class=\"ez-toc-link ez-toc-heading-4\" href=\"https:\/\/czeczotkabar.pl\/index.php\/eventy\/bankiety-spotkania-firmowe\/#Ile_kosztuje_organizacja_bankietu_lub_spotkania_firmowego_w_Czeczotka_Cocktail_Bar_Food\" >Ile kosztuje organizacja bankietu lub spotkania firmowego w Czeczotka Cocktail Bar & Food?<\/a><\/li><li class='ez-toc-page-1 ez-toc-heading-level-2'><a class=\"ez-toc-link ez-toc-heading-5\" href=\"https:\/\/czeczotkabar.pl\/index.php\/eventy\/bankiety-spotkania-firmowe\/#Zarezerwuj_termin_i_stworz_wyjatkowe_wydarzenie_firmowe_w_centrum_Krakowa\" >Zarezerwuj termin i stw\u00f3rz wyj\u0105tkowe wydarzenie firmowe w centrum Krakowa<\/a><\/li><\/ul><\/nav><\/div>\n<h2 class=\"wp-block-heading has-text-align-center\"><span class=\"ez-toc-section\" id=\"Wydarzenia_biznesowe_w_sercu_Krakowa_w_Palacu_Czeczotka\"><\/span>Wydarzenia biznesowe w sercu Krakowa w Pa\u0142acu Czeczotka<span class=\"ez-toc-section-end\"><\/span><\/h2>\n\n\n\n<p class=\"has-text-align-center has-medium-font-size\">Istniej\u0105 miejsca, kt\u00f3re robi\u0105 dobre pierwsze wra\u017cenie i takie, kt\u00f3re buduj\u0105 mark\u0119 od pierwszej minuty spotkania. Wn\u0119trza Pa\u0142acu Czeczotka nale\u017c\u0105 do tej drugiej kategorii. Wyr\u00f3\u017cniaj\u0105 si\u0119 atmosfer\u0105, kt\u00f3r\u0105 trudno por\u00f3wna\u0107 z innymi lokalizacjami w mie\u015bcie. Historyczna architektura w po\u0142\u0105czeniu z dopracowanym, nowoczesnym wyko\u0144czeniem tworzy naturalne t\u0142o do prowadzenia rozm\u00f3w, prezentacji i pracy nad strategicznymi projektami.<\/p>\n\n\n\n<p class=\"has-text-align-center has-medium-font-size\">Blisko\u015b\u0107 Rynku G\u0142\u00f3wnego dodaje wydarzeniu wyj\u0105tkowej energii. Mimo centralnej lokalizacji \u0142atwo tu o skupienie, swobod\u0119 w podejmowaniu decyzji oraz warunki sprzyjaj\u0105ce budowaniu relacji na wysokim poziomie. Niezwykle wa\u017cnym elementem jest r\u00f3wnie\u017c praca zespo\u0142u obs\u0142ugi.\u00a0<strong>Dyskretna, uwa\u017cna i do\u015bwiadczona kadra czuwa nad tym, aby ka\u017cdy etap spotkania przebiega\u0142 p\u0142ynnie, a go\u015bcie czuli si\u0119 w pe\u0142ni zaopiekowani.<\/strong><\/p>\n\n\n\n<h3 class=\"wp-block-heading has-text-align-center\">Bankiety firmowe w Krakowie \u2013 eleganckie gale i uroczyste kolacje<\/h3>\n\n\n\n<p class=\"has-text-align-center has-medium-font-size\">Organizujesz gal\u0119 rozdania nagr\u00f3d? Jubileusz firmy? Kolacj\u0119 ko\u0144cz\u0105c\u0105 konferencj\u0119? Zesp\u00f3\u0142\u00a0<a href=\"https:\/\/czeczotkabar.pl\/\">Czeczotka Cocktail Bar & Food<\/a>\u00a0przygotowuje wydarzenie kompleksowo.\u00a0<\/p>\n\n\n\n<p class=\"has-medium-font-size\">Mo\u017cliwe scenariusze:<\/p>\n\n\n\n<ul class=\"wp-block-list\">\n<li class=\"has-medium-font-size\">elegancka kolacja serwowana z dopasowanym winem,<\/li>\n\n\n\n<li class=\"has-medium-font-size\">bankiet w formule koktajlowej z live cooking,<\/li>\n\n\n\n<li class=\"has-medium-font-size\">scena, nag\u0142o\u015bnienie i cz\u0119\u015b\u0107 oficjalna z przem\u00f3wieniami,<\/li>\n\n\n\n<li class=\"has-medium-font-size\">strefa VIP dla zarz\u0105du i partner\u00f3w biznesowych.<\/li>\n<\/ul>\n\n\n\n<p class=\"has-text-align-center has-medium-font-size\">Menu buduje rang\u0119 wydarzenia.\u00a0<a href=\"https:\/\/czeczotkabar.pl\/index.php\/live-music\/\">Muzyka na \u017cywo<\/a>\u00a0w klimatach jazzu, rocka i soulu wprowadza uczestnik\u00f3w w atmosfer\u0119 lekkiej elegancji, a ciep\u0142o historycznych wn\u0119trz sprawia, \u017ce uroczysto\u015b\u0107 staje si\u0119 jednocze\u015bnie podnios\u0142a i przyjemna.<\/p>\n\n\n\n<h3 class=\"wp-block-heading has-text-align-center\">Wigilia firmowa w Krakowie blisko Rynku G\u0142\u00f3wnego<\/h3>\n\n\n\n<p class=\"has-text-align-center has-medium-font-size\">Firmowa kolacja \u015bwi\u0105teczna w Czeczotka Cocktail Bar & Food zamienia grudniowy wiecz\u00f3r w pe\u0142ne ciep\u0142a i elegancji spotkanie. Wn\u0119trza Pa\u0142acu Czeczotka roz\u015bwietlaj\u0105 si\u0119 blaskiem \u015bwiec, a zimowe dekoracje i aromaty rozgrzewaj\u0105cych potraw tworz\u0105 atmosfer\u0119, kt\u00f3ra sprzyja spokojnym rozmowom i podsumowaniu roku w gronie zespo\u0142u. Subtelna muzyka w tle nadaje ca\u0142o\u015bci lekko\u015bci, dzi\u0119ki czemu wigilia firmowa w Krakowie staje si\u0119 prawdziwym momentem wytchnienia w ko\u0144c\u00f3wce roku.\u00a0<\/p>\n\n\n\n<p class=\"has-text-align-center has-medium-font-size\">Lokalizacja tu\u017c przy Rynku G\u0142\u00f3wnym dodaje temu wydarzeniu wyj\u0105tkowego uroku.\u00a0<strong>Po kolacji mo\u017cna wyj\u015b\u0107 na kr\u00f3tki spacer w\u015br\u00f3d \u015bwi\u0105tecznych iluminacji i poczu\u0107 zimowy klimat Krakowa, kt\u00f3ry w okresie przed\u015bwi\u0105tecznym zachwyca szczeg\u00f3lnie nastrojow\u0105 opraw\u0105.<\/strong><\/p>\n\n\n\n<h3 class=\"wp-block-heading has-text-align-center\">Firmowe lunche i kolacje dla zespo\u0142\u00f3w oraz kontrahent\u00f3w<\/h3>\n\n\n\n<p class=\"has-text-align-center has-medium-font-size\">Lunche biznesowe zyskuj\u0105 na znaczeniu jako spos\u00f3b budowania trwa\u0142ych relacji. W Pa\u0142acu Czeczotka te spotkania zamieniaj\u0105 si\u0119 w pe\u0142ne stylu do\u015bwiadczenie kulinarne. Autorska kuchnia serwuje dania tworzone z produkt\u00f3w najwy\u017cszej jako\u015bci, a starannie dobrana\u00a0<a href=\"https:\/\/czeczotkabar.pl\/index.php\/wine-bar\/\">karta win<\/a>\u00a0podkre\u015bla smak ka\u017cdej propozycji.Ca\u0142o\u015b\u0107 dope\u0142nia atmosfera, kt\u00f3ra ju\u017c od pierwszych chwil sprzyja swobodnej, merytorycznej rozmowie.<\/p>\n\n\n\n<p class=\"has-text-align-center has-medium-font-size\"><strong>Nasza restauracja to doskona\u0142e miejsce, aby podsumowa\u0107 istotny etap projektu, celebrowa\u0107 osi\u0105gni\u0119cia zespo\u0142u lub przedyskutowa\u0107 z partnerem kierunek przysz\u0142ej wsp\u00f3\u0142pracy.<\/strong>\u00a0Mo\u017cemy przygotowa\u0107 zar\u00f3wno niewielki st\u00f3\u0142 dla kilku os\u00f3b, jak i bardziej uroczyst\u0105 kolacj\u0119 firmow\u0105. Zesp\u00f3\u0142 Czeczotka Cocktail Bar & Food czuwa nad ka\u017cdym detalem, dzi\u0119ki czemu go\u015bcie czuj\u0105 si\u0119 w pe\u0142ni zaopiekowani, a spotkanie zostaje zapami\u0119tane jako wyj\u0105tkowy element wsp\u00f3\u0142pracy.<\/p>\n\n\n\n<h3 class=\"wp-block-heading has-text-align-center\">Spotkania biznesowe w Krakowie w eleganckiej oprawie<\/h3>\n\n\n\n<p class=\"has-text-align-center has-medium-font-size\">Kiedy planujesz spotkanie strategiczne, liczy si\u0119 co\u015b wi\u0119cej ni\u017c elegancka sala. Potrzebujesz warunk\u00f3w, kt\u00f3re sprzyjaj\u0105 skupieniu i sprawnej organizacji.\u00a0<strong>W Czeczotka Cocktail Bar & Food mo\u017cesz zaplanowa\u0107 zar\u00f3wno kameralne rozmowy przy jednym stole, jak i wi\u0119ksze spotkanie z cz\u0119\u015bci\u0105 oficjaln\u0105<\/strong>. Ustalamy uk\u0142ad przestrzeni, tempo serwisu, momenty przerw oraz opraw\u0119 muzyczn\u0105. Zesp\u00f3\u0142 czuwa nad logistyk\u0105, dzi\u0119ki czemu Ty mo\u017cesz skupi\u0107 si\u0119 na rozmowie, negocjacjach i decyzjach.<\/p>\n\n\n\n<p class=\"has-text-align-center has-medium-font-size\">Blisko\u015b\u0107 Rynku G\u0142\u00f3wnego u\u0142atwia dojazd go\u015bciom spoza miasta, a jednocze\u015bnie wn\u0119trza zapewniaj\u0105 prywatno\u015b\u0107 i swobod\u0119 prowadzenia rozm\u00f3w na najwy\u017cszym poziomie.<\/p>\n\n\n\n<div style=\"height:100px\" aria-hidden=\"true\" class=\"wp-block-spacer\"><\/div>\n\n\n\n<div class=\"wp-block-group alignfull custom-cta has-text-color has-medium-font-size\" style=\"color:#000000\"><div class=\"wp-block-group__inner-container is-layout-flow wp-block-group-is-layout-flow\">\n<div style=\"height:100px\" aria-hidden=\"true\" class=\"wp-block-spacer\"><\/div>\n\n\n\n<p class=\"has-text-align-center has-huge-font-size\"><strong>Szukasz miejsca, kt\u00f3re podkre\u015bli rang\u0119 wa\u017cnego wydarzenia w Twojej firmie?<\/strong><\/p>\n\n\n\n<p class=\"has-text-align-center has-medium-font-size\" style=\"line-height:.9\"><strong><a href=\"https:\/\/czeczotkabar.pl\/index.php\/kontakt\/\">Zarezerwuj<\/a>\u00a0przestrze\u0144 w Czeczotka Cocktail Bar & Food i zaplanuj event na najwy\u017cszym poziomie.<\/strong><\/p>\n\n\n\n<div style=\"height:20px\" aria-hidden=\"true\" class=\"wp-block-spacer\"><\/div>\n\n\n\n<div class=\"wp-block-buttons is-horizontal is-content-justification-center is-layout-flex wp-container-core-buttons-is-layout-9393892f wp-block-buttons-is-layout-flex\">\n<div class=\"wp-block-button has-custom-width wp-block-button__width-25\" id=\"custom-cta-btn\"><a class=\"wp-block-button__link has-text-color has-background wp-element-button\" href=\"https:\/\/czeczotkabar.pl\/index.php\/kontakt\/\" style=\"border-radius:50px;color:#ffffff;background-color:#dd9933\">Zadzwo\u0144<\/a><\/div>\n<\/div>\n\n\n\n<div style=\"height:100px\" aria-hidden=\"true\" class=\"wp-block-spacer\"><\/div>\n<\/div><\/div>\n\n\n\n<div style=\"height:100px\" aria-hidden=\"true\" class=\"wp-block-spacer\"><\/div>\n\n\n\n<h3 class=\"wp-block-heading has-text-align-center\">Integracje firmowe z muzyk\u0105 na \u017cywo<\/h3>\n\n\n\n<p class=\"has-text-align-center has-medium-font-size\">Je\u015bli szukasz miejsca na integracj\u0119 firmow\u0105 w Krakowie, kt\u00f3re zapewnia swobodn\u0105 atmosfer\u0119, Czeczotka Cocktail Bar & Food idealnie wpisuje si\u0119 w ten scenariusz. Wieczorne wydarzenia w naszej restauracji maj\u0105 sw\u00f3j rytm.\u00a0<strong>Muzyka na \u017cywo w klimatach jazzu, rocka i soulu buduje tworzy klimat sprzyjaj\u0105cy rozmowom i wsp\u00f3lnemu sp\u0119dzaniu czasu<\/strong>. Na barze powstaj\u0105\u00a0<a href=\"https:\/\/czeczotkabar.pl\/index.php\/cocktail-bar\/\">koktajle<\/a>\u00a0premium przygotowywane przez do\u015bwiadczonych barman\u00f3w. Kompozycje tworzone s\u0105 z dba\u0142o\u015bci\u0105 o smak, balans i estetyk\u0119 podania podkre\u015blaj\u0105 wyj\u0105tkowy ton wydarzenia.<\/p>\n\n\n\n<p class=\"has-text-align-center has-medium-font-size\">Na \u017cyczenie organizujemy tak\u017ce degustacje tematyczne, ekskluzywne warsztaty oraz indywidualne atrakcje, dzi\u0119ki kt\u00f3rym wiecz\u00f3r nabiera osobistego charakteru i pozostaje zapami\u0119tany jako wyj\u0105tkowy moment w \u017cyciu firmy.\u00a0<\/p>\n\n\n\n<h3 class=\"wp-block-heading has-text-align-center\">Bankiety jubileuszowe i wa\u017cne momenty w historii firmy<\/h3>\n\n\n\n<p class=\"has-text-align-center has-medium-font-size\">Jubileusz dzia\u0142alno\u015bci, zako\u0144czenie kluczowego projektu, wprowadzenie nowego zarz\u0105du to momenty, kt\u00f3re zas\u0142uguj\u0105 na wyj\u0105tkow\u0105 opraw\u0119.\u00a0<strong>Bankiety firmowe w Krakowie organizowane w Czeczotka Cocktail Bar & Food pozwalaj\u0105 nada\u0107 takim wydarzeniom rang\u0119, jakiej oczekuj\u0105 zar\u00f3wno pracownicy, jak i partnerzy biznesowi.<\/strong><\/p>\n\n\n\n<div style=\"height:100px\" aria-hidden=\"true\" class=\"wp-block-spacer\"><\/div>\n\n\n\n<div class=\"wp-block-group alignfull ekspert-box has-text-color has-medium-font-size\" style=\"color:#000000\"><div class=\"wp-block-group__inner-container is-layout-flow wp-block-group-is-layout-flow\">\n<div style=\"height:100px\" aria-hidden=\"true\" class=\"wp-block-spacer\"><\/div>\n\n\n\n<h3 class=\"wp-block-heading has-text-align-center has-huge-font-size\"><strong>Zdaniem eksperta<\/strong><\/h3>\n\n\n\n<p class=\"has-text-align-center ekspert-box-content has-medium-font-size\" style=\"line-height:.9\"><strong>Go\u015bcie doceniaj\u0105 tu dba\u0142o\u015b\u0107 o detal oraz spos\u00f3b, w jaki prowadzone s\u0105 firmowe uroczysto\u015bci. Ca\u0142o\u015b\u0107 przebiega p\u0142ynnie, a oprawa jest dobrana tak, aby podkre\u015bli\u0107 charakter wydarzenia i nada\u0107 mu odpowiedni ton. Dzi\u0119ki temu bankiet staje okazj\u0105 do budowania pozytywnych skojarze\u0144 z mark\u0105 i umacniania relacji wewn\u0105trz organizacji \u2013 podkre\u015bla ekspert z czeczotkabar.pl<\/strong><\/p>\n\n\n\n<div style=\"height:100px\" aria-hidden=\"true\" class=\"wp-block-spacer\"><\/div>\n<\/div><\/div>\n\n\n\n<div style=\"height:100px\" aria-hidden=\"true\" class=\"wp-block-spacer\"><\/div>\n\n\n\n<h2 class=\"wp-block-heading has-text-align-center\"><span class=\"ez-toc-section\" id=\"Menu_na_imprezy_firmowe_%E2%80%93_obiady_kolacje_przekaski\"><\/span>Menu na imprezy firmowe \u2013 obiady, kolacje, przek\u0105ski<span class=\"ez-toc-section-end\"><\/span><\/h2>\n\n\n\n<p class=\"has-text-align-center has-medium-font-size\">Oprawa kulinarna potrafi zadecydowa\u0107 o tym, jak go\u015bcie zapami\u0119taj\u0105 ca\u0142e wydarzenie. Dlatego menu w Czeczotka Cocktail Bar & Food tworzone jest z my\u015bl\u0105 o firmowych bankietach i kolacjach o podwy\u017cszonym standardzie. Ka\u017cde danie serwowane jest z dba\u0142o\u015bci\u0105 o estetyk\u0119 i tempo podania, tak aby wspiera\u0142o przebieg spotkania, a nie go rozprasza\u0142o.<\/p>\n\n\n\n<p class=\"has-text-align-center has-medium-font-size\">Go\u015bcie mog\u0105 spr\u00f3bowa\u0107 wykwintnych propozycji, kt\u00f3re wprowadzaj\u0105 wydarzenie na wy\u017cszy poziom.\u00a0<strong>W menu znajduj\u0105 si\u0119 soczyste\u00a0<\/strong><a href=\"https:\/\/czeczotkabar.pl\/index.php\/sezonowane-steki\/\"><strong>steki z sezonowanej wo\u0142owiny<\/strong><\/a><strong>, \u015bwie\u017ce\u00a0<\/strong><a href=\"https:\/\/czeczotkabar.pl\/index.php\/ostrygi\/\"><strong>ostrygi<\/strong><\/a><strong>, delikatny\u00a0<\/strong><a href=\"https:\/\/czeczotkabar.pl\/index.php\/kawior\/\"><strong>kawior<\/strong><\/a><strong>\u00a0i\u00a0<\/strong><a href=\"https:\/\/czeczotkabar.pl\/index.php\/dania-trufle\/\"><strong>potrawy z dodatkiem trufli<\/strong><\/a><strong>.<\/strong>\u00a0Dost\u0119pna jest r\u00f3wnie\u017c najbardziej ekskluzywna na \u015bwiecie\u00a0<a href=\"https:\/\/czeczotkabar.pl\/index.php\/wolowina-wagyu\/\">wo\u0142owina Wagyu<\/a>, kt\u00f3ra zachwyca intensywno\u015bci\u0105 smaku i wyj\u0105tkow\u0105 mi\u0119kko\u015bci\u0105. Serwujemy wy\u015bmienite przystawki, eleganckie makarony oraz dopracowane desery, kt\u00f3re idealnie zamykaj\u0105 firmow\u0105 kolacj\u0119.\u00a0<\/p>\n\n\n\n<h2 class=\"wp-block-heading has-text-align-center\"><span class=\"ez-toc-section\" id=\"Cocktail_bar_na_event_firmowy_%E2%80%93_autorskie_koktajle_i_oprawa_barmanska\"><\/span>Cocktail bar na event firmowy \u2013 autorskie koktajle i oprawa barma\u0144ska<span class=\"ez-toc-section-end\"><\/span><\/h2>\n\n\n\n<p class=\"has-text-align-center has-medium-font-size\">W Czeczotka Cocktail Bar & Food bar staje si\u0119 centralnym punktem wydarzenia, miejscem, kt\u00f3re przyci\u0105ga uwag\u0119 i tworzy wyj\u0105tkow\u0105 dynamik\u0119 firmowego spotkania.\u00a0<strong>Barmani przygotowuj\u0105 koktajle, kt\u00f3re zachwycaj\u0105 smakiem, aromatem i sposobem podania<\/strong>. Podczas bankiet\u00f3w firmowych du\u017cym zainteresowaniem ciesz\u0105 si\u0119 personalizowane propozycje, degustacje tematyczne oraz efektowne prezentacje barma\u0144skie. Wyselekcjonowane alkohole, autorskie syropy i \u015bwie\u017ce sk\u0142adniki pozwalaj\u0105 tworzy\u0107 kompozycje, kt\u00f3re podkre\u015blaj\u0105 charakter eventu i nadaj\u0105 mu indywidualny ton.<\/p>\n\n\n\n<h2 class=\"wp-block-heading has-text-align-center\"><span class=\"ez-toc-section\" id=\"Ile_kosztuje_organizacja_bankietu_lub_spotkania_firmowego_w_Czeczotka_Cocktail_Bar_Food\"><\/span>Ile kosztuje organizacja bankietu lub spotkania firmowego w Czeczotka Cocktail Bar & Food?<span class=\"ez-toc-section-end\"><\/span><\/h2>\n\n\n\n<p class=\"has-text-align-center has-medium-font-size\">Koszt organizacji wydarzenia firmowego w Czeczotka Cocktail Bar & Food ustalamy indywidualnie, tak aby oferta idealnie odpowiada\u0142a charakterowi spotkania, liczbie go\u015bci i oczekiwanej oprawie. Wsp\u00f3lnie wybieramy menu, dopracowujemy uk\u0142ad sali, ustalamy elementy muzyczne oraz ewentualne atrakcje towarzysz\u0105ce.\u00a0<\/p>\n\n\n\n<p class=\"has-text-align-center has-medium-font-size\"><strong>Aby przygotowa\u0107 dok\u0142adn\u0105 wycen\u0119 bankietu lub spotkania firmowego, potrzebujemy jedynie terminu i kilku podstawowych informacji o planowanym wydarzeniu<\/strong>. Na tej podstawie stworzymy spersonalizowan\u0105 propozycj\u0119 z uwzgl\u0119dnieniem dost\u0119pnego bud\u017cetu.\u00a0<\/p>\n\n\n\n<p class=\"has-text-align-center has-medium-font-size\">W <a href=\"https:\/\/czeczotkabar.pl\/\">Czeczotka Cocktail Bar & Food<\/a> tworzymy koktajle, kt\u00f3re zachwycaj\u0105 smakiem i form\u0105 podania.<\/p>\n\n\n\n<h2 class=\"wp-block-heading has-text-align-center\"><span class=\"ez-toc-section\" id=\"Zarezerwuj_termin_i_stworz_wyjatkowe_wydarzenie_firmowe_w_centrum_Krakowa\"><\/span>Zarezerwuj termin i stw\u00f3rz wyj\u0105tkowe wydarzenie firmowe w centrum Krakowa<span class=\"ez-toc-section-end\"><\/span><\/h2>\n\n\n\n<p class=\"has-text-align-center has-medium-font-size\">Je\u015bli planujesz bankiet, spotkanie biznesowe, wigilijn\u0105 kolacj\u0119 albo integracj\u0119 w Krakowie, Czeczotka Cocktail Bar & Food stworzy dla Twojej firmy opraw\u0119, w kt\u00f3rej go\u015bcie od razu poczuj\u0105 si\u0119 dobrze. Eleganckie wn\u0119trza, dopracowane menu i atmosfera tu\u017c obok Rynku G\u0142\u00f3wnego sprawiaj\u0105, \u017ce ka\u017cde wydarzenie zyskuje naturaln\u0105 klas\u0119.<\/p>\n\n\n\n<p class=\"has-text-align-center has-medium-font-size\"><a href=\"https:\/\/czeczotkabar.pl\/index.php\/kontakt\/\">Skontaktuj si\u0119 z nami<\/a>, aby sprawdzi\u0107 dost\u0119pno\u015b\u0107 termin\u00f3w i otrzyma\u0107 spersonalizowan\u0105 ofert\u0119 imprezy firmowej w restauracji w Krakowie.<\/p>\n\n\n\n<div style=\"height:50px\" aria-hidden=\"true\" class=\"wp-block-spacer\"><\/div>\n\n\n\n<div style=\"height:50px\" aria-hidden=\"true\" class=\"wp-block-spacer\"><\/div>\n","protected":false},"excerpt":{"rendered":"Bankiety i spotkania firmowe w Krakowie w restauracji Czeczotka Cocktail Bar &amp; Food Wydarzenia biznesowe w","protected":false},"author":1,"featured_media":0,"parent":18511,"menu_order":26,"comment_status":"closed","ping_status":"closed","template":"","meta":{"footnotes":""},"class_list":["post-18524","page","type-page","status-publish","hentry"],"_links":{"self":[{"href":"https:\/\/czeczotkabar.pl\/index.php\/wp-json\/wp\/v2\/pages\/18524","targetHints":{"allow":["GET"]}}],"collection":[{"href":"https:\/\/czeczotkabar.pl\/index.php\/wp-json\/wp\/v2\/pages"}],"about":[{"href":"https:\/\/czeczotkabar.pl\/index.php\/wp-json\/wp\/v2\/types\/page"}],"author":[{"embeddable":true,"href":"https:\/\/czeczotkabar.pl\/index.php\/wp-json\/wp\/v2\/users\/1"}],"replies":[{"embeddable":true,"href":"https:\/\/czeczotkabar.pl\/index.php\/wp-json\/wp\/v2\/comments?post=18524"}],"version-history":[{"count":4,"href":"https:\/\/czeczotkabar.pl\/index.php\/wp-json\/wp\/v2\/pages\/18524\/revisions"}],"predecessor-version":[{"id":18543,"href":"https:\/\/czeczotkabar.pl\/index.php\/wp-json\/wp\/v2\/pages\/18524\/revisions\/18543"}],"up":[{"embeddable":true,"href":"https:\/\/czeczotkabar.pl\/index.php\/wp-json\/wp\/v2\/pages\/18511"}],"wp:attachment":[{"href":"https:\/\/czeczotkabar.pl\/index.php\/wp-json\/wp\/v2\/media?parent=18524"}],"curies":[{"name":"wp","href":"https:\/\/api.w.org\/{rel}","templated":true}]}}