{"id":18530,"date":"2026-03-23T06:55:25","date_gmt":"2026-03-23T06:55:25","guid":{"rendered":"https:\/\/czeczotkabar.pl\/?page_id=18530"},"modified":"2026-03-23T07:07:34","modified_gmt":"2026-03-23T07:07:34","slug":"chrzciny-przyjecia-komunijne","status":"publish","type":"page","link":"https:\/\/czeczotkabar.pl\/index.php\/eventy\/chrzciny-przyjecia-komunijne\/","title":{"rendered":"Chrzciny i przyj\u0119cia komunijne"},"content":{"rendered":"\n<div style=\"height:60px\" aria-hidden=\"true\" class=\"wp-block-spacer\"><\/div>\n\n\n\n<h1 class=\"wp-block-heading has-text-align-center\">Komunie, chrzciny, imprezy rodzinne w Krakowie w restauracji Czeczotka Cocktail Bar & Food<\/h1>\n\n\n\n<p class=\"has-text-align-center has-medium-font-size\">Komunia w Krakowie w restauracji Czeczotka Cocktail Bar & Food to elegancja celebracja w wyj\u0105tkowej lokalizacji. Zabytkowe wn\u0119trza Pa\u0142acu Czeczotka, w samym centrum miasta, tworz\u0105 idealn\u0105 sceneri\u0119 dla rodzinnych uroczysto\u015bci. Naturalne \u015bwiat\u0142o wpadaj\u0105ce przez wysokie okna, widok na Rynek G\u0142\u00f3wny i kameralna atmosfera tworz\u0105 opraw\u0119, kt\u00f3ra podkre\u015bla rang\u0119 wydarzenia i sprawia, \u017ce ten dzie\u0144 pozostaje w pami\u0119ci na d\u0142ugo. Komunie, chrzciny i rodzinne uroczysto\u015bci zyskuj\u0105 tu wyj\u0105tkowy charakter. Historyczna architektura, blisko\u015b\u0107 Rynku oraz kuchnia oparta na sk\u0142adnikach najwy\u017cszej jako\u015bci tworz\u0105 przestrze\u0144, w kt\u00f3rej mo\u017cna celebrowa\u0107 bez po\u015bpiechu. To miejsce, gdzie rodzinne spotkanie staje si\u0119 pi\u0119knym wspomnieniem, a ka\u017cdy szczeg\u00f3\u0142 buduje atmosfer\u0119 prawdziwej uroczysto\u015bci.<\/p>\n\n\n\n<div style=\"height:30px\" aria-hidden=\"true\" class=\"wp-block-spacer\"><\/div>\n\n\n\n\n\n\n<div style=\"height:50px\" aria-hidden=\"true\" class=\"wp-block-spacer\"><\/div>\n\n\n\n<div id=\"ez-toc-container\" class=\"ez-toc-v2_0_83 counter-hierarchy ez-toc-counter ez-toc-black ez-toc-container-direction\">\n<div class=\"ez-toc-title-container\">\n<p class=\"ez-toc-title\" style=\"cursor:inherit\">Spis tre\u015bci<\/p>\n<span class=\"ez-toc-title-toggle\"><a href=\"#\" class=\"ez-toc-pull-right ez-toc-btn ez-toc-btn-xs ez-toc-btn-default ez-toc-toggle\" aria-label=\"Prze\u0142\u0105cznik Spisu Tre\u015bci\"><span class=\"ez-toc-js-icon-con\"><span class=\"\"><span class=\"eztoc-hide\" style=\"display:none;\">Toggle<\/span><span class=\"ez-toc-icon-toggle-span\"><svg style=\"fill: #999;color:#999\" xmlns=\"http:\/\/www.w3.org\/2000\/svg\" class=\"list-377408\" width=\"20px\" height=\"20px\" viewBox=\"0 0 24 24\" fill=\"none\"><path d=\"M6 6H4v2h2V6zm14 0H8v2h12V6zM4 11h2v2H4v-2zm16 0H8v2h12v-2zM4 16h2v2H4v-2zm16 0H8v2h12v-2z\" fill=\"currentColor\"><\/path><\/svg><svg style=\"fill: #999;color:#999\" class=\"arrow-unsorted-368013\" xmlns=\"http:\/\/www.w3.org\/2000\/svg\" width=\"10px\" height=\"10px\" viewBox=\"0 0 24 24\" version=\"1.2\" baseProfile=\"tiny\"><path d=\"M18.2 9.3l-6.2-6.3-6.2 6.3c-.2.2-.3.4-.3.7s.1.5.3.7c.2.2.4.3.7.3h11c.3 0 .5-.1.7-.3.2-.2.3-.5.3-.7s-.1-.5-.3-.7zM5.8 14.7l6.2 6.3 6.2-6.3c.2-.2.3-.5.3-.7s-.1-.5-.3-.7c-.2-.2-.4-.3-.7-.3h-11c-.3 0-.5.1-.7.3-.2.2-.3.5-.3.7s.1.5.3.7z\"\/><\/svg><\/span><\/span><\/span><\/a><\/span><\/div>\n<nav><ul class='ez-toc-list ez-toc-list-level-1 eztoc-toggle-hide-by-default' ><li class='ez-toc-page-1 ez-toc-heading-level-2'><a class=\"ez-toc-link ez-toc-heading-1\" href=\"https:\/\/czeczotkabar.pl\/index.php\/eventy\/chrzciny-przyjecia-komunijne\/#Restauracja_na_chrzciny_i_komunie_w_Krakowie_%E2%80%93_co_oferujemy\" >Restauracja na chrzciny i komuni\u0119 w Krakowie \u2013 co oferujemy?<\/a><\/li><li class='ez-toc-page-1 ez-toc-heading-level-2'><a class=\"ez-toc-link ez-toc-heading-2\" href=\"https:\/\/czeczotkabar.pl\/index.php\/eventy\/chrzciny-przyjecia-komunijne\/#Sala_na_komunie_w_centrum_Krakowa_%E2%80%93_eleganckie_przyjecie_w_historycznych_wnetrzach\" >Sala na komuni\u0119 w centrum Krakowa \u2013 eleganckie przyj\u0119cie w historycznych wn\u0119trzach<\/a><\/li><li class='ez-toc-page-1 ez-toc-heading-level-2'><a class=\"ez-toc-link ez-toc-heading-3\" href=\"https:\/\/czeczotkabar.pl\/index.php\/eventy\/chrzciny-przyjecia-komunijne\/#Chrzciny_w_Krakowie_%E2%80%93_kameralne_spotkanie_w_wyjatkowej_oprawie\" >Chrzciny w Krakowie \u2013 kameralne spotkanie w wyj\u0105tkowej oprawie<\/a><\/li><li class='ez-toc-page-1 ez-toc-heading-level-2'><a class=\"ez-toc-link ez-toc-heading-4\" href=\"https:\/\/czeczotkabar.pl\/index.php\/eventy\/chrzciny-przyjecia-komunijne\/#Dlaczego_warto_zorganizowac_komunie_lub_chrzciny_w_eleganckiej_restauracji_w_centrum_Krakowa\" >Dlaczego warto zorganizowa\u0107 komuni\u0119 lub chrzciny w eleganckiej restauracji w centrum Krakowa?<\/a><\/li><li class='ez-toc-page-1 ez-toc-heading-level-2'><a class=\"ez-toc-link ez-toc-heading-5\" href=\"https:\/\/czeczotkabar.pl\/index.php\/eventy\/chrzciny-przyjecia-komunijne\/#Menu_na_komunie_chrzciny_i_impreze_rodzinna_%E2%80%93_co_proponujemy\" >Menu na komuni\u0119, chrzciny i imprez\u0119 rodzinn\u0105 \u2013 co proponujemy?<\/a><\/li><li class='ez-toc-page-1 ez-toc-heading-level-2'><a class=\"ez-toc-link ez-toc-heading-6\" href=\"https:\/\/czeczotkabar.pl\/index.php\/eventy\/chrzciny-przyjecia-komunijne\/#Ile_kosztuje_wynajecie_wynajecie_lokalu_na_komunie_lub_chrzciny\" >Ile kosztuje wynaj\u0119cie wynaj\u0119cie lokalu na komuni\u0119 lub chrzciny?<\/a><\/li><li class='ez-toc-page-1 ez-toc-heading-level-2'><a class=\"ez-toc-link ez-toc-heading-7\" href=\"https:\/\/czeczotkabar.pl\/index.php\/eventy\/chrzciny-przyjecia-komunijne\/#Jak_zarezerwowac_restauracje_w_Krakowie_na_komunie_lub_chrzciny_w_Czeczotka_Cocktail_Bar_Food\" >Jak zarezerwowa\u0107 restauracj\u0119 w Krakowie na komuni\u0119 lub chrzciny w Czeczotka Cocktail Bar & Food?<\/a><\/li><li class='ez-toc-page-1 ez-toc-heading-level-2'><a class=\"ez-toc-link ez-toc-heading-8\" href=\"https:\/\/czeczotkabar.pl\/index.php\/eventy\/chrzciny-przyjecia-komunijne\/#Lokalizacja_Czeczotka_Cocktail_Bar_Food_%E2%80%93_komunie_i_chrzciny_w_centrum_Krakowa\" >Lokalizacja Czeczotka Cocktail Bar & Food \u2013 komunie i chrzciny w centrum Krakowa<\/a><\/li><\/ul><\/nav><\/div>\n<h2 class=\"wp-block-heading has-text-align-center\"><span class=\"ez-toc-section\" id=\"Restauracja_na_chrzciny_i_komunie_w_Krakowie_%E2%80%93_co_oferujemy\"><\/span>Restauracja na chrzciny i komuni\u0119 w Krakowie \u2013 co oferujemy?<span class=\"ez-toc-section-end\"><\/span><\/h2>\n\n\n\n<p class=\"has-text-align-center has-medium-font-size\">Chrzciny i pierwsza komunia to jedne z najwa\u017cniejszych rodzinnych wydarze\u0144, dlatego miejsce, w kt\u00f3rym je zorganizujesz, ma ogromne znaczenie. W samym sercu Krakowa, w zabytkowej kamienicy tu\u017c przy Rynku G\u0142\u00f3wnym, znajduje si\u0119 przestrze\u0144, kt\u00f3ra idealnie wpisuje si\u0119 w charakter tych wyj\u0105tkowych chwil.<\/p>\n\n\n\n<p class=\"has-medium-font-size\">Nasz ekskluzywny\u00a0<a href=\"https:\/\/czeczotkabar.pl\/index.php\/charmant\/\">event room<\/a>\u00a0w Czeczotka Cocktail Bar & Food to doskona\u0142e miejsce do zorganizowania uroczysto\u015bci rodzinnej, takiej jak komunia czy chrzciny.\u00a0<strong>W eleganckim wn\u0119trzu, kt\u00f3re \u0142\u0105czy historyczny urok z nowoczesnym designem, mo\u017cemy komfortowo ugo\u015bci\u0107 wi\u0119ksze grupy os\u00f3b<\/strong>. To przestrze\u0144 stworzona z my\u015bl\u0105 o kameralnych wydarzeniach, kt\u00f3re zas\u0142uguj\u0105 na wyj\u0105tkow\u0105 opraw\u0119. Wysokie sufity, sztukaterie i historia wpisana w mury sprawiaj\u0105, \u017ce ka\u017cda uroczysto\u015b\u0107 zyskuje charakter, kt\u00f3rego trudno szuka\u0107 w nowoczesnych salach bankietowych. Go\u015bcie cz\u0119sto m\u00f3wi\u0105, \u017ce czuj\u0105 tu niezwyk\u0142\u0105 lekko\u015b\u0107. Wszystko jest eleganckie, ale nie przesadzone. Wystawne, ale przyjazne. Atmosfera, kt\u00f3ra panuje w naszej restauracji sprzyja budowaniu wspomnie\u0144, kt\u00f3re zostaj\u0105 w pami\u0119ci na lata.<\/p>\n\n\n\n<p class=\"has-text-align-center has-medium-font-size\">Zapewniamy pe\u0142n\u0105 obs\u0142ug\u0119 kelnersk\u0105, indywidualnie ustalane menu oraz opiek\u0119 na etapie planowania wydarzenia.\u00a0<strong>Pomagamy dobra\u0107 uk\u0142ad sto\u0142\u00f3w, zaplanowa\u0107 przebieg przyj\u0119cia i dopasowa\u0107 detale do potrzeb rodziny<\/strong>. Dzi\u0119ki temu rodzice mog\u0105 skupi\u0107 si\u0119 na tym, co w tym dniu najwa\u017cniejsze, a go\u015bcie spokojnie celebrowa\u0107 wsp\u00f3lne chwile w centrum Krakowa.<\/p>\n\n\n\n<h2 class=\"wp-block-heading has-text-align-center\"><span class=\"ez-toc-section\" id=\"Sala_na_komunie_w_centrum_Krakowa_%E2%80%93_eleganckie_przyjecie_w_historycznych_wnetrzach\"><\/span>Sala na komuni\u0119 w centrum Krakowa \u2013 eleganckie przyj\u0119cie w historycznych wn\u0119trzach<span class=\"ez-toc-section-end\"><\/span><\/h2>\n\n\n\n<p class=\"has-text-align-center has-medium-font-size\">Komunia to cz\u0119sto pierwsze naprawd\u0119 du\u017ce rodzinne przyj\u0119cie w \u017cyciu dziecka. Spotykaj\u0105 si\u0119 bliscy z r\u00f3\u017cnych stron Polski, pojawiaj\u0105 si\u0119 dziadkowie, chrzestni, przyjaciele rodziny. Ten dzie\u0144 ma swoj\u0105 rang\u0119 i wymaga odpowiedniej oprawy.<\/p>\n\n\n\n<p class=\"has-medium-font-size\">W Czeczotka Cocktail Bar & Food organizujemy komunie w przestrzeni, kt\u00f3ra naturalnie podkre\u015bla uroczysty charakter wydarzenia.\u00a0<strong>Przestronny event room pozwala komfortowo ugo\u015bci\u0107 wi\u0119ksz\u0105 liczb\u0119 os\u00f3b, a eleganckie wn\u0119trza Pa\u0142acu Czeczotka tworz\u0105 doskona\u0142e t\u0142o do rodzinnych zdj\u0119\u0107.<\/strong>\u00a0Wysokie sufity, klasyczne detale i widok na Rynek G\u0142\u00f3wny buduj\u0105 atmosfer\u0119 podnios\u0142o\u015bci.\u00a0<\/p>\n\n\n\n<p class=\"has-text-align-center has-medium-font-size\"><strong>Komunijny obiad mo\u017ce mie\u0107 klasyczn\u0105, eleganck\u0105 form\u0119 lub bardziej nowoczesny charakter, zale\u017cnie od oczekiwa\u0144 rodziny<\/strong>. Dbamy o p\u0142ynny przebieg przyj\u0119cia, odpowiednie tempo serwisu i komfort go\u015bci w ka\u017cdym wieku. Rodzice mog\u0105 skupi\u0107 si\u0119 na dziecku i bliskich, a my czuwamy nad organizacj\u0105.<\/p>\n\n\n\n<div style=\"height:100px\" aria-hidden=\"true\" class=\"wp-block-spacer\"><\/div>\n\n\n\n<div class=\"wp-block-group alignfull ekspert-box has-text-color has-medium-font-size\" style=\"color:#000000\"><div class=\"wp-block-group__inner-container is-layout-flow wp-block-group-is-layout-flow\">\n<div style=\"height:100px\" aria-hidden=\"true\" class=\"wp-block-spacer\"><\/div>\n\n\n\n<h3 class=\"wp-block-heading has-text-align-center has-huge-font-size\"><strong>Zdaniem eksperta<\/strong><\/h3>\n\n\n\n<p class=\"has-text-align-center ekspert-box-content has-medium-font-size\" style=\"line-height:.9\"><strong>Przyj\u0119cie komunijne w centrum Krakowa zawsze niesie w sobie nut\u0119 wyj\u0105tkowo\u015bci. Za oknami pulsuje \u017cycie Starego Miasta, a wewn\u0105trz panuje spok\u00f3j, kt\u00f3ry pozwala odetchn\u0105\u0107 po uroczysto\u015bci w ko\u015bciele i wej\u015b\u0107 w dalsz\u0105 cz\u0119\u015b\u0107 \u015bwi\u0119towania pierwszej komunii w rodzinnym gronie. To moment, w kt\u00f3rym mo\u017cna po prostu usi\u0105\u015b\u0107, porozmawia\u0107, zrobi\u0107 rodzinne zdj\u0119cia i cieszy\u0107 si\u0119 obecno\u015bci\u0105 bliskich \u2013 podkre\u015bla ekspert z czeczotkabar.pl.<\/strong><\/p>\n\n\n\n<p class=\"has-text-align-center ekspert-box-content has-medium-font-size\" style=\"line-height:.9\"><\/p>\n\n\n\n<div style=\"height:100px\" aria-hidden=\"true\" class=\"wp-block-spacer\"><\/div>\n<\/div><\/div>\n\n\n\n<div style=\"height:100px\" aria-hidden=\"true\" class=\"wp-block-spacer\"><\/div>\n\n\n\n<h2 class=\"wp-block-heading has-text-align-center\"><span class=\"ez-toc-section\" id=\"Chrzciny_w_Krakowie_%E2%80%93_kameralne_spotkanie_w_wyjatkowej_oprawie\"><\/span>Chrzciny w Krakowie \u2013 kameralne spotkanie w wyj\u0105tkowej oprawie<span class=\"ez-toc-section-end\"><\/span><\/h2>\n\n\n\n<p class=\"has-text-align-center has-medium-font-size\">Chrzciny to spotkanie pokole\u0144, rozmowy i u\u015bmiechy, kt\u00f3re tworz\u0105 ciep\u0142\u0105 histori\u0119 pierwszego rodzinnego \u015bwi\u0119ta dziecka. W naszych wn\u0119trzach ta atmosfera przychodzi naturalnie.\u00a0<strong>Subtelne \u015bwiat\u0142o, elegancka zastawa i dyskretna obs\u0142uga tworz\u0105 przestrze\u0144, w kt\u00f3rej mo\u017cna po prostu usi\u0105\u015b\u0107 z rodzin\u0105, porozmawia\u0107 i celebrowa\u0107 ten dzie\u0144 bez po\u015bpiechu.<\/strong><\/p>\n\n\n\n<p class=\"has-medium-font-size\">Go\u015bcie opr\u00f3cz smacznej kuchni na pewno doceni\u0105 nasz nowocze\u015bnie zaprojektowany\u00a0<a href=\"https:\/\/czeczotkabar.pl\/index.php\/charmant\/\">event room<\/a>. Menu mo\u017cemy oprze\u0107 na lekkim, eleganckim obiedzie lub formule bardziej swobodnej z przystawkami i deserami serwowanymi w spokojnym rytmie spotkania.\u00a0<\/p>\n\n\n\n<p class=\"has-text-align-center has-medium-font-size\">Lokalizacja blisko ko\u015bcio\u0142\u00f3w Starego Miasta sprawia, \u017ce przej\u015bcie z uroczysto\u015bci do restauracji odbywa si\u0119 p\u0142ynnie i bez zb\u0119dnej logistyki, a jednocze\u015bnie wn\u0119trza pozostaj\u0105 przyjemnie odseparowane od weekendowego zgie\u0142ku centrum Krakowa.<\/p>\n\n\n\n<h2 class=\"wp-block-heading has-text-align-center\"><span class=\"ez-toc-section\" id=\"Dlaczego_warto_zorganizowac_komunie_lub_chrzciny_w_eleganckiej_restauracji_w_centrum_Krakowa\"><\/span>Dlaczego warto zorganizowa\u0107 komuni\u0119 lub chrzciny w eleganckiej restauracji w centrum Krakowa?<span class=\"ez-toc-section-end\"><\/span><\/h2>\n\n\n\n<p class=\"has-text-align-center has-medium-font-size\">Rodzinne uroczysto\u015bci w Krakowie zyskuj\u0105 zupe\u0142nie nowy wymiar, gdy odbywaj\u0105 si\u0119 w miejscu, kt\u00f3re samo w sobie buduje atmosfer\u0119 \u015bwi\u0119towania. Wn\u0119trza Czeczotka Cocktail Bar & Food maj\u0105 w sobie elegancj\u0119, kt\u00f3ra nie przyt\u0142acza i ciep\u0142o pozwalaj\u0105ce od pierwszej chwili poczu\u0107 si\u0119 swobodnie.<\/p>\n\n\n\n<p class=\"has-medium-font-size\">To w\u0142a\u015bnie tutaj rodzinne spotkania zamieniaj\u0105 si\u0119 w pi\u0119kne wspomnienia, a ca\u0142a uroczysto\u015b\u0107 p\u0142ynie naturalnym rytmem, bez po\u015bpiechu i bez zb\u0119dnych formalno\u015bci.<\/p>\n\n\n\n<p class=\"has-medium-font-size\"><strong>Rodziny szczeg\u00f3lnie doceniaj\u0105:<\/strong><\/p>\n\n\n\n<ul class=\"wp-block-list\">\n<li class=\"has-medium-font-size\">wygodn\u0105 blisko\u015b\u0107 ko\u015bcio\u0142\u00f3w Starego Miasta,<\/li>\n\n\n\n<li class=\"has-medium-font-size\">stylowe wn\u0119trza, kt\u00f3re idealnie sprawdzaj\u0105 si\u0119 podczas rodzinnych zdj\u0119\u0107,<\/li>\n\n\n\n<li class=\"has-medium-font-size\">elastyczne dostosowanie przestrzeni do liczby go\u015bci,<\/li>\n\n\n\n<li class=\"has-medium-font-size\">kuchni\u0119 opart\u0105 na dopracowanych smakach,<\/li>\n\n\n\n<li class=\"has-medium-font-size\">profesjonaln\u0105, dyskretn\u0105 obs\u0142ug\u0119, czuwaj\u0105c\u0105 nad ka\u017cdym etapem rodzinnej uroczysto\u015bci.\u00a0<\/li>\n<\/ul>\n\n\n\n<div style=\"height:100px\" aria-hidden=\"true\" class=\"wp-block-spacer\"><\/div>\n\n\n\n<div class=\"wp-block-group alignfull custom-cta has-text-color has-medium-font-size\" style=\"color:#000000\"><div class=\"wp-block-group__inner-container is-layout-flow wp-block-group-is-layout-flow\">\n<div style=\"height:100px\" aria-hidden=\"true\" class=\"wp-block-spacer\"><\/div>\n\n\n\n<p class=\"has-text-align-center has-huge-font-size\"><strong>Zadbaj o to, by rodzinne \u015bwi\u0119to mia\u0142o wyj\u0105tkow\u0105 sceneri\u0119, doskona\u0142\u0105 kuchni\u0119 i profesjonaln\u0105 obs\u0142ug\u0119.<\/strong><\/p>\n\n\n\n<p class=\"has-text-align-center has-medium-font-size\" style=\"line-height:.9\"><strong><a href=\"https:\/\/czeczotkabar.pl\/index.php\/kontakt\/\">Zarezerwuj<\/a>\u00a0termin w Czeczotka Cocktail Bar & Food i pozw\u00f3l nam zadba\u0107 o ka\u017cdy detal Twojego przyj\u0119cia.<\/strong><\/p>\n\n\n\n<div style=\"height:20px\" aria-hidden=\"true\" class=\"wp-block-spacer\"><\/div>\n\n\n\n<div class=\"wp-block-buttons is-horizontal is-content-justification-center is-layout-flex wp-container-core-buttons-is-layout-9393892f wp-block-buttons-is-layout-flex\">\n<div class=\"wp-block-button has-custom-width wp-block-button__width-25\" id=\"custom-cta-btn\"><a class=\"wp-block-button__link has-text-color has-background wp-element-button\" href=\"https:\/\/czeczotkabar.pl\/index.php\/kontakt\/\" style=\"border-radius:50px;color:#ffffff;background-color:#dd9933\">Zadzwo\u0144<\/a><\/div>\n<\/div>\n\n\n\n<div style=\"height:100px\" aria-hidden=\"true\" class=\"wp-block-spacer\"><\/div>\n<\/div><\/div>\n\n\n\n<div style=\"height:100px\" aria-hidden=\"true\" class=\"wp-block-spacer\"><\/div>\n\n\n\n<h2 class=\"wp-block-heading has-text-align-center\"><span class=\"ez-toc-section\" id=\"Menu_na_komunie_chrzciny_i_impreze_rodzinna_%E2%80%93_co_proponujemy\"><\/span>Menu na komuni\u0119, chrzciny i imprez\u0119 rodzinn\u0105 \u2013 co proponujemy?<span class=\"ez-toc-section-end\"><\/span><\/h2>\n\n\n\n<p class=\"has-text-align-center has-medium-font-size\">W dniu wa\u017cnej rodzinnej uroczysto\u015bci jedzenie staje si\u0119 cz\u0119\u015bci\u0105 opowie\u015bci, kt\u00f3r\u0105 tworzycie razem. Dlatego w Czeczotka Cocktail Bar & Food stawiamy na kuchni\u0119 europejsk\u0105 w dopracowanej, eleganckiej ods\u0142onie.\u00a0<strong>Korzystamy z produkt\u00f3w najwy\u017cszej jako\u015bci, sezonowych sk\u0142adnik\u00f3w i autorskich receptur, kt\u00f3re nadaj\u0105 potrawom g\u0142\u0119bi\u0119 i charakter<\/strong>. Ca\u0142o\u015b\u0107 dope\u0142niaj\u0105 autorskie koktajle, \u015bwie\u017ce lemoniady i starannie dobrane napoje, kt\u00f3re podkre\u015blaj\u0105 smak ka\u017cdego dania i dodaj\u0105 celebracji lekko\u015bci.<\/p>\n\n\n\n<p class=\"has-text-align-center has-medium-font-size\">Proponujemy zestawy obiadowe, lekkie przystawki, desery, a tak\u017ce dania specjalne przygotowywane na \u017cyczenie. W menu nie brakuje potraw premium, kt\u00f3re naturalnie buduj\u0105 presti\u017c ca\u0142ej uroczysto\u015bci. Na \u017cyczenie mo\u017cemy poda\u0107 delikatn\u0105\u00a0<a href=\"https:\/\/czeczotkabar.pl\/index.php\/wolowina-wagyu\/\">wo\u0142owin\u0119 Wagyu<\/a>, doskonale\u00a0<a href=\"https:\/\/czeczotkabar.pl\/index.php\/sezonowane-steki\/\">sezonowane steki<\/a>, \u015bwie\u017ce\u00a0<a href=\"https:\/\/czeczotkabar.pl\/index.php\/ostrygi\/\">ostrygi<\/a>, wyselekcjonowany\u00a0<a href=\"https:\/\/czeczotkabar.pl\/index.php\/kawior\/\">kawior<\/a>\u00a0czy aromatyczne dania z truflami. Dla najm\u0142odszych mamy menu oparte na smakach, kt\u00f3re lubi\u0105 dzieci, ale podane w estetycznej, eleganckiej formie.\u00a0<\/p>\n\n\n\n<h2 class=\"wp-block-heading has-text-align-center\"><span class=\"ez-toc-section\" id=\"Ile_kosztuje_wynajecie_wynajecie_lokalu_na_komunie_lub_chrzciny\"><\/span>Ile kosztuje wynaj\u0119cie wynaj\u0119cie lokalu na komuni\u0119 lub chrzciny?<span class=\"ez-toc-section-end\"><\/span><\/h2>\n\n\n\n<p class=\"has-text-align-center has-medium-font-size\">Cena organizacji przyj\u0119cia w Czeczotka Cocktail Bar & Food zale\u017cy od charakteru uroczysto\u015bci i tego, jak wyobra\u017casz sobie ten dzie\u0144.\u00a0<strong>Na koszt wp\u0142ywa liczba go\u015bci, wyb\u00f3r menu, dodatkowe elementy oprawy oraz termin, w kt\u00f3rym ma odby\u0107 si\u0119 wydarzenie<\/strong>. Ka\u017cd\u0105 wycen\u0119 przygotowujemy indywidualnie, tak aby propozycja by\u0142a sp\u00f3jna z oczekiwaniami rodziny i odpowiada\u0142a wyj\u0105tkowo\u015bci okazji.<\/p>\n\n\n\n<p class=\"has-text-align-center has-medium-font-size\">Je\u015bli chcesz pozna\u0107 szczeg\u00f3\u0142y lub sprawdzi\u0107 dost\u0119pno\u015b\u0107 termin\u00f3w, zapraszamy do\u00a0<a href=\"https:\/\/czeczotkabar.pl\/index.php\/kontakt\/\">kontaktu<\/a>\u00a0\u2013 z przyjemno\u015bci\u0105 przygotujemy ofert\u0119 dopasowan\u0105 specjalnie do Twojego przyj\u0119cia.<\/p>\n\n\n\n<h2 class=\"wp-block-heading has-text-align-center\"><span class=\"ez-toc-section\" id=\"Jak_zarezerwowac_restauracje_w_Krakowie_na_komunie_lub_chrzciny_w_Czeczotka_Cocktail_Bar_Food\"><\/span>Jak zarezerwowa\u0107 restauracj\u0119 w Krakowie na komuni\u0119 lub chrzciny w Czeczotka Cocktail Bar & Food?<span class=\"ez-toc-section-end\"><\/span><\/h2>\n\n\n\n<p class=\"has-text-align-center has-medium-font-size\">Z roku na rok zainteresowania przyj\u0119ciami komunijnymi i chrzcinami ro\u015bnie, dlatego warto z wyprzedzeniem zarezerwowa\u0107 miejsce w naszym lokalu w centrum miasta. Przyjmujemy rezerwacje na kolejne sezony, dbaj\u0105c o to, by ka\u017cda rodzina mog\u0142a liczy\u0107 na pe\u0142n\u0105 opiek\u0119 i dopracowanie szczeg\u00f3\u0142\u00f3w.\u00a0<\/p>\n\n\n\n<h2 class=\"wp-block-heading has-text-align-center\"><span class=\"ez-toc-section\" id=\"Lokalizacja_Czeczotka_Cocktail_Bar_Food_%E2%80%93_komunie_i_chrzciny_w_centrum_Krakowa\"><\/span>Lokalizacja Czeczotka Cocktail Bar & Food \u2013 komunie i chrzciny w centrum Krakowa<span class=\"ez-toc-section-end\"><\/span><\/h2>\n\n\n\n<p class=\"has-text-align-center has-medium-font-size\">Zorganizowanie chrzcin, komunii, urodzin, rodzinnego obiadu czy jubileuszu w Czeczotka Cocktail Bar & Food to nie tylko wyb\u00f3r pi\u0119knej przestrzeni, lecz tak\u017ce mo\u017cliwo\u015b\u0107 \u015bwi\u0119towania w jednym z znanych punkt\u00f3w na gastronomicznej mapie Krakowa.\u00a0<strong>Restauracja mie\u015bci si\u0119 w zabytkowym Pa\u0142acu Czeczotka, na rogu ulic \u015bw. Anny i Wi\u015blnej, sk\u0105d rozci\u0105ga si\u0119 bezpo\u015bredni widok na Rynek G\u0142\u00f3wny, Sukiennice i pulsuj\u0105ce \u017cyciem Stare Miasto.\u00a0<\/strong><\/p>\n\n\n\n<div style=\"height:50px\" aria-hidden=\"true\" class=\"wp-block-spacer\"><\/div>\n\n\n\n<div style=\"height:50px\" aria-hidden=\"true\" class=\"wp-block-spacer\"><\/div>\n","protected":false},"excerpt":{"rendered":"Komunie, chrzciny, imprezy rodzinne w Krakowie w restauracji Czeczotka Cocktail Bar &amp; Food Komunia w Krakowie","protected":false},"author":1,"featured_media":0,"parent":18511,"menu_order":26,"comment_status":"closed","ping_status":"closed","template":"","meta":{"footnotes":""},"class_list":["post-18530","page","type-page","status-publish","hentry"],"_links":{"self":[{"href":"https:\/\/czeczotkabar.pl\/index.php\/wp-json\/wp\/v2\/pages\/18530","targetHints":{"allow":["GET"]}}],"collection":[{"href":"https:\/\/czeczotkabar.pl\/index.php\/wp-json\/wp\/v2\/pages"}],"about":[{"href":"https:\/\/czeczotkabar.pl\/index.php\/wp-json\/wp\/v2\/types\/page"}],"author":[{"embeddable":true,"href":"https:\/\/czeczotkabar.pl\/index.php\/wp-json\/wp\/v2\/users\/1"}],"replies":[{"embeddable":true,"href":"https:\/\/czeczotkabar.pl\/index.php\/wp-json\/wp\/v2\/comments?post=18530"}],"version-history":[{"count":5,"href":"https:\/\/czeczotkabar.pl\/index.php\/wp-json\/wp\/v2\/pages\/18530\/revisions"}],"predecessor-version":[{"id":18542,"href":"https:\/\/czeczotkabar.pl\/index.php\/wp-json\/wp\/v2\/pages\/18530\/revisions\/18542"}],"up":[{"embeddable":true,"href":"https:\/\/czeczotkabar.pl\/index.php\/wp-json\/wp\/v2\/pages\/18511"}],"wp:attachment":[{"href":"https:\/\/czeczotkabar.pl\/index.php\/wp-json\/wp\/v2\/media?parent=18530"}],"curies":[{"name":"wp","href":"https:\/\/api.w.org\/{rel}","templated":true}]}}