{"id":18844,"date":"2026-05-08T09:06:53","date_gmt":"2026-05-08T09:06:53","guid":{"rendered":"https:\/\/czeczotkabar.pl\/?page_id=18844"},"modified":"2026-05-08T09:12:13","modified_gmt":"2026-05-08T09:12:13","slug":"kaczka-a-la-presse","status":"publish","type":"page","link":"https:\/\/czeczotkabar.pl\/index.php\/kaczka-a-la-presse\/","title":{"rendered":"Kaczka \u00e0 la Presse"},"content":{"rendered":"\n\t<section id=\"hero-mb-block-ba93a1e1-2c10-491d-91bf-d37c8ff5fc13\" class=\"section section-hero  alignfull section-hero section-hero-image content-white has-overlay  full-viewheightmobile\" data-aos=\"fade\">\n\n\t\t\t\t\t<div class=\"hero-bgvideo-wrap\"  style=\"max-height:860px\"  >\n\t\t\t\t<video autoplay muted loop playsinline class=\"hero-bgvideo hero-background\" src=\"https:\/\/czeczotkabar.pl\/wp-content\/uploads\/2026\/05\/CZECZOTKA-WERSJA-1-GLOWNA.mp4\"><\/video>\n\t\t\n\t\t<div class=\"hero-content-wrap centered-content no-image-uploaded hero-content-center hmobile-content-center hmobile-contentv-middle full-width-overlay\"  style=\"background-color:rgba(0,0,0,0.4)\" >\n\t\t\t<div class=\"hero-content section-content\">\n\t\t\t\t\t\t\t\t\t<span class=\"hero-vertical vertical-text use-body-font\">Kaczka \u00e0 la Presse<\/span>\n\t\t\t\t\t\t\t\t\t\t\t\t\n\t\t                \t\t                \n\t\t\t        <div class=\"hero-content-item hero-buttons\">\n\t\t\t\t\t\t\t\t\t<\/div>\n\n\t\t\t<\/div>\n\t\t<\/div>\n\n\t\t\t\t\t<\/div>\n\t\t\n\t<\/section> \n\n\n\n\n<div style=\"height:100px\" aria-hidden=\"true\" class=\"wp-block-spacer\"><\/div>\n\n\n\n<h1 class=\"wp-block-heading has-text-align-center\">Kaczka \u00e0 la Presse<\/h1>\n\n\n\n<p class=\"has-text-align-center has-medium-font-size\">JESTE\u015aMY JEDYN\u0104 RESTAURACJ\u0104 W POLSCE SERWUJ\u0104C\u0104 CANARD \u00c0 LA PRESSE \u2013 IKONICZNE DANIE KLASYCZNEJ KUCHNI FRANCUSKIEJ Z KO\u0143CA XIX WIEKU.<\/p>\n\n\n\n<p class=\"has-medium-font-size\">Canard \u00e0 la Presse (znany te\u017c jako pressed duck lub canard au sang) to danie o wyrafinowanym smaku, ale tak\u017ce o bogatej historii i unikalnym rytuale przygotowania. Po wyci\u0119ciu piersi, z pozosta\u0142ego korpusu upieczonej kaczki wyciska si\u0119 za pomoc\u0105 specjalnej prasy krew i soki zwane \u201cesencj\u0105 \u017cycia kaczki\u201d, kt\u00f3re nast\u0119pnie tworz\u0105 baz\u0119 do bogatego sosu sauce au sang. Sos ten jest doprawiany mas\u0142em, koniakiem oraz innymi dodatkami.<br><br>Specjalna prasa do kaczki, cz\u0119sto dzie\u0142o sztuki ze srebra, jest integraln\u0105 cz\u0119\u015bci\u0105 ceremonii przygotowania dania przy stoliku go\u015bci, co czyni j\u0105 kulinarnym widowiskiem. Danie to cieszy si\u0119 du\u017c\u0105 renom\u0105 i jest nadal serwowane w presti\u017cowych restauracjach we Francji.<br><br>Polecane dla 1-3 os\u00f3b<br><br>Podawana w pi\u0105tki i soboty, a w pozosta\u0142e dni po wcze\u015bniejszej rezerwacji.<br>Zapytaj obs\u0142ug\u0119 o dost\u0119pno\u015b\u0107 dania.\u00a0<strong>Przygotowywana przy stoliku, na oczach Go\u015bci.<\/strong>\u00a0Czas oczekiwania: ok. 60 minut. Kaczka podawana jest z dodatkami: Carpaccio z buraka, ziemniaki gratin, sos jus z koniakiem, z kompozycj\u0105 sa\u0142at<\/p>\n\n\n\n<p class=\"has-text-align-center has-medium-font-size\"><br><a href=\"https:\/\/www.instagram.com\/reel\/DPYo0A3jJbO\/\" rel=\"nofollow noopener\" target=\"_blank\">LINK DO WIDEO Z PRZYGOTOWANIA KACZKI<\/a><\/p>\n\n\n\n<div style=\"height:100px\" aria-hidden=\"true\" class=\"wp-block-spacer\"><\/div>\n\n\n\n\t<section id=\"section-gallery-mb-block-3db5a865-9f84-4292-b039-8bcb1c43cd58\" class=\"section section-gallery  alignfull \">\n\n\t\t<div class=\"gallery-wrap twentyfour\">\n\t\t\t\t\t<div class=\"gallery-images-masonry \">\n\n\t\t\t\t<div class=\"grid-sizer-gallery\"><\/div>\n\t\t\t\t\n\t\t\t\t\t\t<div class=\"gallery-image-wrap quarter-width square\" data-aos=\"fade-up\" data-aos-delay=\"100\"  >\n\n\t\t\t\t\t\t\t<div class=\"gallery-image-wrap-inner\">\n\n\t\t\t\t\t\t\t\t\t\t\t\t\t\t\t\t\t<a href=\"https:\/\/czeczotkabar.pl\/wp-content\/uploads\/2026\/05\/PAF8563-1600x1600.jpg\" class=\"links_to_image\" data-caption=\" \">\n\t\t\t\t\t\t\t\t\t\t\t\t    \t\n\t\t\t\t\t\t\t\t\t<div class=\"gallery-image\" style=\"background-image: url(https:\/\/czeczotkabar.pl\/wp-content\/uploads\/2026\/05\/PAF8563-1600x1600.jpg);\"><\/div>\n\n\t\t\t\t\t\t\t\t\t\t\t\t\t\t\t\t\t\t<div class=\"gallery-overlay\">\n\t\t\t\t\t\t\t\t\t\t\n\t\t\t\t\t\t\t\t\t\t\t<div class=\"caption\"> <\/div>\n\t\t\t\t\t\t\t\t\t\t\n\t\t\t\t\t\t\t\t\t<\/div>\n\t\t\t\t\t\t\t\t\t\n\t\t\t\t\t\t\t\t\t\t\t\t\t\t\t\t\t<\/a>\n\t\t\t\t\t\t\t\t\n\t\t\t\t\t\t\t<\/div>\n\t\t   \t \n\t\t\t\t\t\t<\/div>\n\t\t\t\t\t\t\n\t\t\t\t\n\t\t\t\n\t\t\t\t\t\t<div class=\"gallery-image-wrap quarter-width square\" data-aos=\"fade-up\" data-aos-delay=\"100\"  >\n\n\t\t\t\t\t\t\t<div class=\"gallery-image-wrap-inner\">\n\n\t\t\t\t\t\t\t\t\t\t\t\t\t\t\t\t\t<a href=\"https:\/\/czeczotkabar.pl\/wp-content\/uploads\/2026\/05\/PAF8461-1600x1600.jpg\" class=\"links_to_image\" data-caption=\" \">\n\t\t\t\t\t\t\t\t\t\t\t\t    \t\n\t\t\t\t\t\t\t\t\t<div class=\"gallery-image\" style=\"background-image: url(https:\/\/czeczotkabar.pl\/wp-content\/uploads\/2026\/05\/PAF8461-1600x1600.jpg);\"><\/div>\n\n\t\t\t\t\t\t\t\t\t\t\t\t\t\t\t\t\t\t<div class=\"gallery-overlay\">\n\t\t\t\t\t\t\t\t\t\t\n\t\t\t\t\t\t\t\t\t\t\t<div class=\"caption\"> <\/div>\n\t\t\t\t\t\t\t\t\t\t\n\t\t\t\t\t\t\t\t\t<\/div>\n\t\t\t\t\t\t\t\t\t\n\t\t\t\t\t\t\t\t\t\t\t\t\t\t\t\t\t<\/a>\n\t\t\t\t\t\t\t\t\n\t\t\t\t\t\t\t<\/div>\n\t\t   \t \n\t\t\t\t\t\t<\/div>\n\t\t\t\t\t\t\n\t\t\t\t\n\t\t\t\n\t\t\t\t\t\t<div class=\"gallery-image-wrap quarter-width square\" data-aos=\"fade-up\" data-aos-delay=\"100\"  >\n\n\t\t\t\t\t\t\t<div class=\"gallery-image-wrap-inner\">\n\n\t\t\t\t\t\t\t\t\t\t\t\t\t\t\t\t\t<a href=\"https:\/\/czeczotkabar.pl\/wp-content\/uploads\/2026\/05\/PAF8615-1600x1600.jpg\" class=\"links_to_image\" data-caption=\" \">\n\t\t\t\t\t\t\t\t\t\t\t\t    \t\n\t\t\t\t\t\t\t\t\t<div class=\"gallery-image\" style=\"background-image: url(https:\/\/czeczotkabar.pl\/wp-content\/uploads\/2026\/05\/PAF8615-1600x1600.jpg);\"><\/div>\n\n\t\t\t\t\t\t\t\t\t\t\t\t\t\t\t\t\t\t<div class=\"gallery-overlay\">\n\t\t\t\t\t\t\t\t\t\t\n\t\t\t\t\t\t\t\t\t\t\t<div class=\"caption\"> <\/div>\n\t\t\t\t\t\t\t\t\t\t\n\t\t\t\t\t\t\t\t\t<\/div>\n\t\t\t\t\t\t\t\t\t\n\t\t\t\t\t\t\t\t\t\t\t\t\t\t\t\t\t<\/a>\n\t\t\t\t\t\t\t\t\n\t\t\t\t\t\t\t<\/div>\n\t\t   \t \n\t\t\t\t\t\t<\/div>\n\t\t\t\t\t\t\n\t\t\t\t\n\t\t\t\n\t\t\t\t\t\t<div class=\"gallery-image-wrap quarter-width square\" data-aos=\"fade-up\" data-aos-delay=\"100\"  >\n\n\t\t\t\t\t\t\t<div class=\"gallery-image-wrap-inner\">\n\n\t\t\t\t\t\t\t\t\t\t\t\t\t\t\t\t\t<a href=\"https:\/\/czeczotkabar.pl\/wp-content\/uploads\/2026\/05\/PAF8595-1600x1600.jpg\" class=\"links_to_image\" data-caption=\" \">\n\t\t\t\t\t\t\t\t\t\t\t\t    \t\n\t\t\t\t\t\t\t\t\t<div class=\"gallery-image\" style=\"background-image: url(https:\/\/czeczotkabar.pl\/wp-content\/uploads\/2026\/05\/PAF8595-1600x1600.jpg);\"><\/div>\n\n\t\t\t\t\t\t\t\t\t\t\t\t\t\t\t\t\t\t<div class=\"gallery-overlay\">\n\t\t\t\t\t\t\t\t\t\t\n\t\t\t\t\t\t\t\t\t\t\t<div class=\"caption\"> <\/div>\n\t\t\t\t\t\t\t\t\t\t\n\t\t\t\t\t\t\t\t\t<\/div>\n\t\t\t\t\t\t\t\t\t\n\t\t\t\t\t\t\t\t\t\t\t\t\t\t\t\t\t<\/a>\n\t\t\t\t\t\t\t\t\n\t\t\t\t\t\t\t<\/div>\n\t\t   \t \n\t\t\t\t\t\t<\/div>\n\t\t\t\t\t\t\n\t\t\t\t\n\t\t\t\n\t\t\t\t\t\t<div class=\"gallery-image-wrap quarter-width square\" data-aos=\"fade-up\" data-aos-delay=\"100\"  >\n\n\t\t\t\t\t\t\t<div class=\"gallery-image-wrap-inner\">\n\n\t\t\t\t\t\t\t\t\t\t\t\t\t\t\t\t\t<a href=\"https:\/\/czeczotkabar.pl\/wp-content\/uploads\/2026\/05\/PAF8645-1600x1600.jpg\" class=\"links_to_image\" data-caption=\" \">\n\t\t\t\t\t\t\t\t\t\t\t\t    \t\n\t\t\t\t\t\t\t\t\t<div class=\"gallery-image\" style=\"background-image: url(https:\/\/czeczotkabar.pl\/wp-content\/uploads\/2026\/05\/PAF8645-1600x1600.jpg);\"><\/div>\n\n\t\t\t\t\t\t\t\t\t\t\t\t\t\t\t\t\t\t<div class=\"gallery-overlay\">\n\t\t\t\t\t\t\t\t\t\t\n\t\t\t\t\t\t\t\t\t\t\t<div class=\"caption\"> <\/div>\n\t\t\t\t\t\t\t\t\t\t\n\t\t\t\t\t\t\t\t\t<\/div>\n\t\t\t\t\t\t\t\t\t\n\t\t\t\t\t\t\t\t\t\t\t\t\t\t\t\t\t<\/a>\n\t\t\t\t\t\t\t\t\n\t\t\t\t\t\t\t<\/div>\n\t\t   \t \n\t\t\t\t\t\t<\/div>\n\t\t\t\t\t\t\n\t\t\t\t\n\t\t\t\n\t\t\t\t\t\t<div class=\"gallery-image-wrap quarter-width square\" data-aos=\"fade-up\" data-aos-delay=\"100\"  >\n\n\t\t\t\t\t\t\t<div class=\"gallery-image-wrap-inner\">\n\n\t\t\t\t\t\t\t\t\t\t\t\t\t\t\t\t\t<a href=\"https:\/\/czeczotkabar.pl\/wp-content\/uploads\/2026\/05\/PAF8279-1600x1600.jpg\" class=\"links_to_image\" data-caption=\" \">\n\t\t\t\t\t\t\t\t\t\t\t\t    \t\n\t\t\t\t\t\t\t\t\t<div class=\"gallery-image\" style=\"background-image: url(https:\/\/czeczotkabar.pl\/wp-content\/uploads\/2026\/05\/PAF8279-1600x1600.jpg);\"><\/div>\n\n\t\t\t\t\t\t\t\t\t\t\t\t\t\t\t\t\t\t<div class=\"gallery-overlay\">\n\t\t\t\t\t\t\t\t\t\t\n\t\t\t\t\t\t\t\t\t\t\t<div class=\"caption\"> <\/div>\n\t\t\t\t\t\t\t\t\t\t\n\t\t\t\t\t\t\t\t\t<\/div>\n\t\t\t\t\t\t\t\t\t\n\t\t\t\t\t\t\t\t\t\t\t\t\t\t\t\t\t<\/a>\n\t\t\t\t\t\t\t\t\n\t\t\t\t\t\t\t<\/div>\n\t\t   \t \n\t\t\t\t\t\t<\/div>\n\t\t\t\t\t\t\n\t\t\t\t\n\t\t\t\n\t\t\t\t\t\t<div class=\"gallery-image-wrap quarter-width square\" data-aos=\"fade-up\" data-aos-delay=\"100\"  >\n\n\t\t\t\t\t\t\t<div class=\"gallery-image-wrap-inner\">\n\n\t\t\t\t\t\t\t\t\t\t\t\t\t\t\t\t\t<a href=\"https:\/\/czeczotkabar.pl\/wp-content\/uploads\/2026\/05\/PAF8629-1600x1600.jpg\" class=\"links_to_image\" data-caption=\" \">\n\t\t\t\t\t\t\t\t\t\t\t\t    \t\n\t\t\t\t\t\t\t\t\t<div class=\"gallery-image\" style=\"background-image: url(https:\/\/czeczotkabar.pl\/wp-content\/uploads\/2026\/05\/PAF8629-1600x1600.jpg);\"><\/div>\n\n\t\t\t\t\t\t\t\t\t\t\t\t\t\t\t\t\t\t<div class=\"gallery-overlay\">\n\t\t\t\t\t\t\t\t\t\t\n\t\t\t\t\t\t\t\t\t\t\t<div class=\"caption\"> <\/div>\n\t\t\t\t\t\t\t\t\t\t\n\t\t\t\t\t\t\t\t\t<\/div>\n\t\t\t\t\t\t\t\t\t\n\t\t\t\t\t\t\t\t\t\t\t\t\t\t\t\t\t<\/a>\n\t\t\t\t\t\t\t\t\n\t\t\t\t\t\t\t<\/div>\n\t\t   \t \n\t\t\t\t\t\t<\/div>\n\t\t\t\t\t\t\n\t\t\t\t\n\t\t\t\n\t\t\t\t\t\t<div class=\"gallery-image-wrap quarter-width square\" data-aos=\"fade-up\" data-aos-delay=\"100\"  >\n\n\t\t\t\t\t\t\t<div class=\"gallery-image-wrap-inner\">\n\n\t\t\t\t\t\t\t\t\t\t\t\t\t\t\t\t\t<a href=\"https:\/\/czeczotkabar.pl\/wp-content\/uploads\/2026\/05\/PAF8492-1600x1600.jpg\" class=\"links_to_image\" data-caption=\" \">\n\t\t\t\t\t\t\t\t\t\t\t\t    \t\n\t\t\t\t\t\t\t\t\t<div class=\"gallery-image\" style=\"background-image: url(https:\/\/czeczotkabar.pl\/wp-content\/uploads\/2026\/05\/PAF8492-1600x1600.jpg);\"><\/div>\n\n\t\t\t\t\t\t\t\t\t\t\t\t\t\t\t\t\t\t<div class=\"gallery-overlay\">\n\t\t\t\t\t\t\t\t\t\t\n\t\t\t\t\t\t\t\t\t\t\t<div class=\"caption\"> <\/div>\n\t\t\t\t\t\t\t\t\t\t\n\t\t\t\t\t\t\t\t\t<\/div>\n\t\t\t\t\t\t\t\t\t\n\t\t\t\t\t\t\t\t\t\t\t\t\t\t\t\t\t<\/a>\n\t\t\t\t\t\t\t\t\n\t\t\t\t\t\t\t<\/div>\n\t\t   \t \n\t\t\t\t\t\t<\/div>\n\t\t\t\t\t\t\n\t\t\t\t\n\t\t\t\t\t\t<\/div>\n\t\t\t\t<\/div>\n\t<\/section> \n\n\n\n<div style=\"height:100px\" aria-hidden=\"true\" class=\"wp-block-spacer\"><\/div>\n","protected":false},"excerpt":{"rendered":"Kaczka \u00e0 la Presse JESTE\u015aMY JEDYN\u0104 RESTAURACJ\u0104 W POLSCE SERWUJ\u0104C\u0104 CANARD \u00c0 LA PRESSE \u2013 IKONICZNE","protected":false},"author":3,"featured_media":0,"parent":0,"menu_order":19,"comment_status":"closed","ping_status":"closed","template":"","meta":{"footnotes":""},"class_list":["post-18844","page","type-page","status-publish","hentry"],"_links":{"self":[{"href":"https:\/\/czeczotkabar.pl\/index.php\/wp-json\/wp\/v2\/pages\/18844","targetHints":{"allow":["GET"]}}],"collection":[{"href":"https:\/\/czeczotkabar.pl\/index.php\/wp-json\/wp\/v2\/pages"}],"about":[{"href":"https:\/\/czeczotkabar.pl\/index.php\/wp-json\/wp\/v2\/types\/page"}],"author":[{"embeddable":true,"href":"https:\/\/czeczotkabar.pl\/index.php\/wp-json\/wp\/v2\/users\/3"}],"replies":[{"embeddable":true,"href":"https:\/\/czeczotkabar.pl\/index.php\/wp-json\/wp\/v2\/comments?post=18844"}],"version-history":[{"count":5,"href":"https:\/\/czeczotkabar.pl\/index.php\/wp-json\/wp\/v2\/pages\/18844\/revisions"}],"predecessor-version":[{"id":18870,"href":"https:\/\/czeczotkabar.pl\/index.php\/wp-json\/wp\/v2\/pages\/18844\/revisions\/18870"}],"wp:attachment":[{"href":"https:\/\/czeczotkabar.pl\/index.php\/wp-json\/wp\/v2\/media?parent=18844"}],"curies":[{"name":"wp","href":"https:\/\/api.w.org\/{rel}","templated":true}]}}